{"id":4988,"date":"2024-02-26T14:58:23","date_gmt":"2024-02-26T13:58:23","guid":{"rendered":"https:\/\/godisfabricabusiness.com\/?post_type=product&#038;p=4988"},"modified":"2026-01-10T18:02:56","modified_gmt":"2026-01-10T17:02:56","slug":"american-pastilles","status":"publish","type":"product","link":"https:\/\/godisfabricabusiness.com\/es\/producto\/american-pastilles\/","title":{"rendered":"Pastillas Americanas"},"content":{"rendered":"<p data-start=\"124\" data-end=\"197\">Pastillas Americanas \u2013 Un toque retro con coraz\u00f3n de chocolate<\/p>\n<p data-start=\"199\" data-end=\"633\">Haz un delicioso viaje al pasado con las Pastillas Americanas de Fazer, ese cl\u00e1sico irresistible que ha conquistado corazones durante generaciones. Cada pieza de color pastel es un peque\u00f1o mordisco de nostalgia: una capa crujiente por fuera que envuelve un interior suave y cremoso de chocolate con leche, elaborado con cacao 100\u202f% de origen responsable. Crujientes por fuera, fundentes por dentro, y peligrosamente f\u00e1ciles de comer a pu\u00f1ados. Ya sea para picar a solas, compartir con amigos o dar un toque especial a tus recetas de reposter\u00eda, estas joyas dulces de siempre nunca pasan de moda.<\/p>","protected":false},"excerpt":{"rendered":"<p>8 unidades - 26g<\/p>","protected":false},"featured_media":17959,"comment_status":"open","ping_status":"closed","template":"","meta":[],"product_brand":[],"product_cat":[225,243],"product_tag":[490,465,230,1224,229,1000,469,460,468,491,464,492],"flavor":[412],"allergens":[426],"class_list":{"0":"post-4988","1":"product","2":"type-product","3":"status-publish","4":"has-post-thumbnail","6":"product_cat-bulk-candy-godis-fabrica","7":"product_cat-chocolates-godis-fabrica","8":"product_tag-american","9":"product_tag-bulk-candy","10":"product_tag-chocolate","11":"product_tag-chuches-relleno-chocolate","12":"product_tag-fazer","13":"product_tag-fazer-chocolate","14":"product_tag-finnish-chocolate","15":"product_tag-mint","16":"product_tag-original","17":"product_tag-pastil","18":"product_tag-pickmix","19":"product_tag-rounded","20":"flavor-chocolate","21":"allergens-gelatin-free","23":"first","24":"outofstock","25":"taxable","26":"shipping-taxable","27":"purchasable","28":"product-type-simple"},"_links":{"self":[{"href":"https:\/\/godisfabricabusiness.com\/es\/wp-json\/wp\/v2\/product\/4988","targetHints":{"allow":["GET"]}}],"collection":[{"href":"https:\/\/godisfabricabusiness.com\/es\/wp-json\/wp\/v2\/product"}],"about":[{"href":"https:\/\/godisfabricabusiness.com\/es\/wp-json\/wp\/v2\/types\/product"}],"replies":[{"embeddable":true,"href":"https:\/\/godisfabricabusiness.com\/es\/wp-json\/wp\/v2\/comments?post=4988"}],"wp:featuredmedia":[{"embeddable":true,"href":"https:\/\/godisfabricabusiness.com\/es\/wp-json\/wp\/v2\/media\/17959"}],"wp:attachment":[{"href":"https:\/\/godisfabricabusiness.com\/es\/wp-json\/wp\/v2\/media?parent=4988"}],"wp:term":[{"taxonomy":"product_brand","embeddable":true,"href":"https:\/\/godisfabricabusiness.com\/es\/wp-json\/wp\/v2\/product_brand?post=4988"},{"taxonomy":"product_cat","embeddable":true,"href":"https:\/\/godisfabricabusiness.com\/es\/wp-json\/wp\/v2\/product_cat?post=4988"},{"taxonomy":"product_tag","embeddable":true,"href":"https:\/\/godisfabricabusiness.com\/es\/wp-json\/wp\/v2\/product_tag?post=4988"},{"taxonomy":"flavor","embeddable":true,"href":"https:\/\/godisfabricabusiness.com\/es\/wp-json\/wp\/v2\/flavor?post=4988"},{"taxonomy":"allergens","embeddable":true,"href":"https:\/\/godisfabricabusiness.com\/es\/wp-json\/wp\/v2\/allergens?post=4988"}],"curies":[{"name":"wp","href":"https:\/\/api.w.org\/{rel}","templated":true}]}}