{"id":4992,"date":"2024-02-26T15:26:34","date_gmt":"2024-02-26T14:26:34","guid":{"rendered":"https:\/\/godisfabricabusiness.com\/?post_type=product&#038;p=4992"},"modified":"2026-01-10T18:02:56","modified_gmt":"2026-01-10T17:02:56","slug":"dumle-original","status":"publish","type":"product","link":"https:\/\/godisfabricabusiness.com\/es\/producto\/dumle-original\/","title":{"rendered":"Dumle Original"},"content":{"rendered":"<p data-start=\"142\" data-end=\"200\">Dumle Original: \u00a1El caramelo que se niega a comportarse como un adulto!<\/p>\n<p data-start=\"202\" data-end=\"500\">Conoce a Dumle \u2014 el Peter Pan azucarado del mundo de los caramelos. Esta delicia masticable que provoca sonrisas nace cuando el suave y pegajoso toffee se acurruca con el cremoso chocolate Fazer en una uni\u00f3n celestial para los amantes del dulce. \u00bfEl resultado? Un cl\u00e1sico deliciosamente travieso envuelto en ese ic\u00f3nico envoltorio rojo brillante.<\/p>\n<p data-start=\"502\" data-end=\"673\">Cada bocado es como un recuerdo de la infancia envuelto en chocolate y ba\u00f1ado en un \u201c\u00bfpor qu\u00e9 no?\u201d. Es dulce. Es divertido. Es la excusa perfecta para dejar de ser adulto por un momento. Date un capricho con uno, dos\u2026 o mejor olvida cu\u00e1ntos te has comido. Y no te preocupes \u2014 como todos los productos de chocolate Fazer, est\u00e1 hecho con cacao 100% de origen responsable, as\u00ed que tus antojos vienen acompa\u00f1ados de una pizca de buen karma.<\/p>","protected":false},"excerpt":{"rendered":"<p>3 units \u2013 25g<\/p>","protected":false},"featured_media":6232,"comment_status":"open","ping_status":"closed","template":"","meta":[],"product_brand":[],"product_cat":[225,243],"product_tag":[465,230,500,501,229,467,469,468,464,226],"flavor":[416,412,419,422],"allergens":[426],"class_list":{"0":"post-4992","1":"product","2":"type-product","3":"status-publish","4":"has-post-thumbnail","6":"product_cat-bulk-candy-godis-fabrica","7":"product_cat-chocolates-godis-fabrica","8":"product_tag-bulk-candy","9":"product_tag-chocolate","10":"product_tag-dumle","11":"product_tag-dumle-original","12":"product_tag-fazer","13":"product_tag-fazer-blue","14":"product_tag-finnish-chocolate","15":"product_tag-original","16":"product_tag-pickmix","17":"product_tag-toffee","18":"flavor-caramel-toffee","19":"flavor-chocolate","20":"flavor-palm-oil-free","21":"flavor-wrapped","22":"allergens-gelatin-free","24":"first","25":"outofstock","26":"taxable","27":"shipping-taxable","28":"purchasable","29":"product-type-simple"},"_links":{"self":[{"href":"https:\/\/godisfabricabusiness.com\/es\/wp-json\/wp\/v2\/product\/4992","targetHints":{"allow":["GET"]}}],"collection":[{"href":"https:\/\/godisfabricabusiness.com\/es\/wp-json\/wp\/v2\/product"}],"about":[{"href":"https:\/\/godisfabricabusiness.com\/es\/wp-json\/wp\/v2\/types\/product"}],"replies":[{"embeddable":true,"href":"https:\/\/godisfabricabusiness.com\/es\/wp-json\/wp\/v2\/comments?post=4992"}],"wp:featuredmedia":[{"embeddable":true,"href":"https:\/\/godisfabricabusiness.com\/es\/wp-json\/wp\/v2\/media\/6232"}],"wp:attachment":[{"href":"https:\/\/godisfabricabusiness.com\/es\/wp-json\/wp\/v2\/media?parent=4992"}],"wp:term":[{"taxonomy":"product_brand","embeddable":true,"href":"https:\/\/godisfabricabusiness.com\/es\/wp-json\/wp\/v2\/product_brand?post=4992"},{"taxonomy":"product_cat","embeddable":true,"href":"https:\/\/godisfabricabusiness.com\/es\/wp-json\/wp\/v2\/product_cat?post=4992"},{"taxonomy":"product_tag","embeddable":true,"href":"https:\/\/godisfabricabusiness.com\/es\/wp-json\/wp\/v2\/product_tag?post=4992"},{"taxonomy":"flavor","embeddable":true,"href":"https:\/\/godisfabricabusiness.com\/es\/wp-json\/wp\/v2\/flavor?post=4992"},{"taxonomy":"allergens","embeddable":true,"href":"https:\/\/godisfabricabusiness.com\/es\/wp-json\/wp\/v2\/allergens?post=4992"}],"curies":[{"name":"wp","href":"https:\/\/api.w.org\/{rel}","templated":true}]}}