{"id":4994,"date":"2024-02-26T15:49:51","date_gmt":"2024-02-26T14:49:51","guid":{"rendered":"https:\/\/godisfabricabusiness.com\/?post_type=product&#038;p=4994"},"modified":"2026-01-10T18:02:55","modified_gmt":"2026-01-10T17:02:55","slug":"sour-soothers","status":"publish","type":"product","link":"https:\/\/godisfabricabusiness.com\/es\/producto\/sour-soothers\/","title":{"rendered":"Chupetes \u00c1cidos"},"content":{"rendered":"<p>Chupetes \u00c1cidos de Haribo \u2013 \u00a1Prep\u00e1rate para hacer una mueca! Estos Chupetes \u00c1cidos toman los cl\u00e1sicos y queridos chupetes masticables y le dan un giro de diversi\u00f3n \u00e1cida. Llenos de sabores afrutados y cubiertos con un az\u00facar \u00e1cido irresistible, estos peque\u00f1os aros de alegr\u00eda son la mezcla perfecta de dulce y \u00e1cido.<\/p>\n<p>Har\u00e1n que tus papilas gustativas bailen, que tus labios cosquilleen, \u00a1y tal vez incluso provoquen algunos momentos de \"cara \u00e1cida\"! Ya sea que te guste comerlos despacio o devorarlos a pu\u00f1ados, estos deliciosos caramelos est\u00e1n aqu\u00ed para darle un toque \u00fanico a tu momento de snacks.<\/p>\n<p>\u00a1Advertencia! Puede causar antojos incontrolables y una necesidad repentina de compartir\u2026 \u00a1o no!<\/p>","protected":false},"excerpt":{"rendered":"<p>5 unidades - 25g<\/p>","protected":false},"featured_media":15441,"comment_status":"open","ping_status":"closed","template":"","meta":[],"product_brand":[],"product_cat":[225],"product_tag":[1128,731,1129,509,508,507,506,504,505,435,585,510],"flavor":[411,415],"allergens":[],"class_list":{"0":"post-4994","1":"product","2":"type-product","3":"status-publish","4":"has-post-thumbnail","6":"product_cat-bulk-candy-godis-fabrica","7":"product_tag-acida","8":"product_tag-acido","9":"product_tag-chupetes","10":"product_tag-colourful","11":"product_tag-fruit","12":"product_tag-fruity","13":"product_tag-haribo","14":"product_tag-soother","15":"product_tag-soothers","16":"product_tag-sour","17":"product_tag-sour-candy","18":"product_tag-tutti","19":"flavor-fruity","20":"flavor-sour","22":"first","23":"outofstock","24":"taxable","25":"shipping-taxable","26":"purchasable","27":"product-type-simple"},"_links":{"self":[{"href":"https:\/\/godisfabricabusiness.com\/es\/wp-json\/wp\/v2\/product\/4994","targetHints":{"allow":["GET"]}}],"collection":[{"href":"https:\/\/godisfabricabusiness.com\/es\/wp-json\/wp\/v2\/product"}],"about":[{"href":"https:\/\/godisfabricabusiness.com\/es\/wp-json\/wp\/v2\/types\/product"}],"replies":[{"embeddable":true,"href":"https:\/\/godisfabricabusiness.com\/es\/wp-json\/wp\/v2\/comments?post=4994"}],"wp:featuredmedia":[{"embeddable":true,"href":"https:\/\/godisfabricabusiness.com\/es\/wp-json\/wp\/v2\/media\/15441"}],"wp:attachment":[{"href":"https:\/\/godisfabricabusiness.com\/es\/wp-json\/wp\/v2\/media?parent=4994"}],"wp:term":[{"taxonomy":"product_brand","embeddable":true,"href":"https:\/\/godisfabricabusiness.com\/es\/wp-json\/wp\/v2\/product_brand?post=4994"},{"taxonomy":"product_cat","embeddable":true,"href":"https:\/\/godisfabricabusiness.com\/es\/wp-json\/wp\/v2\/product_cat?post=4994"},{"taxonomy":"product_tag","embeddable":true,"href":"https:\/\/godisfabricabusiness.com\/es\/wp-json\/wp\/v2\/product_tag?post=4994"},{"taxonomy":"flavor","embeddable":true,"href":"https:\/\/godisfabricabusiness.com\/es\/wp-json\/wp\/v2\/flavor?post=4994"},{"taxonomy":"allergens","embeddable":true,"href":"https:\/\/godisfabricabusiness.com\/es\/wp-json\/wp\/v2\/allergens?post=4994"}],"curies":[{"name":"wp","href":"https:\/\/api.w.org\/{rel}","templated":true}]}}