{"id":5034,"date":"2024-02-26T18:35:40","date_gmt":"2024-02-26T17:35:40","guid":{"rendered":"https:\/\/godisfabricabusiness.com\/?post_type=product&#038;p=5034"},"modified":"2026-01-10T18:02:55","modified_gmt":"2026-01-10T17:02:55","slug":"tutti-frutti-rings-godis-fabrica","status":"publish","type":"product","link":"https:\/\/godisfabricabusiness.com\/es\/producto\/tutti-frutti-rings-godis-fabrica\/","title":{"rendered":"Aros de Tutti Frutti"},"content":{"rendered":"<p>Aros de Tutti Frutti contienen 2 deliciosos sabores: kiwi-mel\u00f3n ex\u00f3tico y deliciosa manzana- fresa. Los anillos suaves y planos hacen bailar las papilas gustativas. Tutti Frutti est\u00e1 hecho con colorantes naturales, no contiene gelatina y obtiene su sabor fresco de aromas naturales.<\/p>","protected":false},"excerpt":{"rendered":"<p>5 unidades - 25g<\/p>","protected":false},"featured_media":6554,"comment_status":"open","ping_status":"closed","template":"","meta":[],"product_brand":[],"product_cat":[225,290],"product_tag":[521,229,507,519,520,435,522,291,445,455],"flavor":[411,415],"allergens":[426,427,425],"class_list":{"0":"post-5034","1":"product","2":"type-product","3":"status-publish","4":"has-post-thumbnail","6":"product_cat-bulk-candy-godis-fabrica","7":"product_cat-vegan-products-godis-fabrica","8":"product_tag-apple","9":"product_tag-fazer","10":"product_tag-fruity","11":"product_tag-kiwi","12":"product_tag-melon","13":"product_tag-sour","14":"product_tag-strawberry","15":"product_tag-vegan","16":"product_tag-vegan-candy","17":"product_tag-vegetarian","18":"flavor-fruity","19":"flavor-sour","20":"allergens-gelatin-free","21":"allergens-lactose-free","22":"allergens-vegan","24":"first","25":"outofstock","26":"taxable","27":"shipping-taxable","28":"purchasable","29":"product-type-simple"},"_links":{"self":[{"href":"https:\/\/godisfabricabusiness.com\/es\/wp-json\/wp\/v2\/product\/5034","targetHints":{"allow":["GET"]}}],"collection":[{"href":"https:\/\/godisfabricabusiness.com\/es\/wp-json\/wp\/v2\/product"}],"about":[{"href":"https:\/\/godisfabricabusiness.com\/es\/wp-json\/wp\/v2\/types\/product"}],"replies":[{"embeddable":true,"href":"https:\/\/godisfabricabusiness.com\/es\/wp-json\/wp\/v2\/comments?post=5034"}],"wp:featuredmedia":[{"embeddable":true,"href":"https:\/\/godisfabricabusiness.com\/es\/wp-json\/wp\/v2\/media\/6554"}],"wp:attachment":[{"href":"https:\/\/godisfabricabusiness.com\/es\/wp-json\/wp\/v2\/media?parent=5034"}],"wp:term":[{"taxonomy":"product_brand","embeddable":true,"href":"https:\/\/godisfabricabusiness.com\/es\/wp-json\/wp\/v2\/product_brand?post=5034"},{"taxonomy":"product_cat","embeddable":true,"href":"https:\/\/godisfabricabusiness.com\/es\/wp-json\/wp\/v2\/product_cat?post=5034"},{"taxonomy":"product_tag","embeddable":true,"href":"https:\/\/godisfabricabusiness.com\/es\/wp-json\/wp\/v2\/product_tag?post=5034"},{"taxonomy":"flavor","embeddable":true,"href":"https:\/\/godisfabricabusiness.com\/es\/wp-json\/wp\/v2\/flavor?post=5034"},{"taxonomy":"allergens","embeddable":true,"href":"https:\/\/godisfabricabusiness.com\/es\/wp-json\/wp\/v2\/allergens?post=5034"}],"curies":[{"name":"wp","href":"https:\/\/api.w.org\/{rel}","templated":true}]}}