{"id":5124,"date":"2024-03-05T14:52:55","date_gmt":"2024-03-05T13:52:55","guid":{"rendered":"https:\/\/godisfabricabusiness.com\/?post_type=product&#038;p=5124"},"modified":"2026-01-10T18:02:55","modified_gmt":"2026-01-10T17:02:55","slug":"sour-fruit-octopuses","status":"publish","type":"product","link":"https:\/\/godisfabricabusiness.com\/es\/producto\/sour-fruit-octopuses\/","title":{"rendered":"Pulpos \u00c1cidos de Fruta"},"content":{"rendered":"<p>Pulpos \u00c1cidos de Fruta \u2013 \u00a1Qu\u00e9 combinaci\u00f3n m\u00e1s incre\u00edble! Fruta, \u00e1cido y espuma, todo en un solo chuche. Como dice Bubs: \u00a1No te pondr\u00e1s \u00e1cido comi\u00e9ndolos, solo un poco de mal humor cuando se acaben! Mejor aseg\u00farate de tener siempre una bolsa a mano. Este dulce es vegano, libre de gelatina y otros aditivos animales. \u00a1No te los pierdas!<\/p>","protected":false},"excerpt":{"rendered":"<p>4 unidades - 28g<\/p>","protected":false},"featured_media":15749,"comment_status":"open","ping_status":"closed","template":"","meta":[],"product_brand":[],"product_cat":[225,290],"product_tag":[434,537,508,507,531,535,536,291,445],"flavor":[410,411,415],"allergens":[426,427,425],"class_list":{"0":"post-5124","1":"product","2":"type-product","3":"status-publish","4":"has-post-thumbnail","6":"product_cat-bulk-candy-godis-fabrica","7":"product_cat-vegan-products-godis-fabrica","8":"product_tag-bubs","9":"product_tag-chuches-veganas","10":"product_tag-fruit","11":"product_tag-fruity","12":"product_tag-funny","13":"product_tag-octopus","14":"product_tag-pulpo","15":"product_tag-vegan","16":"product_tag-vegan-candy","17":"flavor-foam","18":"flavor-fruity","19":"flavor-sour","20":"allergens-gelatin-free","21":"allergens-lactose-free","22":"allergens-vegan","24":"first","25":"outofstock","26":"taxable","27":"shipping-taxable","28":"purchasable","29":"product-type-simple"},"_links":{"self":[{"href":"https:\/\/godisfabricabusiness.com\/es\/wp-json\/wp\/v2\/product\/5124","targetHints":{"allow":["GET"]}}],"collection":[{"href":"https:\/\/godisfabricabusiness.com\/es\/wp-json\/wp\/v2\/product"}],"about":[{"href":"https:\/\/godisfabricabusiness.com\/es\/wp-json\/wp\/v2\/types\/product"}],"replies":[{"embeddable":true,"href":"https:\/\/godisfabricabusiness.com\/es\/wp-json\/wp\/v2\/comments?post=5124"}],"wp:featuredmedia":[{"embeddable":true,"href":"https:\/\/godisfabricabusiness.com\/es\/wp-json\/wp\/v2\/media\/15749"}],"wp:attachment":[{"href":"https:\/\/godisfabricabusiness.com\/es\/wp-json\/wp\/v2\/media?parent=5124"}],"wp:term":[{"taxonomy":"product_brand","embeddable":true,"href":"https:\/\/godisfabricabusiness.com\/es\/wp-json\/wp\/v2\/product_brand?post=5124"},{"taxonomy":"product_cat","embeddable":true,"href":"https:\/\/godisfabricabusiness.com\/es\/wp-json\/wp\/v2\/product_cat?post=5124"},{"taxonomy":"product_tag","embeddable":true,"href":"https:\/\/godisfabricabusiness.com\/es\/wp-json\/wp\/v2\/product_tag?post=5124"},{"taxonomy":"flavor","embeddable":true,"href":"https:\/\/godisfabricabusiness.com\/es\/wp-json\/wp\/v2\/flavor?post=5124"},{"taxonomy":"allergens","embeddable":true,"href":"https:\/\/godisfabricabusiness.com\/es\/wp-json\/wp\/v2\/allergens?post=5124"}],"curies":[{"name":"wp","href":"https:\/\/api.w.org\/{rel}","templated":true}]}}