{"id":5129,"date":"2024-03-06T11:00:19","date_gmt":"2024-03-06T10:00:19","guid":{"rendered":"https:\/\/godisfabricabusiness.com\/?post_type=product&#038;p=5129"},"modified":"2026-01-10T18:02:55","modified_gmt":"2026-01-10T17:02:55","slug":"peaches-soft-candy-godis-fabrica","status":"publish","type":"product","link":"https:\/\/godisfabricabusiness.com\/es\/producto\/peaches-soft-candy-godis-fabrica\/","title":{"rendered":"Melocotones"},"content":{"rendered":"<p>Experimenta el delicioso sabor de la dulzura con Melocotones de Haribo. Estos suaves dulces gomosos y coloridos est\u00e1n llenos del sabor irresistible de melocot\u00f3n jugoso. Cada bocado es una combinaci\u00f3n deliciosa de textura aterciopelada y dulzura que hace agua la boca.<\/p>\n<p>Ya sea que est\u00e9s buscando un snack r\u00e1pido o quieras satisfacer tus antojos frutales, estos sin duda son la opci\u00f3n perfecta. Date un capricho con estos irresistibles dulces y experimenta el m\u00e1ximo placer melocot\u00f3n.<\/p>","protected":false},"excerpt":{"rendered":"<p>4 unidades - 28g<\/p>","protected":false},"featured_media":7154,"comment_status":"open","ping_status":"closed","template":"","meta":[],"product_brand":[],"product_cat":[225],"product_tag":[508,540,507,541,532,539],"flavor":[411],"allergens":[],"class_list":{"0":"post-5129","1":"product","2":"type-product","3":"status-publish","4":"has-post-thumbnail","6":"product_cat-bulk-candy-godis-fabrica","7":"product_tag-fruit","8":"product_tag-fruit-candy","9":"product_tag-fruity","10":"product_tag-meloncoton","11":"product_tag-peach","12":"product_tag-peachy","13":"flavor-fruity","15":"first","16":"outofstock","17":"taxable","18":"shipping-taxable","19":"purchasable","20":"product-type-simple"},"_links":{"self":[{"href":"https:\/\/godisfabricabusiness.com\/es\/wp-json\/wp\/v2\/product\/5129","targetHints":{"allow":["GET"]}}],"collection":[{"href":"https:\/\/godisfabricabusiness.com\/es\/wp-json\/wp\/v2\/product"}],"about":[{"href":"https:\/\/godisfabricabusiness.com\/es\/wp-json\/wp\/v2\/types\/product"}],"replies":[{"embeddable":true,"href":"https:\/\/godisfabricabusiness.com\/es\/wp-json\/wp\/v2\/comments?post=5129"}],"wp:featuredmedia":[{"embeddable":true,"href":"https:\/\/godisfabricabusiness.com\/es\/wp-json\/wp\/v2\/media\/7154"}],"wp:attachment":[{"href":"https:\/\/godisfabricabusiness.com\/es\/wp-json\/wp\/v2\/media?parent=5129"}],"wp:term":[{"taxonomy":"product_brand","embeddable":true,"href":"https:\/\/godisfabricabusiness.com\/es\/wp-json\/wp\/v2\/product_brand?post=5129"},{"taxonomy":"product_cat","embeddable":true,"href":"https:\/\/godisfabricabusiness.com\/es\/wp-json\/wp\/v2\/product_cat?post=5129"},{"taxonomy":"product_tag","embeddable":true,"href":"https:\/\/godisfabricabusiness.com\/es\/wp-json\/wp\/v2\/product_tag?post=5129"},{"taxonomy":"flavor","embeddable":true,"href":"https:\/\/godisfabricabusiness.com\/es\/wp-json\/wp\/v2\/flavor?post=5129"},{"taxonomy":"allergens","embeddable":true,"href":"https:\/\/godisfabricabusiness.com\/es\/wp-json\/wp\/v2\/allergens?post=5129"}],"curies":[{"name":"wp","href":"https:\/\/api.w.org\/{rel}","templated":true}]}}