{"id":5135,"date":"2024-03-06T17:48:40","date_gmt":"2024-03-06T16:48:40","guid":{"rendered":"https:\/\/godisfabricabusiness.com\/?post_type=product&#038;p=5135"},"modified":"2026-01-10T18:02:55","modified_gmt":"2026-01-10T17:02:55","slug":"tutti-frutti-passion-godis-fabrica","status":"publish","type":"product","link":"https:\/\/godisfabricabusiness.com\/es\/producto\/tutti-frutti-passion-godis-fabrica\/","title":{"rendered":"Tutti Frutti Pasi\u00f3n"},"content":{"rendered":"<p>\u00a1Tutti Frutti trae la diversi\u00f3n! Tutti Frutti Passion es una emocionante mezcla de sabores tropicales que deleitar\u00e1n tus papilas gustativas. Adem\u00e1s, son libres de gelatina y aptos para veganos. Los caramelos Tutti Frutti obtienen su fresco sabor de jugos naturales, frutas y vegetales. \u00a1Disfr\u00fatalos t\u00fa mismo o lleva un poco de diversi\u00f3n al d\u00eda de un amigo!<\/p>","protected":false},"excerpt":{"rendered":"<p>6 unidades \u2013 22g<\/p>","protected":false},"featured_media":6555,"comment_status":"open","ping_status":"closed","template":"","meta":[],"product_brand":[],"product_cat":[225,290],"product_tag":[229,540,507,542,446,543,291,445],"flavor":[411],"allergens":[426,427,425],"class_list":{"0":"post-5135","1":"product","2":"type-product","3":"status-publish","4":"has-post-thumbnail","6":"product_cat-bulk-candy-godis-fabrica","7":"product_cat-vegan-products-godis-fabrica","8":"product_tag-fazer","9":"product_tag-fruit-candy","10":"product_tag-fruity","11":"product_tag-passion","12":"product_tag-raspberry","13":"product_tag-tutti-frutti","14":"product_tag-vegan","15":"product_tag-vegan-candy","16":"flavor-fruity","17":"allergens-gelatin-free","18":"allergens-lactose-free","19":"allergens-vegan","21":"first","22":"outofstock","23":"taxable","24":"shipping-taxable","25":"purchasable","26":"product-type-simple"},"_links":{"self":[{"href":"https:\/\/godisfabricabusiness.com\/es\/wp-json\/wp\/v2\/product\/5135","targetHints":{"allow":["GET"]}}],"collection":[{"href":"https:\/\/godisfabricabusiness.com\/es\/wp-json\/wp\/v2\/product"}],"about":[{"href":"https:\/\/godisfabricabusiness.com\/es\/wp-json\/wp\/v2\/types\/product"}],"replies":[{"embeddable":true,"href":"https:\/\/godisfabricabusiness.com\/es\/wp-json\/wp\/v2\/comments?post=5135"}],"wp:featuredmedia":[{"embeddable":true,"href":"https:\/\/godisfabricabusiness.com\/es\/wp-json\/wp\/v2\/media\/6555"}],"wp:attachment":[{"href":"https:\/\/godisfabricabusiness.com\/es\/wp-json\/wp\/v2\/media?parent=5135"}],"wp:term":[{"taxonomy":"product_brand","embeddable":true,"href":"https:\/\/godisfabricabusiness.com\/es\/wp-json\/wp\/v2\/product_brand?post=5135"},{"taxonomy":"product_cat","embeddable":true,"href":"https:\/\/godisfabricabusiness.com\/es\/wp-json\/wp\/v2\/product_cat?post=5135"},{"taxonomy":"product_tag","embeddable":true,"href":"https:\/\/godisfabricabusiness.com\/es\/wp-json\/wp\/v2\/product_tag?post=5135"},{"taxonomy":"flavor","embeddable":true,"href":"https:\/\/godisfabricabusiness.com\/es\/wp-json\/wp\/v2\/flavor?post=5135"},{"taxonomy":"allergens","embeddable":true,"href":"https:\/\/godisfabricabusiness.com\/es\/wp-json\/wp\/v2\/allergens?post=5135"}],"curies":[{"name":"wp","href":"https:\/\/api.w.org\/{rel}","templated":true}]}}