{"id":5146,"date":"2024-03-06T19:03:56","date_gmt":"2024-03-06T18:03:56","guid":{"rendered":"https:\/\/godisfabricabusiness.com\/?post_type=product&#038;p=5146"},"modified":"2026-01-10T18:02:55","modified_gmt":"2026-01-10T17:02:55","slug":"bubs-big-cola-skull","status":"publish","type":"product","link":"https:\/\/godisfabricabusiness.com\/es\/producto\/bubs-big-cola-skull\/","title":{"rendered":"Bubs Calavera Cola Grande"},"content":{"rendered":"<p data-start=\"162\" data-end=\"218\">Bubs Calavera Cola Grande \u2013 \u00a1El refresco que puedes masticar!<\/p>\n<p data-start=\"220\" data-end=\"278\">\u00bfAlguna vez has querido masticar tu refresco de cola? \u00a1Deseo concedido! Conoce las Bubs Calavera Cola Grande, el m\u00edtico sabor a refresco burbujeante transformado en una golosina masticable y \u00e1cidamente deliciosa. Sabe igual que uno de los refrescos m\u00e1s ic\u00f3nicos del mundo, pero con un toque extra \u00e1cido que har\u00e1 que tus papilas gustativas se vuelvan locas.<\/p>\n<p data-start=\"533\" data-end=\"745\">Frescas, \u00e1cidas y totalmente adictivas, estas gominolas veganas sin gelatina demuestran que no hacen falta burbujas para sentir la chispa. Cada bocado combina a la perfecci\u00f3n la dulzura de la cola con ese toque \u00e1cido que te har\u00e1 salivar. Sin gelatina, sin ingredientes de origen animal \u2014 solo pura magia de golosina inspirada en el refresco. A\u00f1ade unas cuantas a tu carrito y prep\u00e1rate para tu nuevo flechazo con la cola.<\/p>","protected":false},"excerpt":{"rendered":"<p>2 unidades - 32g<\/p>","protected":false},"featured_media":15748,"comment_status":"open","ping_status":"closed","template":"","meta":[],"product_brand":[],"product_cat":[225,290],"product_tag":[1128,434,1368,1110,537,817,547,1087,509,531,1609,545,1566,1257,435,1074,291,445,1504,607],"flavor":[418,415],"allergens":[426,427,425],"class_list":{"0":"post-5146","1":"product","2":"type-product","3":"status-publish","4":"has-post-thumbnail","6":"product_cat-bulk-candy-godis-fabrica","7":"product_cat-vegan-products-godis-fabrica","8":"product_tag-acida","9":"product_tag-bubs","10":"product_tag-bubs-godis","11":"product_tag-chuches-acidas","12":"product_tag-chuches-veganas","13":"product_tag-coca-cola","14":"product_tag-cola","15":"product_tag-cola-taste","16":"product_tag-colourful","17":"product_tag-funny","18":"product_tag-kasvis","19":"product_tag-magical","20":"product_tag-plant-based","21":"product_tag-sabor-a-cola","22":"product_tag-sour","23":"product_tag-sura","24":"product_tag-vegan","25":"product_tag-vegan-candy","26":"product_tag-vegana","27":"product_tag-vegano","28":"flavor-cola","29":"flavor-sour","30":"allergens-gelatin-free","31":"allergens-lactose-free","32":"allergens-vegan","34":"first","35":"outofstock","36":"taxable","37":"shipping-taxable","38":"purchasable","39":"product-type-simple"},"_links":{"self":[{"href":"https:\/\/godisfabricabusiness.com\/es\/wp-json\/wp\/v2\/product\/5146","targetHints":{"allow":["GET"]}}],"collection":[{"href":"https:\/\/godisfabricabusiness.com\/es\/wp-json\/wp\/v2\/product"}],"about":[{"href":"https:\/\/godisfabricabusiness.com\/es\/wp-json\/wp\/v2\/types\/product"}],"replies":[{"embeddable":true,"href":"https:\/\/godisfabricabusiness.com\/es\/wp-json\/wp\/v2\/comments?post=5146"}],"wp:featuredmedia":[{"embeddable":true,"href":"https:\/\/godisfabricabusiness.com\/es\/wp-json\/wp\/v2\/media\/15748"}],"wp:attachment":[{"href":"https:\/\/godisfabricabusiness.com\/es\/wp-json\/wp\/v2\/media?parent=5146"}],"wp:term":[{"taxonomy":"product_brand","embeddable":true,"href":"https:\/\/godisfabricabusiness.com\/es\/wp-json\/wp\/v2\/product_brand?post=5146"},{"taxonomy":"product_cat","embeddable":true,"href":"https:\/\/godisfabricabusiness.com\/es\/wp-json\/wp\/v2\/product_cat?post=5146"},{"taxonomy":"product_tag","embeddable":true,"href":"https:\/\/godisfabricabusiness.com\/es\/wp-json\/wp\/v2\/product_tag?post=5146"},{"taxonomy":"flavor","embeddable":true,"href":"https:\/\/godisfabricabusiness.com\/es\/wp-json\/wp\/v2\/flavor?post=5146"},{"taxonomy":"allergens","embeddable":true,"href":"https:\/\/godisfabricabusiness.com\/es\/wp-json\/wp\/v2\/allergens?post=5146"}],"curies":[{"name":"wp","href":"https:\/\/api.w.org\/{rel}","templated":true}]}}