{"id":5150,"date":"2024-03-07T18:22:26","date_gmt":"2024-03-07T17:22:26","guid":{"rendered":"https:\/\/godisfabricabusiness.com\/?post_type=product&#038;p=5150"},"modified":"2026-01-10T18:02:55","modified_gmt":"2026-01-10T17:02:55","slug":"center-chocolate-pickandmix-godis-fabrica","status":"publish","type":"product","link":"https:\/\/godisfabricabusiness.com\/es\/producto\/center-chocolate-pickandmix-godis-fabrica\/","title":{"rendered":"Center Chocolate"},"content":{"rendered":"<p>\u00a1Este es un chocolate favorito de Suecia con un relleno dulce y cremoso toffee! Cl\u00e1sico Center se introdujeron ya en 1941 y hoy son m\u00e1s populares que nunca. Center es el claro favorito y se consumen cientos de millones de piezas cada a\u00f1o en Suecia. Center se vende principalmente en Suecia, Noruega, Dinamarca y Finlandia.<\/p>","protected":false},"excerpt":{"rendered":"<p>5 unidades \u2013 31g<\/p>","protected":false},"featured_media":6552,"comment_status":"open","ping_status":"closed","template":"","meta":[],"product_brand":[],"product_cat":[225,243],"product_tag":[227,549,550,230,551,499,552,226],"flavor":[416,412],"allergens":[],"class_list":{"0":"post-5150","1":"product","2":"type-product","3":"status-publish","4":"has-post-thumbnail","6":"product_cat-bulk-candy-godis-fabrica","7":"product_cat-chocolates-godis-fabrica","8":"product_tag-caramel","9":"product_tag-center","10":"product_tag-center-chocolate","11":"product_tag-chocolate","12":"product_tag-cloetta","13":"product_tag-milk-chocolate","14":"product_tag-swedish-candy","15":"product_tag-toffee","16":"flavor-caramel-toffee","17":"flavor-chocolate","19":"first","20":"outofstock","21":"taxable","22":"shipping-taxable","23":"purchasable","24":"product-type-simple"},"_links":{"self":[{"href":"https:\/\/godisfabricabusiness.com\/es\/wp-json\/wp\/v2\/product\/5150","targetHints":{"allow":["GET"]}}],"collection":[{"href":"https:\/\/godisfabricabusiness.com\/es\/wp-json\/wp\/v2\/product"}],"about":[{"href":"https:\/\/godisfabricabusiness.com\/es\/wp-json\/wp\/v2\/types\/product"}],"replies":[{"embeddable":true,"href":"https:\/\/godisfabricabusiness.com\/es\/wp-json\/wp\/v2\/comments?post=5150"}],"wp:featuredmedia":[{"embeddable":true,"href":"https:\/\/godisfabricabusiness.com\/es\/wp-json\/wp\/v2\/media\/6552"}],"wp:attachment":[{"href":"https:\/\/godisfabricabusiness.com\/es\/wp-json\/wp\/v2\/media?parent=5150"}],"wp:term":[{"taxonomy":"product_brand","embeddable":true,"href":"https:\/\/godisfabricabusiness.com\/es\/wp-json\/wp\/v2\/product_brand?post=5150"},{"taxonomy":"product_cat","embeddable":true,"href":"https:\/\/godisfabricabusiness.com\/es\/wp-json\/wp\/v2\/product_cat?post=5150"},{"taxonomy":"product_tag","embeddable":true,"href":"https:\/\/godisfabricabusiness.com\/es\/wp-json\/wp\/v2\/product_tag?post=5150"},{"taxonomy":"flavor","embeddable":true,"href":"https:\/\/godisfabricabusiness.com\/es\/wp-json\/wp\/v2\/flavor?post=5150"},{"taxonomy":"allergens","embeddable":true,"href":"https:\/\/godisfabricabusiness.com\/es\/wp-json\/wp\/v2\/allergens?post=5150"}],"curies":[{"name":"wp","href":"https:\/\/api.w.org\/{rel}","templated":true}]}}