{"id":5161,"date":"2024-03-07T20:15:58","date_gmt":"2024-03-07T19:15:58","guid":{"rendered":"https:\/\/godisfabricabusiness.com\/?post_type=product&#038;p=5161"},"modified":"2026-01-10T18:02:54","modified_gmt":"2026-01-10T17:02:54","slug":"fruit-fish","status":"publish","type":"product","link":"https:\/\/godisfabricabusiness.com\/es\/producto\/fruit-fish\/","title":{"rendered":"Peces de Fruta"},"content":{"rendered":"<p class=\"p2\">Peces de Fruta (Pastellfiskar) de Malaco es una golosina con sabor a frutas en forma de pez. Una dulce mezcla de sabores de pi\u00f1a, fresa y naranja. Todos odiamos ese momento en la pesca cuando hay que sacar el pez del anzuelo. \u00a1Con estos peces frutales, no tendr\u00e1s que pelear por qui\u00e9n lo hace! Y a\u00fan mejor, \u00a1ni un solo pez ha sufrido para que esta golosina llegue a tu boca!<\/p>\n<p class=\"p2\">Estos pececitos de frutas no contienen gelatina ni aceite de palma y est\u00e1n elaborados con aromas naturales. \u00a1A\u00f1ade un toque de diversi\u00f3n a tu d\u00eda con este colorido y dulce cl\u00e1sico!<\/p>","protected":false},"excerpt":{"rendered":"<p>3 unicades \u2013 22g<\/p>","protected":false},"featured_media":16351,"comment_status":"open","ping_status":"closed","template":"","meta":[],"product_brand":[],"product_cat":[225],"product_tag":[583,509,1008,1270,540,507,531,1219,1446,1093,1445,555,1054,440,545,1217,702,1212,1222,1342,435,554],"flavor":[411,417,419],"allergens":[426,428],"class_list":{"0":"post-5161","1":"product","2":"type-product","3":"status-publish","4":"has-post-thumbnail","6":"product_cat-bulk-candy-godis-fabrica","7":"product_tag-chewy","8":"product_tag-colourful","9":"product_tag-fish","10":"product_tag-fish-candy","11":"product_tag-fruit-candy","12":"product_tag-fruity","13":"product_tag-funny","14":"product_tag-gelatin-free-candy","15":"product_tag-gluteiiniton","16":"product_tag-gluten-free","17":"product_tag-gluten-free-candy","18":"product_tag-green","19":"product_tag-gummy","20":"product_tag-jelly","21":"product_tag-magical","22":"product_tag-masticable","23":"product_tag-new","24":"product_tag-pescado","25":"product_tag-sin-gelatina","26":"product_tag-sin-gluten","27":"product_tag-sour","28":"product_tag-yellow","29":"flavor-fruity","30":"flavor-jelly","31":"flavor-palm-oil-free","32":"allergens-gelatin-free","33":"allergens-gluten-free","35":"first","36":"outofstock","37":"taxable","38":"shipping-taxable","39":"purchasable","40":"product-type-simple"},"_links":{"self":[{"href":"https:\/\/godisfabricabusiness.com\/es\/wp-json\/wp\/v2\/product\/5161","targetHints":{"allow":["GET"]}}],"collection":[{"href":"https:\/\/godisfabricabusiness.com\/es\/wp-json\/wp\/v2\/product"}],"about":[{"href":"https:\/\/godisfabricabusiness.com\/es\/wp-json\/wp\/v2\/types\/product"}],"replies":[{"embeddable":true,"href":"https:\/\/godisfabricabusiness.com\/es\/wp-json\/wp\/v2\/comments?post=5161"}],"wp:featuredmedia":[{"embeddable":true,"href":"https:\/\/godisfabricabusiness.com\/es\/wp-json\/wp\/v2\/media\/16351"}],"wp:attachment":[{"href":"https:\/\/godisfabricabusiness.com\/es\/wp-json\/wp\/v2\/media?parent=5161"}],"wp:term":[{"taxonomy":"product_brand","embeddable":true,"href":"https:\/\/godisfabricabusiness.com\/es\/wp-json\/wp\/v2\/product_brand?post=5161"},{"taxonomy":"product_cat","embeddable":true,"href":"https:\/\/godisfabricabusiness.com\/es\/wp-json\/wp\/v2\/product_cat?post=5161"},{"taxonomy":"product_tag","embeddable":true,"href":"https:\/\/godisfabricabusiness.com\/es\/wp-json\/wp\/v2\/product_tag?post=5161"},{"taxonomy":"flavor","embeddable":true,"href":"https:\/\/godisfabricabusiness.com\/es\/wp-json\/wp\/v2\/flavor?post=5161"},{"taxonomy":"allergens","embeddable":true,"href":"https:\/\/godisfabricabusiness.com\/es\/wp-json\/wp\/v2\/allergens?post=5161"}],"curies":[{"name":"wp","href":"https:\/\/api.w.org\/{rel}","templated":true}]}}