{"id":5172,"date":"2024-03-08T20:30:25","date_gmt":"2024-03-08T19:30:25","guid":{"rendered":"https:\/\/godisfabricabusiness.com\/?post_type=product&#038;p=5172"},"modified":"2026-01-21T23:27:27","modified_gmt":"2026-01-21T22:27:27","slug":"fruity-brio-malaco-godis-fabrica","status":"publish","type":"product","link":"https:\/\/godisfabricabusiness.com\/es\/producto\/fruity-brio-malaco-godis-fabrica\/","title":{"rendered":"Brio de Frutas"},"content":{"rendered":"<p>El \"Fruity Brio\" de Malaco son trozos de caramelos toffee con sabores frescos de frutas. Un cl\u00e1sico que ha estado presente desde la d\u00e9cada de 1930 y sigue sabiendo igual de bien. Esta mezcla masticable de lim\u00f3n, manzana y fresa seguramente pondr\u00e1 a trabajar tu mand\u00edbula.<\/p>","protected":false},"excerpt":{"rendered":"<p>8 unidades - 20g<\/p>","protected":false},"featured_media":15746,"comment_status":"open","ping_status":"closed","template":"","meta":[],"product_brand":[],"product_cat":[225],"product_tag":[521,583,509,540,507,531,555,546,582,522,226,554],"flavor":[411],"allergens":[428],"class_list":{"0":"post-5172","1":"product","2":"type-product","3":"status-publish","4":"has-post-thumbnail","6":"product_cat-bulk-candy-godis-fabrica","7":"product_tag-apple","8":"product_tag-chewy","9":"product_tag-colourful","10":"product_tag-fruit-candy","11":"product_tag-fruity","12":"product_tag-funny","13":"product_tag-green","14":"product_tag-lemon","15":"product_tag-pink","16":"product_tag-strawberry","17":"product_tag-toffee","18":"product_tag-yellow","19":"flavor-fruity","20":"allergens-gluten-free","22":"first","23":"instock","24":"taxable","25":"shipping-taxable","26":"purchasable","27":"product-type-simple"},"_links":{"self":[{"href":"https:\/\/godisfabricabusiness.com\/es\/wp-json\/wp\/v2\/product\/5172","targetHints":{"allow":["GET"]}}],"collection":[{"href":"https:\/\/godisfabricabusiness.com\/es\/wp-json\/wp\/v2\/product"}],"about":[{"href":"https:\/\/godisfabricabusiness.com\/es\/wp-json\/wp\/v2\/types\/product"}],"replies":[{"embeddable":true,"href":"https:\/\/godisfabricabusiness.com\/es\/wp-json\/wp\/v2\/comments?post=5172"}],"wp:featuredmedia":[{"embeddable":true,"href":"https:\/\/godisfabricabusiness.com\/es\/wp-json\/wp\/v2\/media\/15746"}],"wp:attachment":[{"href":"https:\/\/godisfabricabusiness.com\/es\/wp-json\/wp\/v2\/media?parent=5172"}],"wp:term":[{"taxonomy":"product_brand","embeddable":true,"href":"https:\/\/godisfabricabusiness.com\/es\/wp-json\/wp\/v2\/product_brand?post=5172"},{"taxonomy":"product_cat","embeddable":true,"href":"https:\/\/godisfabricabusiness.com\/es\/wp-json\/wp\/v2\/product_cat?post=5172"},{"taxonomy":"product_tag","embeddable":true,"href":"https:\/\/godisfabricabusiness.com\/es\/wp-json\/wp\/v2\/product_tag?post=5172"},{"taxonomy":"flavor","embeddable":true,"href":"https:\/\/godisfabricabusiness.com\/es\/wp-json\/wp\/v2\/flavor?post=5172"},{"taxonomy":"allergens","embeddable":true,"href":"https:\/\/godisfabricabusiness.com\/es\/wp-json\/wp\/v2\/allergens?post=5172"}],"curies":[{"name":"wp","href":"https:\/\/api.w.org\/{rel}","templated":true}]}}