{"id":5173,"date":"2024-03-08T20:45:58","date_gmt":"2024-03-08T19:45:58","guid":{"rendered":"https:\/\/godisfabricabusiness.com\/?post_type=product&#038;p=5173"},"modified":"2026-01-10T18:02:54","modified_gmt":"2026-01-10T17:02:54","slug":"sour-raspberry-bottles","status":"publish","type":"product","link":"https:\/\/godisfabricabusiness.com\/es\/producto\/sour-raspberry-bottles\/","title":{"rendered":"Botellas de Frambuesa \u00c1cida"},"content":{"rendered":"<p data-start=\"0\" data-end=\"62\">Botellas de Frambuesa \u00c1cida \u2013 \u00a1Para quienes se atreven!<\/p>\n<p data-start=\"64\" data-end=\"389\">Prep\u00e1rate para retorcerte, entornar los ojos y, quiz\u00e1, replantearte tus decisiones vitales\u2026 pero de la mejor manera posible. Las Botellas de Frambuesa \u00c1cida son peque\u00f1as gamberras con sabor a frambuesa, cargadas con el m\u00e1ximo poder \u00e1cido que har\u00e1 que se te haga la boca agua. Con un solo mordisco, te transportan directamente al para\u00edso de lo \u00e1cido, donde solo sobreviven los m\u00e1s valientes.<\/p>\n<p data-start=\"391\" data-end=\"624\">Estas \u201cbotellitas\u201d pueden parecer inofensivas\u2026 pero no te f\u00edes. Son muy \u00e1cidas. Del estilo \u201cse me ha quedado la cara como una pasa\u201d. Perfectas para amantes de las chuches \u00e1cidas, buscadores de emociones fuertes y cualquiera que crea que puede vencer a sus propias papilas gustativas.<\/p>\n<p data-start=\"391\" data-end=\"624\">\u00bfTe atreves a probarlas? Adelante. Est\u00e1n esperando\u2026 y te retan doblemente. \u00a1M\u00e9telas en tu carrito y \u00fanete a los valientes!<\/p>","protected":false},"excerpt":{"rendered":"<p>5 unidades - 25g<\/p>","protected":false},"featured_media":7174,"comment_status":"open","ping_status":"closed","template":"","meta":[],"product_brand":[],"product_cat":[225],"product_tag":[1128,731,1810,1110,509,631,540,507,531,586,587,1811,1809,582,446,584,1813,435,585,447,568,1812],"flavor":[411,415],"allergens":[428],"class_list":{"0":"post-5173","1":"product","2":"type-product","3":"status-publish","4":"has-post-thumbnail","6":"product_cat-bulk-candy-godis-fabrica","7":"product_tag-acida","8":"product_tag-acido","9":"product_tag-amargo","10":"product_tag-chuches-acidas","11":"product_tag-colourful","12":"product_tag-frambuesa","13":"product_tag-fruit-candy","14":"product_tag-fruity","15":"product_tag-funny","16":"product_tag-hallonshot","17":"product_tag-kirpea","18":"product_tag-llaves-acidas","19":"product_tag-muy-acida","20":"product_tag-pink","21":"product_tag-raspberry","22":"product_tag-red","23":"product_tag-red-sour-candy","24":"product_tag-sour","25":"product_tag-sour-candy","26":"product_tag-super-sour","27":"product_tag-vadelma","28":"product_tag-very-sour","29":"flavor-fruity","30":"flavor-sour","31":"allergens-gluten-free","33":"first","34":"outofstock","35":"taxable","36":"shipping-taxable","37":"purchasable","38":"product-type-simple"},"_links":{"self":[{"href":"https:\/\/godisfabricabusiness.com\/es\/wp-json\/wp\/v2\/product\/5173","targetHints":{"allow":["GET"]}}],"collection":[{"href":"https:\/\/godisfabricabusiness.com\/es\/wp-json\/wp\/v2\/product"}],"about":[{"href":"https:\/\/godisfabricabusiness.com\/es\/wp-json\/wp\/v2\/types\/product"}],"replies":[{"embeddable":true,"href":"https:\/\/godisfabricabusiness.com\/es\/wp-json\/wp\/v2\/comments?post=5173"}],"wp:featuredmedia":[{"embeddable":true,"href":"https:\/\/godisfabricabusiness.com\/es\/wp-json\/wp\/v2\/media\/7174"}],"wp:attachment":[{"href":"https:\/\/godisfabricabusiness.com\/es\/wp-json\/wp\/v2\/media?parent=5173"}],"wp:term":[{"taxonomy":"product_brand","embeddable":true,"href":"https:\/\/godisfabricabusiness.com\/es\/wp-json\/wp\/v2\/product_brand?post=5173"},{"taxonomy":"product_cat","embeddable":true,"href":"https:\/\/godisfabricabusiness.com\/es\/wp-json\/wp\/v2\/product_cat?post=5173"},{"taxonomy":"product_tag","embeddable":true,"href":"https:\/\/godisfabricabusiness.com\/es\/wp-json\/wp\/v2\/product_tag?post=5173"},{"taxonomy":"flavor","embeddable":true,"href":"https:\/\/godisfabricabusiness.com\/es\/wp-json\/wp\/v2\/flavor?post=5173"},{"taxonomy":"allergens","embeddable":true,"href":"https:\/\/godisfabricabusiness.com\/es\/wp-json\/wp\/v2\/allergens?post=5173"}],"curies":[{"name":"wp","href":"https:\/\/api.w.org\/{rel}","templated":true}]}}