{"id":5187,"date":"2024-03-08T22:37:32","date_gmt":"2024-03-08T21:37:32","guid":{"rendered":"https:\/\/godisfabricabusiness.com\/?post_type=product&#038;p=5187"},"modified":"2026-01-10T18:00:18","modified_gmt":"2026-01-10T17:00:18","slug":"sour-watermelons-vegan-godis-fabrica","status":"publish","type":"product","link":"https:\/\/godisfabricabusiness.com\/es\/producto\/sour-watermelons-vegan-godis-fabrica\/","title":{"rendered":"Sand\u00edas \u00c1cidas"},"content":{"rendered":"<p>Sand\u00edas \u00c1cidas \u2013 \u00a1Una explosi\u00f3n jugosa de diversi\u00f3n \u00e1cida!<\/p>\n<p>Grandes, azucaradas y llenas de sabor a sand\u00eda, \u00a1estas sand\u00edas har\u00e1n que tus papilas gustativas bailen de alegr\u00eda con su mezcla dulce y \u00e1cida! Sin gelatina, sin tonter\u00edas, solo deliciosas, totalmente veganas y tentadoras golosinas.<\/p>\n<p>Advertencia: Puede causar un exceso de felicidad al comer y un impulso incontrolable de querer m\u00e1s. \u00a1No digas que no te lo advertimos!<\/p>","protected":false},"excerpt":{"rendered":"<p>3 unidades - 31g<\/p>","protected":false},"featured_media":6556,"comment_status":"open","ping_status":"closed","template":"","meta":[],"product_brand":[],"product_cat":[290,225],"product_tag":[509,540,507,587,520,602,435,585,604,291,445,603],"flavor":[411,415],"allergens":[426,425],"class_list":{"0":"post-5187","1":"product","2":"type-product","3":"status-publish","4":"has-post-thumbnail","6":"product_cat-vegan-products-godis-fabrica","7":"product_cat-bulk-candy-godis-fabrica","8":"product_tag-colourful","9":"product_tag-fruit-candy","10":"product_tag-fruity","11":"product_tag-kirpea","12":"product_tag-melon","13":"product_tag-skane-konfektyrer","14":"product_tag-sour","15":"product_tag-sour-candy","16":"product_tag-sweet","17":"product_tag-vegan","18":"product_tag-vegan-candy","19":"product_tag-watermelon","20":"flavor-fruity","21":"flavor-sour","22":"allergens-gelatin-free","23":"allergens-vegan","25":"first","26":"outofstock","27":"taxable","28":"shipping-taxable","29":"purchasable","30":"product-type-simple"},"_links":{"self":[{"href":"https:\/\/godisfabricabusiness.com\/es\/wp-json\/wp\/v2\/product\/5187","targetHints":{"allow":["GET"]}}],"collection":[{"href":"https:\/\/godisfabricabusiness.com\/es\/wp-json\/wp\/v2\/product"}],"about":[{"href":"https:\/\/godisfabricabusiness.com\/es\/wp-json\/wp\/v2\/types\/product"}],"replies":[{"embeddable":true,"href":"https:\/\/godisfabricabusiness.com\/es\/wp-json\/wp\/v2\/comments?post=5187"}],"wp:featuredmedia":[{"embeddable":true,"href":"https:\/\/godisfabricabusiness.com\/es\/wp-json\/wp\/v2\/media\/6556"}],"wp:attachment":[{"href":"https:\/\/godisfabricabusiness.com\/es\/wp-json\/wp\/v2\/media?parent=5187"}],"wp:term":[{"taxonomy":"product_brand","embeddable":true,"href":"https:\/\/godisfabricabusiness.com\/es\/wp-json\/wp\/v2\/product_brand?post=5187"},{"taxonomy":"product_cat","embeddable":true,"href":"https:\/\/godisfabricabusiness.com\/es\/wp-json\/wp\/v2\/product_cat?post=5187"},{"taxonomy":"product_tag","embeddable":true,"href":"https:\/\/godisfabricabusiness.com\/es\/wp-json\/wp\/v2\/product_tag?post=5187"},{"taxonomy":"flavor","embeddable":true,"href":"https:\/\/godisfabricabusiness.com\/es\/wp-json\/wp\/v2\/flavor?post=5187"},{"taxonomy":"allergens","embeddable":true,"href":"https:\/\/godisfabricabusiness.com\/es\/wp-json\/wp\/v2\/allergens?post=5187"}],"curies":[{"name":"wp","href":"https:\/\/api.w.org\/{rel}","templated":true}]}}