{"id":5200,"date":"2024-03-10T20:51:10","date_gmt":"2024-03-10T19:51:10","guid":{"rendered":"https:\/\/godisfabricabusiness.com\/?post_type=product&#038;p=5200"},"modified":"2026-01-10T18:00:18","modified_gmt":"2026-01-10T17:00:18","slug":"sweet-bananas","status":"publish","type":"product","link":"https:\/\/godisfabricabusiness.com\/es\/producto\/sweet-bananas\/","title":{"rendered":"Pl\u00e1tanos Dulces"},"content":{"rendered":"<p data-start=\"0\" data-end=\"49\">Pl\u00e1tanos Dulces \u2013 \u00a1Vu\u00e9lvete totalmente BANANAAAS!<\/p>\n<p data-start=\"51\" data-end=\"354\">Pela tus preocupaciones con nuestros Pl\u00e1tanos Dulces, las golosinas espumosas recubiertas de az\u00facar que parecen pl\u00e1tanos de verdad\u2026 solo que m\u00e1s dulces y mucho m\u00e1s divertidas. Con su color amarillo brillante, su curvatura traviesa y sus extremos redondeados, no solo parecen aut\u00e9nticos\u2026 \u00a1tambi\u00e9n saben a pl\u00e1tano!<\/p>\n<p data-start=\"356\" data-end=\"557\">Cada bocado ofrece una textura suave y esponjosa, envuelta en una ligera capa de az\u00facar que aporta el contraste perfecto y un toque crujiente. Cierra los ojos y \u00a1boom! Te transportar\u00e1s directamente a una isla tropical (sin necesidad de pasaporte). Perfectos para cualquier momento en el que quieras a\u00f1adir un toque afrutado y divertido a tu mezcla de chuches.<\/p>","protected":false},"excerpt":{"rendered":"<p>4 unidades \u2013 22g<\/p>","protected":false},"featured_media":6175,"comment_status":"open","ping_status":"closed","template":"","meta":[],"product_brand":[],"product_cat":[225],"product_tag":[1040,613,475,609,612,1850,508,540,507,611,531,823,610,1507,554],"flavor":[410,411],"allergens":[],"class_list":{"0":"post-5200","1":"product","2":"type-product","3":"status-publish","4":"has-post-thumbnail","6":"product_cat-bulk-candy-godis-fabrica","7":"product_tag-amarillo","8":"product_tag-banaani","9":"product_tag-banana","10":"product_tag-bananas","11":"product_tag-bananass","12":"product_tag-chuches-de-platano","13":"product_tag-fruit","14":"product_tag-fruit-candy","15":"product_tag-fruity","16":"product_tag-frutas","17":"product_tag-funny","18":"product_tag-monkey","19":"product_tag-platano","20":"product_tag-tropical","21":"product_tag-yellow","22":"flavor-foam","23":"flavor-fruity","25":"first","26":"outofstock","27":"taxable","28":"shipping-taxable","29":"purchasable","30":"product-type-simple"},"_links":{"self":[{"href":"https:\/\/godisfabricabusiness.com\/es\/wp-json\/wp\/v2\/product\/5200","targetHints":{"allow":["GET"]}}],"collection":[{"href":"https:\/\/godisfabricabusiness.com\/es\/wp-json\/wp\/v2\/product"}],"about":[{"href":"https:\/\/godisfabricabusiness.com\/es\/wp-json\/wp\/v2\/types\/product"}],"replies":[{"embeddable":true,"href":"https:\/\/godisfabricabusiness.com\/es\/wp-json\/wp\/v2\/comments?post=5200"}],"wp:featuredmedia":[{"embeddable":true,"href":"https:\/\/godisfabricabusiness.com\/es\/wp-json\/wp\/v2\/media\/6175"}],"wp:attachment":[{"href":"https:\/\/godisfabricabusiness.com\/es\/wp-json\/wp\/v2\/media?parent=5200"}],"wp:term":[{"taxonomy":"product_brand","embeddable":true,"href":"https:\/\/godisfabricabusiness.com\/es\/wp-json\/wp\/v2\/product_brand?post=5200"},{"taxonomy":"product_cat","embeddable":true,"href":"https:\/\/godisfabricabusiness.com\/es\/wp-json\/wp\/v2\/product_cat?post=5200"},{"taxonomy":"product_tag","embeddable":true,"href":"https:\/\/godisfabricabusiness.com\/es\/wp-json\/wp\/v2\/product_tag?post=5200"},{"taxonomy":"flavor","embeddable":true,"href":"https:\/\/godisfabricabusiness.com\/es\/wp-json\/wp\/v2\/flavor?post=5200"},{"taxonomy":"allergens","embeddable":true,"href":"https:\/\/godisfabricabusiness.com\/es\/wp-json\/wp\/v2\/allergens?post=5200"}],"curies":[{"name":"wp","href":"https:\/\/api.w.org\/{rel}","templated":true}]}}