{"id":5201,"date":"2024-03-10T21:15:26","date_gmt":"2024-03-10T20:15:26","guid":{"rendered":"https:\/\/godisfabricabusiness.com\/?post_type=product&#038;p=5201"},"modified":"2026-01-10T18:00:18","modified_gmt":"2026-01-10T17:00:18","slug":"salty-twins-pear-strawberry-liquorice","status":"publish","type":"product","link":"https:\/\/godisfabricabusiness.com\/es\/producto\/salty-twins-pear-strawberry-liquorice\/","title":{"rendered":"Gemelos Salados"},"content":{"rendered":"<p>Los \"Gemelos Salados\" son caramelos con sabor a regaliz y pera &amp; regaliz y fresa. \u00a1Qu\u00e9 combinaci\u00f3n perfecta de salado, dulce y frutal! \u00bfCu\u00e1l de ellos es tu favorito? D\u00e9janos una rese\u00f1a y cu\u00e9ntanos.<\/p>","protected":false},"excerpt":{"rendered":"<p>3 unidades - 27g<\/p>","protected":false},"featured_media":6601,"comment_status":"open","ping_status":"closed","template":"","meta":[],"product_brand":[],"product_cat":[225],"product_tag":[615,592,236,614,616,561,617,522,619,618],"flavor":[411,413,414],"allergens":[],"class_list":{"0":"post-5201","1":"product","2":"type-product","3":"status-publish","4":"has-post-thumbnail","6":"product_cat-bulk-candy-godis-fabrica","7":"product_tag-fresa","8":"product_tag-grahns-konfektyr","9":"product_tag-licorice","10":"product_tag-pear","11":"product_tag-salta-twins","12":"product_tag-salty","13":"product_tag-salty-twins","14":"product_tag-strawberry","15":"product_tag-twins","16":"product_tag-very-salty","17":"flavor-fruity","18":"flavor-liquorice","19":"flavor-salty","21":"first","22":"outofstock","23":"taxable","24":"shipping-taxable","25":"purchasable","26":"product-type-simple"},"_links":{"self":[{"href":"https:\/\/godisfabricabusiness.com\/es\/wp-json\/wp\/v2\/product\/5201","targetHints":{"allow":["GET"]}}],"collection":[{"href":"https:\/\/godisfabricabusiness.com\/es\/wp-json\/wp\/v2\/product"}],"about":[{"href":"https:\/\/godisfabricabusiness.com\/es\/wp-json\/wp\/v2\/types\/product"}],"replies":[{"embeddable":true,"href":"https:\/\/godisfabricabusiness.com\/es\/wp-json\/wp\/v2\/comments?post=5201"}],"wp:featuredmedia":[{"embeddable":true,"href":"https:\/\/godisfabricabusiness.com\/es\/wp-json\/wp\/v2\/media\/6601"}],"wp:attachment":[{"href":"https:\/\/godisfabricabusiness.com\/es\/wp-json\/wp\/v2\/media?parent=5201"}],"wp:term":[{"taxonomy":"product_brand","embeddable":true,"href":"https:\/\/godisfabricabusiness.com\/es\/wp-json\/wp\/v2\/product_brand?post=5201"},{"taxonomy":"product_cat","embeddable":true,"href":"https:\/\/godisfabricabusiness.com\/es\/wp-json\/wp\/v2\/product_cat?post=5201"},{"taxonomy":"product_tag","embeddable":true,"href":"https:\/\/godisfabricabusiness.com\/es\/wp-json\/wp\/v2\/product_tag?post=5201"},{"taxonomy":"flavor","embeddable":true,"href":"https:\/\/godisfabricabusiness.com\/es\/wp-json\/wp\/v2\/flavor?post=5201"},{"taxonomy":"allergens","embeddable":true,"href":"https:\/\/godisfabricabusiness.com\/es\/wp-json\/wp\/v2\/allergens?post=5201"}],"curies":[{"name":"wp","href":"https:\/\/api.w.org\/{rel}","templated":true}]}}