{"id":5206,"date":"2024-03-10T21:45:07","date_gmt":"2024-03-10T20:45:07","guid":{"rendered":"https:\/\/godisfabricabusiness.com\/?post_type=product&#038;p=5206"},"modified":"2026-01-10T18:00:17","modified_gmt":"2026-01-10T17:00:17","slug":"rotella-fruit-rolls-godis-fabrica","status":"publish","type":"product","link":"https:\/\/godisfabricabusiness.com\/es\/producto\/rotella-fruit-rolls-godis-fabrica\/","title":{"rendered":"Rotella de Frutas"},"content":{"rendered":"<p class=\"product_title entry-title\">Las Rotella Fruit Rolls son unos dulces deliciosos llenos de sabores frutales. No te pierdas la oportunidad de probar estos cl\u00e1sicos tan queridos, \u00a1hazlo hoy mismo! Su textura \u00fanica hace que sean divertidos de saborear, mordisco a mordisco. \u00bfQui\u00e9n no conocer\u00eda estos cl\u00e1sicos? Si a\u00fan no los has probado, \u00a1debes hacerlo! Tambi\u00e9n puedes probar la versi\u00f3n de regaliz.<\/p>\n<p class=\"product_title entry-title\">Adem\u00e1s, vale la pena mencionar que las Rotella Fruit Rolls son libres de gelatina, lo que las hace aptas para vegetarianos y para otras preferencias diet\u00e9ticas.<\/p>","protected":false},"excerpt":{"rendered":"<p>3 unidades \u2013 31g<\/p>","protected":false},"featured_media":7152,"comment_status":"open","ping_status":"closed","template":"","meta":[],"product_brand":[],"product_cat":[225],"product_tag":[508,540,507,611,506,236,529,503,489,234,623,624],"flavor":[411],"allergens":[426,428],"class_list":{"0":"post-5206","1":"product","2":"type-product","3":"status-publish","4":"has-post-thumbnail","6":"product_cat-bulk-candy-godis-fabrica","7":"product_tag-fruit","8":"product_tag-fruit-candy","9":"product_tag-fruity","10":"product_tag-frutas","11":"product_tag-haribo","12":"product_tag-licorice","13":"product_tag-liquorice","14":"product_tag-popular","15":"product_tag-roll","16":"product_tag-rollo","17":"product_tag-rotella","18":"product_tag-spinner","19":"flavor-fruity","20":"allergens-gelatin-free","21":"allergens-gluten-free","23":"first","24":"outofstock","25":"taxable","26":"shipping-taxable","27":"purchasable","28":"product-type-simple"},"_links":{"self":[{"href":"https:\/\/godisfabricabusiness.com\/es\/wp-json\/wp\/v2\/product\/5206","targetHints":{"allow":["GET"]}}],"collection":[{"href":"https:\/\/godisfabricabusiness.com\/es\/wp-json\/wp\/v2\/product"}],"about":[{"href":"https:\/\/godisfabricabusiness.com\/es\/wp-json\/wp\/v2\/types\/product"}],"replies":[{"embeddable":true,"href":"https:\/\/godisfabricabusiness.com\/es\/wp-json\/wp\/v2\/comments?post=5206"}],"wp:featuredmedia":[{"embeddable":true,"href":"https:\/\/godisfabricabusiness.com\/es\/wp-json\/wp\/v2\/media\/7152"}],"wp:attachment":[{"href":"https:\/\/godisfabricabusiness.com\/es\/wp-json\/wp\/v2\/media?parent=5206"}],"wp:term":[{"taxonomy":"product_brand","embeddable":true,"href":"https:\/\/godisfabricabusiness.com\/es\/wp-json\/wp\/v2\/product_brand?post=5206"},{"taxonomy":"product_cat","embeddable":true,"href":"https:\/\/godisfabricabusiness.com\/es\/wp-json\/wp\/v2\/product_cat?post=5206"},{"taxonomy":"product_tag","embeddable":true,"href":"https:\/\/godisfabricabusiness.com\/es\/wp-json\/wp\/v2\/product_tag?post=5206"},{"taxonomy":"flavor","embeddable":true,"href":"https:\/\/godisfabricabusiness.com\/es\/wp-json\/wp\/v2\/flavor?post=5206"},{"taxonomy":"allergens","embeddable":true,"href":"https:\/\/godisfabricabusiness.com\/es\/wp-json\/wp\/v2\/allergens?post=5206"}],"curies":[{"name":"wp","href":"https:\/\/api.w.org\/{rel}","templated":true}]}}