{"id":5207,"date":"2024-03-10T21:57:33","date_gmt":"2024-03-10T20:57:33","guid":{"rendered":"https:\/\/godisfabricabusiness.com\/?post_type=product&#038;p=5207"},"modified":"2026-01-10T18:00:17","modified_gmt":"2026-01-10T17:00:17","slug":"orange-chocolate","status":"publish","type":"product","link":"https:\/\/godisfabricabusiness.com\/es\/producto\/orange-chocolate\/","title":{"rendered":"Chocolate de Naranja"},"content":{"rendered":"<p>Chocolate de Naranja \u2013 \u00a1El dulce abrazo c\u00edtrico que no sab\u00edas que necesitabas!<\/p>\n<p>\u00bfQui\u00e9n necesita naranjas de verdad cuando puedes disfrutar de estas peque\u00f1as maravillas c\u00edtricas de chocolate? Con forma de una perfecta rodaja de naranja (pero mucho m\u00e1s divertida), estas chocolatinas combinan un chocolate sedoso con un toque de sabor a naranja. \u00a1Es como si tus papilas gustativas acabaran de reservar unas vacaciones en un para\u00edso de chocolate afrutado!<\/p>\n<p>Un solo bocado y te preguntar\u00e1s: \u00bfpor qu\u00e9 no todas las naranjas son as\u00ed?<\/p>","protected":false},"excerpt":{"rendered":"<p>4 unidades - 27g<\/p>","protected":false},"featured_media":16206,"comment_status":"open","ping_status":"closed","template":"","meta":[],"product_brand":[],"product_cat":[225,243],"product_tag":[627,574,626,230,569,571,573,572,625,570],"flavor":[412,411],"allergens":[],"class_list":{"0":"post-5207","1":"product","2":"type-product","3":"status-publish","4":"has-post-thumbnail","6":"product_cat-bulk-candy-godis-fabrica","7":"product_cat-chocolates-godis-fabrica","8":"product_tag-apelsinchoklad","9":"product_tag-appelsiini","10":"product_tag-aroma","11":"product_tag-chocolate","12":"product_tag-favourite","13":"product_tag-fazerina","14":"product_tag-naranja","15":"product_tag-orange","16":"product_tag-orange-chocolate","17":"product_tag-suklaa","18":"flavor-chocolate","19":"flavor-fruity","21":"first","22":"outofstock","23":"taxable","24":"shipping-taxable","25":"purchasable","26":"product-type-simple"},"_links":{"self":[{"href":"https:\/\/godisfabricabusiness.com\/es\/wp-json\/wp\/v2\/product\/5207","targetHints":{"allow":["GET"]}}],"collection":[{"href":"https:\/\/godisfabricabusiness.com\/es\/wp-json\/wp\/v2\/product"}],"about":[{"href":"https:\/\/godisfabricabusiness.com\/es\/wp-json\/wp\/v2\/types\/product"}],"replies":[{"embeddable":true,"href":"https:\/\/godisfabricabusiness.com\/es\/wp-json\/wp\/v2\/comments?post=5207"}],"wp:featuredmedia":[{"embeddable":true,"href":"https:\/\/godisfabricabusiness.com\/es\/wp-json\/wp\/v2\/media\/16206"}],"wp:attachment":[{"href":"https:\/\/godisfabricabusiness.com\/es\/wp-json\/wp\/v2\/media?parent=5207"}],"wp:term":[{"taxonomy":"product_brand","embeddable":true,"href":"https:\/\/godisfabricabusiness.com\/es\/wp-json\/wp\/v2\/product_brand?post=5207"},{"taxonomy":"product_cat","embeddable":true,"href":"https:\/\/godisfabricabusiness.com\/es\/wp-json\/wp\/v2\/product_cat?post=5207"},{"taxonomy":"product_tag","embeddable":true,"href":"https:\/\/godisfabricabusiness.com\/es\/wp-json\/wp\/v2\/product_tag?post=5207"},{"taxonomy":"flavor","embeddable":true,"href":"https:\/\/godisfabricabusiness.com\/es\/wp-json\/wp\/v2\/flavor?post=5207"},{"taxonomy":"allergens","embeddable":true,"href":"https:\/\/godisfabricabusiness.com\/es\/wp-json\/wp\/v2\/allergens?post=5207"}],"curies":[{"name":"wp","href":"https:\/\/api.w.org\/{rel}","templated":true}]}}