{"id":5225,"date":"2024-03-11T12:05:41","date_gmt":"2024-03-11T11:05:41","guid":{"rendered":"https:\/\/godisfabricabusiness.com\/?post_type=product&#038;p=5225"},"modified":"2026-01-10T18:00:17","modified_gmt":"2026-01-10T17:00:17","slug":"smash-corn-chocolate-snacks-godis-fabrica","status":"publish","type":"product","link":"https:\/\/godisfabricabusiness.com\/es\/producto\/smash-corn-chocolate-snacks-godis-fabrica\/","title":{"rendered":"Smash! Conos de Ma\u00edz con Chocolate"},"content":{"rendered":"<p>Los Conos de Ma\u00edz con Chocolate son peque\u00f1os conos de ma\u00edz cubiertos de chocolate con leche. Estos deliciosos aperitivos de ma\u00edz crujientes y salados, recubiertos de chocolate con leche dulce, no dejar\u00e1n a nadie indiferente. Estos queridos aperitivos noruegos llegaron a nuestra tienda como un deseo de un amigo y apostamos a que se volver\u00e1n muy populares. Intentamos mantenerlos en stock para ti. \u00a1Intenta comer solo uno... es imposible!<\/p>","protected":false},"excerpt":{"rendered":"<p class=\"product-title product-detail__gap-sm\">100g<\/p>","protected":false},"featured_media":18314,"comment_status":"open","ping_status":"closed","template":"","meta":[],"product_brand":[],"product_cat":[292,243],"product_tag":[634,652,230,653,651,655,654,636,637,649,650,635,657,656],"flavor":[412,414],"allergens":[],"class_list":{"0":"post-5225","1":"product","2":"type-product","3":"status-publish","4":"has-post-thumbnail","6":"product_cat-snacks-godis-fabrica","7":"product_cat-chocolates-godis-fabrica","8":"product_tag-chips","9":"product_tag-chips-with-chocolate","10":"product_tag-chocolate","11":"product_tag-chocolate-chips","12":"product_tag-chocolate-cover","13":"product_tag-norway","14":"product_tag-norwegian-candy","15":"product_tag-patatas","16":"product_tag-potato-chips","17":"product_tag-smash","18":"product_tag-smash-snacks","19":"product_tag-snacks","20":"product_tag-sweet-and-sour","21":"product_tag-sweet-snack","22":"flavor-chocolate","23":"flavor-salty","25":"first","26":"outofstock","27":"taxable","28":"shipping-taxable","29":"purchasable","30":"product-type-simple"},"_links":{"self":[{"href":"https:\/\/godisfabricabusiness.com\/es\/wp-json\/wp\/v2\/product\/5225","targetHints":{"allow":["GET"]}}],"collection":[{"href":"https:\/\/godisfabricabusiness.com\/es\/wp-json\/wp\/v2\/product"}],"about":[{"href":"https:\/\/godisfabricabusiness.com\/es\/wp-json\/wp\/v2\/types\/product"}],"replies":[{"embeddable":true,"href":"https:\/\/godisfabricabusiness.com\/es\/wp-json\/wp\/v2\/comments?post=5225"}],"wp:featuredmedia":[{"embeddable":true,"href":"https:\/\/godisfabricabusiness.com\/es\/wp-json\/wp\/v2\/media\/18314"}],"wp:attachment":[{"href":"https:\/\/godisfabricabusiness.com\/es\/wp-json\/wp\/v2\/media?parent=5225"}],"wp:term":[{"taxonomy":"product_brand","embeddable":true,"href":"https:\/\/godisfabricabusiness.com\/es\/wp-json\/wp\/v2\/product_brand?post=5225"},{"taxonomy":"product_cat","embeddable":true,"href":"https:\/\/godisfabricabusiness.com\/es\/wp-json\/wp\/v2\/product_cat?post=5225"},{"taxonomy":"product_tag","embeddable":true,"href":"https:\/\/godisfabricabusiness.com\/es\/wp-json\/wp\/v2\/product_tag?post=5225"},{"taxonomy":"flavor","embeddable":true,"href":"https:\/\/godisfabricabusiness.com\/es\/wp-json\/wp\/v2\/flavor?post=5225"},{"taxonomy":"allergens","embeddable":true,"href":"https:\/\/godisfabricabusiness.com\/es\/wp-json\/wp\/v2\/allergens?post=5225"}],"curies":[{"name":"wp","href":"https:\/\/api.w.org\/{rel}","templated":true}]}}