{"id":5272,"date":"2024-03-11T19:44:18","date_gmt":"2024-03-11T18:44:18","guid":{"rendered":"https:\/\/godisfabricabusiness.com\/?post_type=product&#038;p=5272"},"modified":"2026-01-10T18:00:17","modified_gmt":"2026-01-10T17:00:17","slug":"caramel-screw","status":"publish","type":"product","link":"https:\/\/godisfabricabusiness.com\/es\/producto\/caramel-screw\/","title":{"rendered":"Tornillo de Caramelo"},"content":{"rendered":"<p data-start=\"84\" data-end=\"141\">Tornillo de Caramelo \u2013 El giro que no sab\u00edas que necesitabas!<\/p>\n<p data-start=\"143\" data-end=\"413\">Saluda a tu nueva obsesi\u00f3n: un delicioso bocado masticable, retorcido y con sabor a caramelo que har\u00e1 que tus papilas gustativas giren de felicidad. Imagina el sabor suave y rico del caramelo\u2026 ahora dale la textura el\u00e1stica y satisfactoria del regaliz. S\u00ed, lo hicimos.<\/p>\n<p data-start=\"415\" data-end=\"525\">\u00bfY lo mejor de todo? Es 100% vegano. Ninguna vaca sufri\u00f3 en la creaci\u00f3n de esta delicia\u2026 solo tus antojos. Perfecto para picar, compartir (o no), y para confundir a tu abuela, que juraba que era un tornillo marr\u00f3n diminuto. G\u00edralo. Mast\u00edcalo. \u00c1malo. Tornillo de Caramelo: Cuando la vida necesita m\u00e1s masticaci\u00f3n y mucho m\u00e1s caramelo.<\/p>","protected":false},"excerpt":{"rendered":"<p>6 unidades - 28g<\/p>","protected":false},"featured_media":17280,"comment_status":"open","ping_status":"closed","template":"","meta":[],"product_brand":[],"product_cat":[290,225],"product_tag":[227,580,537,997,1488,529,503,669,226,1489,291,445,607],"flavor":[416],"allergens":[426,425],"class_list":{"0":"post-5272","1":"product","2":"type-product","3":"status-publish","4":"has-post-thumbnail","6":"product_cat-vegan-products-godis-fabrica","7":"product_cat-bulk-candy-godis-fabrica","8":"product_tag-caramel","9":"product_tag-caramelo","10":"product_tag-chuches-veganas","11":"product_tag-kola","12":"product_tag-kola-skruv","13":"product_tag-liquorice","14":"product_tag-popular","15":"product_tag-skrew","16":"product_tag-toffee","17":"product_tag-toffee-taste","18":"product_tag-vegan","19":"product_tag-vegan-candy","20":"product_tag-vegano","21":"flavor-caramel-toffee","22":"allergens-gelatin-free","23":"allergens-vegan","25":"first","26":"outofstock","27":"taxable","28":"shipping-taxable","29":"purchasable","30":"product-type-simple"},"_links":{"self":[{"href":"https:\/\/godisfabricabusiness.com\/es\/wp-json\/wp\/v2\/product\/5272","targetHints":{"allow":["GET"]}}],"collection":[{"href":"https:\/\/godisfabricabusiness.com\/es\/wp-json\/wp\/v2\/product"}],"about":[{"href":"https:\/\/godisfabricabusiness.com\/es\/wp-json\/wp\/v2\/types\/product"}],"replies":[{"embeddable":true,"href":"https:\/\/godisfabricabusiness.com\/es\/wp-json\/wp\/v2\/comments?post=5272"}],"wp:featuredmedia":[{"embeddable":true,"href":"https:\/\/godisfabricabusiness.com\/es\/wp-json\/wp\/v2\/media\/17280"}],"wp:attachment":[{"href":"https:\/\/godisfabricabusiness.com\/es\/wp-json\/wp\/v2\/media?parent=5272"}],"wp:term":[{"taxonomy":"product_brand","embeddable":true,"href":"https:\/\/godisfabricabusiness.com\/es\/wp-json\/wp\/v2\/product_brand?post=5272"},{"taxonomy":"product_cat","embeddable":true,"href":"https:\/\/godisfabricabusiness.com\/es\/wp-json\/wp\/v2\/product_cat?post=5272"},{"taxonomy":"product_tag","embeddable":true,"href":"https:\/\/godisfabricabusiness.com\/es\/wp-json\/wp\/v2\/product_tag?post=5272"},{"taxonomy":"flavor","embeddable":true,"href":"https:\/\/godisfabricabusiness.com\/es\/wp-json\/wp\/v2\/flavor?post=5272"},{"taxonomy":"allergens","embeddable":true,"href":"https:\/\/godisfabricabusiness.com\/es\/wp-json\/wp\/v2\/allergens?post=5272"}],"curies":[{"name":"wp","href":"https:\/\/api.w.org\/{rel}","templated":true}]}}