{"id":5278,"date":"2024-03-11T20:37:23","date_gmt":"2024-03-11T19:37:23","guid":{"rendered":"https:\/\/godisfabricabusiness.com\/?post_type=product&#038;p=5278"},"modified":"2026-01-10T18:00:17","modified_gmt":"2026-01-10T17:00:17","slug":"mini-pear-bubs-fruity-godis-fabrica","status":"publish","type":"product","link":"https:\/\/godisfabricabusiness.com\/es\/producto\/mini-pear-bubs-fruity-godis-fabrica\/","title":{"rendered":"Bubs de Pera Mini"},"content":{"rendered":"<p>Mini Pear Bubs es la combinaci\u00f3n del sabor afrutado de pera con un toque de recubrimiento \u00e1cido. El recubrimiento le da a los pear bubs su frescura \u00fanica. Sin duda, este es uno de los m\u00e1s populares en la familia Bubs. Con la perfecta elasticidad y delicioso toque \u00e1cido, la mini pera afrutada es el dulce perfecto para cualquier ocasi\u00f3n. Esta pieza de caramelo est\u00e1 libre de gelatina y otros aditivos de origen animal.<\/p>","protected":false},"excerpt":{"rendered":"<p>4 unidades - 28g<\/p>","protected":false},"featured_media":15755,"comment_status":"open","ping_status":"closed","template":"","meta":[],"product_brand":[],"product_cat":[290,225],"product_tag":[434,679,678,508,540,507,587,681,614,680,435,585,657,291,445,607,455],"flavor":[410,411,415],"allergens":[426,427,425],"class_list":{"0":"post-5278","1":"product","2":"type-product","3":"status-publish","4":"has-post-thumbnail","6":"product_cat-vegan-products-godis-fabrica","7":"product_cat-bulk-candy-godis-fabrica","8":"product_tag-bubs","9":"product_tag-fresco","10":"product_tag-fresh","11":"product_tag-fruit","12":"product_tag-fruit-candy","13":"product_tag-fruity","14":"product_tag-kirpea","15":"product_tag-paaryna","16":"product_tag-pear","17":"product_tag-pera","18":"product_tag-sour","19":"product_tag-sour-candy","20":"product_tag-sweet-and-sour","21":"product_tag-vegan","22":"product_tag-vegan-candy","23":"product_tag-vegano","24":"product_tag-vegetarian","25":"flavor-foam","26":"flavor-fruity","27":"flavor-sour","28":"allergens-gelatin-free","29":"allergens-lactose-free","30":"allergens-vegan","32":"first","33":"outofstock","34":"taxable","35":"shipping-taxable","36":"purchasable","37":"product-type-simple"},"_links":{"self":[{"href":"https:\/\/godisfabricabusiness.com\/es\/wp-json\/wp\/v2\/product\/5278","targetHints":{"allow":["GET"]}}],"collection":[{"href":"https:\/\/godisfabricabusiness.com\/es\/wp-json\/wp\/v2\/product"}],"about":[{"href":"https:\/\/godisfabricabusiness.com\/es\/wp-json\/wp\/v2\/types\/product"}],"replies":[{"embeddable":true,"href":"https:\/\/godisfabricabusiness.com\/es\/wp-json\/wp\/v2\/comments?post=5278"}],"wp:featuredmedia":[{"embeddable":true,"href":"https:\/\/godisfabricabusiness.com\/es\/wp-json\/wp\/v2\/media\/15755"}],"wp:attachment":[{"href":"https:\/\/godisfabricabusiness.com\/es\/wp-json\/wp\/v2\/media?parent=5278"}],"wp:term":[{"taxonomy":"product_brand","embeddable":true,"href":"https:\/\/godisfabricabusiness.com\/es\/wp-json\/wp\/v2\/product_brand?post=5278"},{"taxonomy":"product_cat","embeddable":true,"href":"https:\/\/godisfabricabusiness.com\/es\/wp-json\/wp\/v2\/product_cat?post=5278"},{"taxonomy":"product_tag","embeddable":true,"href":"https:\/\/godisfabricabusiness.com\/es\/wp-json\/wp\/v2\/product_tag?post=5278"},{"taxonomy":"flavor","embeddable":true,"href":"https:\/\/godisfabricabusiness.com\/es\/wp-json\/wp\/v2\/flavor?post=5278"},{"taxonomy":"allergens","embeddable":true,"href":"https:\/\/godisfabricabusiness.com\/es\/wp-json\/wp\/v2\/allergens?post=5278"}],"curies":[{"name":"wp","href":"https:\/\/api.w.org\/{rel}","templated":true}]}}