{"id":5374,"date":"2024-03-12T20:26:11","date_gmt":"2024-03-12T19:26:11","guid":{"rendered":"https:\/\/godisfabricabusiness.com\/?post_type=product&#038;p=5374"},"modified":"2026-01-10T18:00:17","modified_gmt":"2026-01-10T17:00:17","slug":"lucky-blue-eyes","status":"publish","type":"product","link":"https:\/\/godisfabricabusiness.com\/es\/producto\/lucky-blue-eyes\/","title":{"rendered":"Ojos Azules de la Suerte"},"content":{"rendered":"<p>Ojos Azules de la Suerte son dulces y masticables con forma de ojos y sabor a ar\u00e1ndano. \u00bfCrees en la protecci\u00f3n del s\u00edmbolo del ojo azul de la suerte contra la maldici\u00f3n del mal de ojo? Puede ser una pregunta profunda... pero puedes pensar en ello mientras disfrutas de estos dulces de colores hermosos y deliciosos.<\/p>\n<p>Tambi\u00e9n cabe mencionar que estos dulces son completamente veganos y libres de gelatina.<\/p>","protected":false},"excerpt":{"rendered":"<p>3 unidades \u2013 26g<\/p>","protected":false},"featured_media":16234,"comment_status":"open","ping_status":"closed","template":"","meta":[],"product_brand":[],"product_cat":[290,225],"product_tag":[684,683,538,1266,1265,679,678,508,540,507,1267,686,685,291,445,607,455],"flavor":[411,419],"allergens":[426,425],"class_list":{"0":"post-5374","1":"product","2":"type-product","3":"status-publish","4":"has-post-thumbnail","6":"product_cat-vegan-products-godis-fabrica","7":"product_cat-bulk-candy-godis-fabrica","8":"product_tag-blaoga","9":"product_tag-blue-eye","10":"product_tag-blueberry","11":"product_tag-curse","12":"product_tag-evileye","13":"product_tag-fresco","14":"product_tag-fresh","15":"product_tag-fruit","16":"product_tag-fruit-candy","17":"product_tag-fruity","18":"product_tag-maldeojo","19":"product_tag-ojo-azul","20":"product_tag-silma","21":"product_tag-vegan","22":"product_tag-vegan-candy","23":"product_tag-vegano","24":"product_tag-vegetarian","25":"flavor-fruity","26":"flavor-palm-oil-free","27":"allergens-gelatin-free","28":"allergens-vegan","30":"first","31":"outofstock","32":"taxable","33":"shipping-taxable","34":"purchasable","35":"product-type-simple"},"_links":{"self":[{"href":"https:\/\/godisfabricabusiness.com\/es\/wp-json\/wp\/v2\/product\/5374","targetHints":{"allow":["GET"]}}],"collection":[{"href":"https:\/\/godisfabricabusiness.com\/es\/wp-json\/wp\/v2\/product"}],"about":[{"href":"https:\/\/godisfabricabusiness.com\/es\/wp-json\/wp\/v2\/types\/product"}],"replies":[{"embeddable":true,"href":"https:\/\/godisfabricabusiness.com\/es\/wp-json\/wp\/v2\/comments?post=5374"}],"wp:featuredmedia":[{"embeddable":true,"href":"https:\/\/godisfabricabusiness.com\/es\/wp-json\/wp\/v2\/media\/16234"}],"wp:attachment":[{"href":"https:\/\/godisfabricabusiness.com\/es\/wp-json\/wp\/v2\/media?parent=5374"}],"wp:term":[{"taxonomy":"product_brand","embeddable":true,"href":"https:\/\/godisfabricabusiness.com\/es\/wp-json\/wp\/v2\/product_brand?post=5374"},{"taxonomy":"product_cat","embeddable":true,"href":"https:\/\/godisfabricabusiness.com\/es\/wp-json\/wp\/v2\/product_cat?post=5374"},{"taxonomy":"product_tag","embeddable":true,"href":"https:\/\/godisfabricabusiness.com\/es\/wp-json\/wp\/v2\/product_tag?post=5374"},{"taxonomy":"flavor","embeddable":true,"href":"https:\/\/godisfabricabusiness.com\/es\/wp-json\/wp\/v2\/flavor?post=5374"},{"taxonomy":"allergens","embeddable":true,"href":"https:\/\/godisfabricabusiness.com\/es\/wp-json\/wp\/v2\/allergens?post=5374"}],"curies":[{"name":"wp","href":"https:\/\/api.w.org\/{rel}","templated":true}]}}