{"id":5380,"date":"2024-03-12T21:50:13","date_gmt":"2024-03-12T20:50:13","guid":{"rendered":"https:\/\/godisfabricabusiness.com\/?post_type=product&#038;p=5380"},"modified":"2026-01-10T18:00:16","modified_gmt":"2026-01-10T17:00:16","slug":"revolver-liquorice-sweet-godis-fabrica","status":"publish","type":"product","link":"https:\/\/godisfabricabusiness.com\/es\/producto\/revolver-liquorice-sweet-godis-fabrica\/","title":{"rendered":"Revolver Regaliz"},"content":{"rendered":"<p>Revolver Regaliz \u2013 Un delicioso regaliz dulce creado por Candy People. Estos caramelos son el snack perfecto para esos d\u00edas en los que anhelas un toque de intenso sabor a regaliz. \u00a1Una aut\u00e9ntica cl\u00e1sica delicias escandinava que no puedes dejar de probar! Ideales para cualquier momento del d\u00eda, su textura suave y su sabor inconfundible te conquistar\u00e1n desde el primer bocado.<\/p>","protected":false},"excerpt":{"rendered":"<p>4 unidades - 28g<\/p>","protected":false},"featured_media":15741,"comment_status":"open","ping_status":"closed","template":"","meta":[],"product_brand":[],"product_cat":[225],"product_tag":[620,621,559,236,529,677,698,696,695,517,697],"flavor":[413],"allergens":[426],"class_list":{"0":"post-5380","1":"product","2":"type-product","3":"status-publish","4":"has-post-thumbnail","6":"product_cat-bulk-candy-godis-fabrica","7":"product_tag-black","8":"product_tag-black-candy","9":"product_tag-lakritsi","10":"product_tag-licorice","11":"product_tag-liquorice","12":"product_tag-regaliz","13":"product_tag-regaliz-dulce","14":"product_tag-revolver","15":"product_tag-revolver-lakrits","16":"product_tag-salmiak","17":"product_tag-sweet-liquorice","18":"flavor-liquorice","19":"allergens-gelatin-free","21":"first","22":"outofstock","23":"taxable","24":"shipping-taxable","25":"purchasable","26":"product-type-simple"},"_links":{"self":[{"href":"https:\/\/godisfabricabusiness.com\/es\/wp-json\/wp\/v2\/product\/5380","targetHints":{"allow":["GET"]}}],"collection":[{"href":"https:\/\/godisfabricabusiness.com\/es\/wp-json\/wp\/v2\/product"}],"about":[{"href":"https:\/\/godisfabricabusiness.com\/es\/wp-json\/wp\/v2\/types\/product"}],"replies":[{"embeddable":true,"href":"https:\/\/godisfabricabusiness.com\/es\/wp-json\/wp\/v2\/comments?post=5380"}],"wp:featuredmedia":[{"embeddable":true,"href":"https:\/\/godisfabricabusiness.com\/es\/wp-json\/wp\/v2\/media\/15741"}],"wp:attachment":[{"href":"https:\/\/godisfabricabusiness.com\/es\/wp-json\/wp\/v2\/media?parent=5380"}],"wp:term":[{"taxonomy":"product_brand","embeddable":true,"href":"https:\/\/godisfabricabusiness.com\/es\/wp-json\/wp\/v2\/product_brand?post=5380"},{"taxonomy":"product_cat","embeddable":true,"href":"https:\/\/godisfabricabusiness.com\/es\/wp-json\/wp\/v2\/product_cat?post=5380"},{"taxonomy":"product_tag","embeddable":true,"href":"https:\/\/godisfabricabusiness.com\/es\/wp-json\/wp\/v2\/product_tag?post=5380"},{"taxonomy":"flavor","embeddable":true,"href":"https:\/\/godisfabricabusiness.com\/es\/wp-json\/wp\/v2\/flavor?post=5380"},{"taxonomy":"allergens","embeddable":true,"href":"https:\/\/godisfabricabusiness.com\/es\/wp-json\/wp\/v2\/allergens?post=5380"}],"curies":[{"name":"wp","href":"https:\/\/api.w.org\/{rel}","templated":true}]}}