{"id":5382,"date":"2024-03-12T22:15:49","date_gmt":"2024-03-12T21:15:49","guid":{"rendered":"https:\/\/godisfabricabusiness.com\/?post_type=product&#038;p=5382"},"modified":"2026-01-10T18:00:16","modified_gmt":"2026-01-10T17:00:16","slug":"salty-caramel-liquorice-tube","status":"publish","type":"product","link":"https:\/\/godisfabricabusiness.com\/es\/producto\/salty-caramel-liquorice-tube\/","title":{"rendered":"Tubo de Regaliz y Caramelo"},"content":{"rendered":"<p>El Tubo de Regaliz y Caramelo Salado (Salty Karmella) es un delicioso dulce con sabor a caramelo y un ligero toque de salmiak (regaliz). La textura de estos caramelos es similar a la del t\u00edpico regaliz de colores, relleno de un suave fondant. Perfecto para los amantes del regaliz y una excelente opci\u00f3n para quienes est\u00e1n empezando a probar el regaliz salado, ya que el sabor a salmiak es suave en estos dulces tubos. Adem\u00e1s, estos tubos de caramelo no contienen gelatina.<\/p>","protected":false},"excerpt":{"rendered":"<p>4 unidades - 26g<\/p>","protected":false},"featured_media":15426,"comment_status":"open","ping_status":"closed","template":"","meta":[],"product_brand":[],"product_cat":[225],"product_tag":[227,580,701,559,236,529,677,698,700,699,697,226,235],"flavor":[416,413],"allergens":[426],"class_list":{"0":"post-5382","1":"product","2":"type-product","3":"status-publish","4":"has-post-thumbnail","6":"product_cat-bulk-candy-godis-fabrica","7":"product_tag-caramel","8":"product_tag-caramelo","9":"product_tag-gelatin-free","10":"product_tag-lakritsi","11":"product_tag-licorice","12":"product_tag-liquorice","13":"product_tag-regaliz","14":"product_tag-regaliz-dulce","15":"product_tag-sugar","16":"product_tag-sweet-and-salty","17":"product_tag-sweet-liquorice","18":"product_tag-toffee","19":"product_tag-toffy","20":"flavor-caramel-toffee","21":"flavor-liquorice","22":"allergens-gelatin-free","24":"first","25":"outofstock","26":"taxable","27":"shipping-taxable","28":"purchasable","29":"product-type-simple"},"_links":{"self":[{"href":"https:\/\/godisfabricabusiness.com\/es\/wp-json\/wp\/v2\/product\/5382","targetHints":{"allow":["GET"]}}],"collection":[{"href":"https:\/\/godisfabricabusiness.com\/es\/wp-json\/wp\/v2\/product"}],"about":[{"href":"https:\/\/godisfabricabusiness.com\/es\/wp-json\/wp\/v2\/types\/product"}],"replies":[{"embeddable":true,"href":"https:\/\/godisfabricabusiness.com\/es\/wp-json\/wp\/v2\/comments?post=5382"}],"wp:featuredmedia":[{"embeddable":true,"href":"https:\/\/godisfabricabusiness.com\/es\/wp-json\/wp\/v2\/media\/15426"}],"wp:attachment":[{"href":"https:\/\/godisfabricabusiness.com\/es\/wp-json\/wp\/v2\/media?parent=5382"}],"wp:term":[{"taxonomy":"product_brand","embeddable":true,"href":"https:\/\/godisfabricabusiness.com\/es\/wp-json\/wp\/v2\/product_brand?post=5382"},{"taxonomy":"product_cat","embeddable":true,"href":"https:\/\/godisfabricabusiness.com\/es\/wp-json\/wp\/v2\/product_cat?post=5382"},{"taxonomy":"product_tag","embeddable":true,"href":"https:\/\/godisfabricabusiness.com\/es\/wp-json\/wp\/v2\/product_tag?post=5382"},{"taxonomy":"flavor","embeddable":true,"href":"https:\/\/godisfabricabusiness.com\/es\/wp-json\/wp\/v2\/flavor?post=5382"},{"taxonomy":"allergens","embeddable":true,"href":"https:\/\/godisfabricabusiness.com\/es\/wp-json\/wp\/v2\/allergens?post=5382"}],"curies":[{"name":"wp","href":"https:\/\/api.w.org\/{rel}","templated":true}]}}