{"id":5384,"date":"2024-03-13T07:36:28","date_gmt":"2024-03-13T06:36:28","guid":{"rendered":"https:\/\/godisfabricabusiness.com\/?post_type=product&#038;p=5384"},"modified":"2026-01-10T18:00:16","modified_gmt":"2026-01-10T17:00:16","slug":"chewing-gum-fruits","status":"publish","type":"product","link":"https:\/\/godisfabricabusiness.com\/es\/producto\/chewing-gum-fruits\/","title":{"rendered":"Chicles de Fruta"},"content":{"rendered":"<p data-start=\"117\" data-end=\"176\">Chicles de fruta \u2013 \u00a1Peque\u00f1os por fuera, sabor jugoso a lo grande!<\/p>\n<p data-start=\"178\" data-end=\"415\">Estos mini chicles de fruta son tan adorables como sabrosos. Con forma de lim\u00f3n, mel\u00f3n, naranja, pera y fresa, cada uno te sorprende con un estallido de sabor dulce y afrutado. Es como una macedonia.. pero masticable y sin pelar.<\/p>\n<p data-start=\"417\" data-end=\"568\">Divertidos, originales y totalmente adictivos, los Chicles de Fruta son perfectos para ni\u00f1os, adultos nost\u00e1lgicos o cualquier amante de los chicles con un toque frutal y simp\u00e1tico. Peque\u00f1os por fuera. Imposibles de dejar de masticar.<\/p>","protected":false},"excerpt":{"rendered":"<p>4 unidades - 26g<\/p>","protected":false},"featured_media":17845,"comment_status":"open","ping_status":"closed","template":"","meta":[],"product_brand":[],"product_cat":[225],"product_tag":[544,704,703,583,706,508,540,507,611,705,702,503,707,708],"flavor":[424,411],"allergens":[426,428],"class_list":{"0":"post-5384","1":"product","2":"type-product","3":"status-publish","4":"has-post-thumbnail","6":"product_cat-bulk-candy-godis-fabrica","7":"product_tag-bubblegum","8":"product_tag-cheawing-gum","9":"product_tag-chewing","10":"product_tag-chewy","11":"product_tag-chicle","12":"product_tag-fruit","13":"product_tag-fruit-candy","14":"product_tag-fruity","15":"product_tag-frutas","16":"product_tag-gum","17":"product_tag-new","18":"product_tag-popular","19":"product_tag-purkka","20":"product_tag-tuggummi-frukter","21":"flavor-bubblegum","22":"flavor-fruity","23":"allergens-gelatin-free","24":"allergens-gluten-free","26":"first","27":"outofstock","28":"taxable","29":"shipping-taxable","30":"purchasable","31":"product-type-simple"},"_links":{"self":[{"href":"https:\/\/godisfabricabusiness.com\/es\/wp-json\/wp\/v2\/product\/5384","targetHints":{"allow":["GET"]}}],"collection":[{"href":"https:\/\/godisfabricabusiness.com\/es\/wp-json\/wp\/v2\/product"}],"about":[{"href":"https:\/\/godisfabricabusiness.com\/es\/wp-json\/wp\/v2\/types\/product"}],"replies":[{"embeddable":true,"href":"https:\/\/godisfabricabusiness.com\/es\/wp-json\/wp\/v2\/comments?post=5384"}],"wp:featuredmedia":[{"embeddable":true,"href":"https:\/\/godisfabricabusiness.com\/es\/wp-json\/wp\/v2\/media\/17845"}],"wp:attachment":[{"href":"https:\/\/godisfabricabusiness.com\/es\/wp-json\/wp\/v2\/media?parent=5384"}],"wp:term":[{"taxonomy":"product_brand","embeddable":true,"href":"https:\/\/godisfabricabusiness.com\/es\/wp-json\/wp\/v2\/product_brand?post=5384"},{"taxonomy":"product_cat","embeddable":true,"href":"https:\/\/godisfabricabusiness.com\/es\/wp-json\/wp\/v2\/product_cat?post=5384"},{"taxonomy":"product_tag","embeddable":true,"href":"https:\/\/godisfabricabusiness.com\/es\/wp-json\/wp\/v2\/product_tag?post=5384"},{"taxonomy":"flavor","embeddable":true,"href":"https:\/\/godisfabricabusiness.com\/es\/wp-json\/wp\/v2\/flavor?post=5384"},{"taxonomy":"allergens","embeddable":true,"href":"https:\/\/godisfabricabusiness.com\/es\/wp-json\/wp\/v2\/allergens?post=5384"}],"curies":[{"name":"wp","href":"https:\/\/api.w.org\/{rel}","templated":true}]}}