{"id":5400,"date":"2024-03-13T10:59:41","date_gmt":"2024-03-13T09:59:41","guid":{"rendered":"https:\/\/godisfabricabusiness.com\/?post_type=product&#038;p=5400"},"modified":"2026-01-10T18:00:16","modified_gmt":"2026-01-10T17:00:16","slug":"sea-salt-fudge","status":"publish","type":"product","link":"https:\/\/godisfabricabusiness.com\/es\/producto\/sea-salt-fudge\/","title":{"rendered":"Fudge de Sal Marina"},"content":{"rendered":"<p>Fudge de Sal Marina \u2013 \u00a1El fudge elegante que marca tendencia!<\/p>\n<p>Presentamos el Fudge con Sal Marina de Lonka: una delicia rica y mantecosa que sabe como un c\u00e1lido abrazo de una ola de caramelo y una educada bofetada de un salero. Este fudge no solo se derrite en tu boca: entra con estilo, da una vuelta y te recuerda con toda naturalidad que es mucho m\u00e1s moderno que t\u00fa.<\/p>\n<p>Seguramente ya te diste cuenta de que todos se est\u00e1n subiendo al tren de la sal marina. Es el equivalente foodie a llevar gafas de sol enormes y llamar \u201cbeb\u00e9 peludo\u201d a tu perro. Pero Lonka ha estado dulcemente adelantado a su tiempo desde 1920, cuando las \u00fanicas influencers eran las abuelas y las \u00fanicas tendencias eran los zuecos de madera.<\/p>\n<p>Elaborado por humanos de verdad (no robots ni chefs hipsters con bigotes ir\u00f3nicos), este fudge se hace con ingredientes frescos, naturales y mucho amor holand\u00e9s. Nada de cosas artificiales, solo autenticidad artesanal envuelta en el encanto atemporal de una marca que lleva \u201cfudgeando\u201d todo, de la mejor manera, desde hace m\u00e1s de 100 a\u00f1os. Advertencia: puede provocar antojos incontrolables de fudge y repentinas ganas de hablar con un acento holand\u00e9s. Date el gusto de probar una tradici\u00f3n\u2026 con un giro muy a la moda.<\/p>","protected":false},"excerpt":{"rendered":"<p>3 unidades - 27g<\/p>","protected":false},"featured_media":6148,"comment_status":"open","ping_status":"closed","template":"","meta":[],"product_brand":[],"product_cat":[294,225],"product_tag":[227,580,551,716,481,1797,1796,480,503,1021,1795,1471,865,561,719,720,226,717,235,1472],"flavor":[416,423,419,414],"allergens":[426,428],"class_list":{"0":"post-5400","1":"product","2":"type-product","3":"status-publish","4":"has-post-thumbnail","6":"product_cat-top-50-godis-fabrica","7":"product_cat-bulk-candy-godis-fabrica","8":"product_tag-caramel","9":"product_tag-caramelo","10":"product_tag-cloetta","11":"product_tag-duo-fudge","12":"product_tag-fudge","13":"product_tag-fudge-con-sal","14":"product_tag-fudge-salado","15":"product_tag-lonka","16":"product_tag-popular","17":"product_tag-sal","18":"product_tag-sal-de-marina","19":"product_tag-sal-marina","20":"product_tag-salt","21":"product_tag-salty","22":"product_tag-sea-salt","23":"product_tag-sea-salt-fudge","24":"product_tag-toffee","25":"product_tag-toffee-fudge","26":"product_tag-toffy","27":"product_tag-trendsetter","28":"flavor-caramel-toffee","29":"flavor-fudge","30":"flavor-palm-oil-free","31":"flavor-salty","32":"allergens-gelatin-free","33":"allergens-gluten-free","35":"first","36":"outofstock","37":"taxable","38":"shipping-taxable","39":"purchasable","40":"product-type-simple"},"_links":{"self":[{"href":"https:\/\/godisfabricabusiness.com\/es\/wp-json\/wp\/v2\/product\/5400","targetHints":{"allow":["GET"]}}],"collection":[{"href":"https:\/\/godisfabricabusiness.com\/es\/wp-json\/wp\/v2\/product"}],"about":[{"href":"https:\/\/godisfabricabusiness.com\/es\/wp-json\/wp\/v2\/types\/product"}],"replies":[{"embeddable":true,"href":"https:\/\/godisfabricabusiness.com\/es\/wp-json\/wp\/v2\/comments?post=5400"}],"wp:featuredmedia":[{"embeddable":true,"href":"https:\/\/godisfabricabusiness.com\/es\/wp-json\/wp\/v2\/media\/6148"}],"wp:attachment":[{"href":"https:\/\/godisfabricabusiness.com\/es\/wp-json\/wp\/v2\/media?parent=5400"}],"wp:term":[{"taxonomy":"product_brand","embeddable":true,"href":"https:\/\/godisfabricabusiness.com\/es\/wp-json\/wp\/v2\/product_brand?post=5400"},{"taxonomy":"product_cat","embeddable":true,"href":"https:\/\/godisfabricabusiness.com\/es\/wp-json\/wp\/v2\/product_cat?post=5400"},{"taxonomy":"product_tag","embeddable":true,"href":"https:\/\/godisfabricabusiness.com\/es\/wp-json\/wp\/v2\/product_tag?post=5400"},{"taxonomy":"flavor","embeddable":true,"href":"https:\/\/godisfabricabusiness.com\/es\/wp-json\/wp\/v2\/flavor?post=5400"},{"taxonomy":"allergens","embeddable":true,"href":"https:\/\/godisfabricabusiness.com\/es\/wp-json\/wp\/v2\/allergens?post=5400"}],"curies":[{"name":"wp","href":"https:\/\/api.w.org\/{rel}","templated":true}]}}