{"id":5412,"date":"2024-03-13T13:25:07","date_gmt":"2024-03-13T12:25:07","guid":{"rendered":"https:\/\/godisfabricabusiness.com\/?post_type=product&#038;p=5412"},"modified":"2026-01-10T18:00:16","modified_gmt":"2026-01-10T17:00:16","slug":"marianne-candy-fazer-godis-fabrica","status":"publish","type":"product","link":"https:\/\/godisfabricabusiness.com\/es\/producto\/marianne-candy-fazer-godis-fabrica\/","title":{"rendered":"Marianne"},"content":{"rendered":"<p>El caramelo Marianne tiene una gruesa capa refrescante con sabor a menta que esconde un coraz\u00f3n de chocolate en su interior. En otras palabras, tiene una capa de menta fresca y crujiente y delicioso relleno de chocolate oscuro. \u00a1Con su envoltorio a rayas rojas y blancas, Marianne es instant\u00e1neamente reconocible!<\/p>\n<p>El caramelo original Marianne se produce en Lappeenranta (Finlandia) a una tasa de m\u00e1s de un mill\u00f3n de kilogramos anualmente. Este delicioso y encantador dulce es un cl\u00e1sico querido que se ha fabricado desde 1949. La combinaci\u00f3n \u00fanica de menta y chocolate en Marianne ha sido una favorita entre los consumidores durante d\u00e9cadas.<\/p>\n<p>\u00bfSabes de la historia de Marianne? Apuesto a que no\u2026 as\u00ed que sigue leyendo.<\/p>\n<p>La Marianne tuvo su origen en las manos de los fabricantes de dulces finlandeses Aimo Martikainen y Antti \u00d6sterman. La golosina Marianne combina la \"tradici\u00f3n de confiter\u00eda rusa\" con sabor franc\u00e9s. El producto fue concebido durante la guerra en Finlandia, pero la producci\u00f3n real comenz\u00f3 solo en 1949 despu\u00e9s de las guerras.<\/p>\n<p>Incluso antes de que el futuro \u00e9xito de dulces fuera nombrado Marianne, las rayas en el envoltorio estaban en su lugar, y el molde familiar en forma de lira para la producci\u00f3n estaba en uso. A sugerencia del artista Aimo Vuorinen, el dulce fue envuelto en papel de rayas cl\u00e1sicas rojas y blancas. La forma del caramelo Marianne ha permanecido igual desde el principio. Y de hecho, el nombre original del caramelo, Lyhde, proviene de la forma. \u00a1Esta hermosa forma de Marianne hace que este caramelo sea tan encantador!<\/p>\n<p>Ahora... t\u00fa sabes.<\/p>","protected":false},"excerpt":{"rendered":"<p>3 unidades \u2013 24g<\/p>","protected":false},"featured_media":6481,"comment_status":"open","ping_status":"closed","template":"","meta":[],"product_brand":[],"product_cat":[225,243],"product_tag":[465,230,462,229,467,469,725,721,724,460,723,722,468,464,726],"flavor":[412,420],"allergens":[426],"class_list":{"0":"post-5412","1":"product","2":"type-product","3":"status-publish","4":"has-post-thumbnail","6":"product_cat-bulk-candy-godis-fabrica","7":"product_cat-chocolates-godis-fabrica","8":"product_tag-bulk-candy","9":"product_tag-chocolate","10":"product_tag-crunchy","11":"product_tag-fazer","12":"product_tag-fazer-blue","13":"product_tag-finnish-chocolate","14":"product_tag-karkki","15":"product_tag-marianne","16":"product_tag-marianne-chocolate","17":"product_tag-mint","18":"product_tag-mint-cover","19":"product_tag-minty","20":"product_tag-original","21":"product_tag-pickmix","22":"product_tag-suomalainen","23":"flavor-chocolate","24":"flavor-mint","25":"allergens-gelatin-free","27":"first","28":"outofstock","29":"taxable","30":"shipping-taxable","31":"purchasable","32":"product-type-simple"},"_links":{"self":[{"href":"https:\/\/godisfabricabusiness.com\/es\/wp-json\/wp\/v2\/product\/5412","targetHints":{"allow":["GET"]}}],"collection":[{"href":"https:\/\/godisfabricabusiness.com\/es\/wp-json\/wp\/v2\/product"}],"about":[{"href":"https:\/\/godisfabricabusiness.com\/es\/wp-json\/wp\/v2\/types\/product"}],"replies":[{"embeddable":true,"href":"https:\/\/godisfabricabusiness.com\/es\/wp-json\/wp\/v2\/comments?post=5412"}],"wp:featuredmedia":[{"embeddable":true,"href":"https:\/\/godisfabricabusiness.com\/es\/wp-json\/wp\/v2\/media\/6481"}],"wp:attachment":[{"href":"https:\/\/godisfabricabusiness.com\/es\/wp-json\/wp\/v2\/media?parent=5412"}],"wp:term":[{"taxonomy":"product_brand","embeddable":true,"href":"https:\/\/godisfabricabusiness.com\/es\/wp-json\/wp\/v2\/product_brand?post=5412"},{"taxonomy":"product_cat","embeddable":true,"href":"https:\/\/godisfabricabusiness.com\/es\/wp-json\/wp\/v2\/product_cat?post=5412"},{"taxonomy":"product_tag","embeddable":true,"href":"https:\/\/godisfabricabusiness.com\/es\/wp-json\/wp\/v2\/product_tag?post=5412"},{"taxonomy":"flavor","embeddable":true,"href":"https:\/\/godisfabricabusiness.com\/es\/wp-json\/wp\/v2\/flavor?post=5412"},{"taxonomy":"allergens","embeddable":true,"href":"https:\/\/godisfabricabusiness.com\/es\/wp-json\/wp\/v2\/allergens?post=5412"}],"curies":[{"name":"wp","href":"https:\/\/api.w.org\/{rel}","templated":true}]}}