{"id":5446,"date":"2024-03-17T10:42:38","date_gmt":"2024-03-17T09:42:38","guid":{"rendered":"https:\/\/godisfabricabusiness.com\/?post_type=product&#038;p=5446"},"modified":"2026-01-10T18:02:15","modified_gmt":"2026-01-10T17:02:15","slug":"fazermint-mint-chocolate-godis-fabrica","status":"publish","type":"product","link":"https:\/\/godisfabricabusiness.com\/es\/producto\/fazermint-mint-chocolate-godis-fabrica\/","title":{"rendered":"Chocolate Fazermenta"},"content":{"rendered":"<p>\u00a1Fazermint Chocolate es una combinaci\u00f3n de menta fresca y lujoso chocolate negro que encantar\u00e1 a cualquier amante del chocolate! \u00a1Este sabor es familiar para todo el mundo!<\/p>\n<p><span data-v-ca8e1706=\"\" data-epi-edit=\"TextContent\">Fazermint \u2013<\/span><span data-v-ca8e1706=\"\" data-epi-edit=\"TextContent\">la ic\u00f3nica y tradicionalmente finlandes se lanz\u00f3 por primera vez en 1963. <\/span>Desde 1963, el exclusivo Fazermenta se ha convertido en uno de los productos internacionales, m\u00e1s conocidos y queridos de Fazer. Fazermint es conocida mundialmente por sus llamativos envoltorios plateados que la convierten en un regalo perfecto.<\/p>\n<p>La mezcla \u00fanica de Fazermint de relleno de menta fresco y cremoso junto con un chocolate negro ha convertido al delicioso pralin\u00e9 en ocasiones especiales. Hasta el d\u00eda de hoy, los Fazermints se elaboran con la receta original: mitad de chocolate negro aut\u00e9ntico y mitad de crema de menta hecha de menta aut\u00e9ntica. \u00a1Fazermint es un lujo cotidiano hecho para compartir!<\/p>\n<p>&nbsp;<\/p>","protected":false},"excerpt":{"rendered":"<p>3 unidades \u2013 24g<\/p>","protected":false},"featured_media":6487,"comment_status":"open","ping_status":"closed","template":"","meta":[],"product_brand":[],"product_cat":[225,243],"product_tag":[465,230,462,229,467,469,725,721,724,460,723,722,468,464,726],"flavor":[412,420],"allergens":[],"class_list":{"0":"post-5446","1":"product","2":"type-product","3":"status-publish","4":"has-post-thumbnail","6":"product_cat-bulk-candy-godis-fabrica","7":"product_cat-chocolates-godis-fabrica","8":"product_tag-bulk-candy","9":"product_tag-chocolate","10":"product_tag-crunchy","11":"product_tag-fazer","12":"product_tag-fazer-blue","13":"product_tag-finnish-chocolate","14":"product_tag-karkki","15":"product_tag-marianne","16":"product_tag-marianne-chocolate","17":"product_tag-mint","18":"product_tag-mint-cover","19":"product_tag-minty","20":"product_tag-original","21":"product_tag-pickmix","22":"product_tag-suomalainen","23":"flavor-chocolate","24":"flavor-mint","26":"first","27":"outofstock","28":"taxable","29":"shipping-taxable","30":"purchasable","31":"product-type-simple"},"_links":{"self":[{"href":"https:\/\/godisfabricabusiness.com\/es\/wp-json\/wp\/v2\/product\/5446","targetHints":{"allow":["GET"]}}],"collection":[{"href":"https:\/\/godisfabricabusiness.com\/es\/wp-json\/wp\/v2\/product"}],"about":[{"href":"https:\/\/godisfabricabusiness.com\/es\/wp-json\/wp\/v2\/types\/product"}],"replies":[{"embeddable":true,"href":"https:\/\/godisfabricabusiness.com\/es\/wp-json\/wp\/v2\/comments?post=5446"}],"wp:featuredmedia":[{"embeddable":true,"href":"https:\/\/godisfabricabusiness.com\/es\/wp-json\/wp\/v2\/media\/6487"}],"wp:attachment":[{"href":"https:\/\/godisfabricabusiness.com\/es\/wp-json\/wp\/v2\/media?parent=5446"}],"wp:term":[{"taxonomy":"product_brand","embeddable":true,"href":"https:\/\/godisfabricabusiness.com\/es\/wp-json\/wp\/v2\/product_brand?post=5446"},{"taxonomy":"product_cat","embeddable":true,"href":"https:\/\/godisfabricabusiness.com\/es\/wp-json\/wp\/v2\/product_cat?post=5446"},{"taxonomy":"product_tag","embeddable":true,"href":"https:\/\/godisfabricabusiness.com\/es\/wp-json\/wp\/v2\/product_tag?post=5446"},{"taxonomy":"flavor","embeddable":true,"href":"https:\/\/godisfabricabusiness.com\/es\/wp-json\/wp\/v2\/flavor?post=5446"},{"taxonomy":"allergens","embeddable":true,"href":"https:\/\/godisfabricabusiness.com\/es\/wp-json\/wp\/v2\/allergens?post=5446"}],"curies":[{"name":"wp","href":"https:\/\/api.w.org\/{rel}","templated":true}]}}