{"id":5449,"date":"2024-03-17T11:42:38","date_gmt":"2024-03-17T10:42:38","guid":{"rendered":"https:\/\/godisfabricabusiness.com\/?post_type=product&#038;p=5449"},"modified":"2026-01-10T18:00:16","modified_gmt":"2026-01-10T17:00:16","slug":"patroner-raspberry-liquorice","status":"publish","type":"product","link":"https:\/\/godisfabricabusiness.com\/es\/producto\/patroner-raspberry-liquorice\/","title":{"rendered":"Patroner Frambuesa y Regaliz"},"content":{"rendered":"<p>Patroner Frambuesa y Regaliz son caramelos duros con sabor a frambuesa y regaliz. A los escandinavos les encantan estos dulces por su deliciosa combinaci\u00f3n de sabores. En el interior del caramelo, encontrar\u00e1s un toque de polvo \u00e1cido que realza a\u00fan m\u00e1s la experiencia. \u00a1Pero ten cuidado! Una vez que abres la bolsa, es dif\u00edcil dejar de comerlos.<\/p>","protected":false},"excerpt":{"rendered":"<p>3 unidades \u2013 29g<\/p>","protected":false},"featured_media":6575,"comment_status":"open","ping_status":"closed","template":"","meta":[],"product_brand":[],"product_cat":[225],"product_tag":[1260,1326,631,729,1259,924,559,236,529,727,728,446,677,561,699,568],"flavor":[411,413,414,422],"allergens":[426],"class_list":{"0":"post-5449","1":"product","2":"type-product","3":"status-publish","4":"has-post-thumbnail","6":"product_cat-bulk-candy-godis-fabrica","7":"product_tag-caramelo-duro","8":"product_tag-caramelos-duros","9":"product_tag-frambuesa","10":"product_tag-hallon","11":"product_tag-hard","12":"product_tag-hard-candy","13":"product_tag-lakritsi","14":"product_tag-licorice","15":"product_tag-liquorice","16":"product_tag-patroner","17":"product_tag-patroner-lakrits-hallon","18":"product_tag-raspberry","19":"product_tag-regaliz","20":"product_tag-salty","21":"product_tag-sweet-and-salty","22":"product_tag-vadelma","23":"flavor-fruity","24":"flavor-liquorice","25":"flavor-salty","26":"flavor-wrapped","27":"allergens-gelatin-free","29":"first","30":"outofstock","31":"taxable","32":"shipping-taxable","33":"purchasable","34":"product-type-simple"},"_links":{"self":[{"href":"https:\/\/godisfabricabusiness.com\/es\/wp-json\/wp\/v2\/product\/5449","targetHints":{"allow":["GET"]}}],"collection":[{"href":"https:\/\/godisfabricabusiness.com\/es\/wp-json\/wp\/v2\/product"}],"about":[{"href":"https:\/\/godisfabricabusiness.com\/es\/wp-json\/wp\/v2\/types\/product"}],"replies":[{"embeddable":true,"href":"https:\/\/godisfabricabusiness.com\/es\/wp-json\/wp\/v2\/comments?post=5449"}],"wp:featuredmedia":[{"embeddable":true,"href":"https:\/\/godisfabricabusiness.com\/es\/wp-json\/wp\/v2\/media\/6575"}],"wp:attachment":[{"href":"https:\/\/godisfabricabusiness.com\/es\/wp-json\/wp\/v2\/media?parent=5449"}],"wp:term":[{"taxonomy":"product_brand","embeddable":true,"href":"https:\/\/godisfabricabusiness.com\/es\/wp-json\/wp\/v2\/product_brand?post=5449"},{"taxonomy":"product_cat","embeddable":true,"href":"https:\/\/godisfabricabusiness.com\/es\/wp-json\/wp\/v2\/product_cat?post=5449"},{"taxonomy":"product_tag","embeddable":true,"href":"https:\/\/godisfabricabusiness.com\/es\/wp-json\/wp\/v2\/product_tag?post=5449"},{"taxonomy":"flavor","embeddable":true,"href":"https:\/\/godisfabricabusiness.com\/es\/wp-json\/wp\/v2\/flavor?post=5449"},{"taxonomy":"allergens","embeddable":true,"href":"https:\/\/godisfabricabusiness.com\/es\/wp-json\/wp\/v2\/allergens?post=5449"}],"curies":[{"name":"wp","href":"https:\/\/api.w.org\/{rel}","templated":true}]}}