{"id":5453,"date":"2024-03-17T11:52:50","date_gmt":"2024-03-17T10:52:50","guid":{"rendered":"https:\/\/godisfabricabusiness.com\/?post_type=product&#038;p=5453"},"modified":"2026-01-10T18:00:16","modified_gmt":"2026-01-10T17:00:16","slug":"patroner-sour-candy-godis-fabrica","status":"publish","type":"product","link":"https:\/\/godisfabricabusiness.com\/es\/producto\/patroner-sour-candy-godis-fabrica\/","title":{"rendered":"Patroner \u00c1cido"},"content":{"rendered":"<p>Patroner \u00c1cido son caramelos duros \u00e1cidos en sabores de frutas variados. Dulces muy queridos en Suecia. Oye, cuando empiezas con uno... es dif\u00edcil dejar de comerlos.<\/p>","protected":false},"excerpt":{"rendered":"<p>3 unidades \u2013 29g<\/p>","protected":false},"featured_media":6578,"comment_status":"open","ping_status":"closed","template":"","meta":[],"product_brand":[],"product_cat":[225],"product_tag":[1128,731,1260,1326,1110,508,540,507,611,924,1809,727,730,435,585,552],"flavor":[411,415,422],"allergens":[426],"class_list":{"0":"post-5453","1":"product","2":"type-product","3":"status-publish","4":"has-post-thumbnail","6":"product_cat-bulk-candy-godis-fabrica","7":"product_tag-acida","8":"product_tag-acido","9":"product_tag-caramelo-duro","10":"product_tag-caramelos-duros","11":"product_tag-chuches-acidas","12":"product_tag-fruit","13":"product_tag-fruit-candy","14":"product_tag-fruity","15":"product_tag-frutas","16":"product_tag-hard-candy","17":"product_tag-muy-acida","18":"product_tag-patroner","19":"product_tag-patroner-sour","20":"product_tag-sour","21":"product_tag-sour-candy","22":"product_tag-swedish-candy","23":"flavor-fruity","24":"flavor-sour","25":"flavor-wrapped","26":"allergens-gelatin-free","28":"first","29":"outofstock","30":"taxable","31":"shipping-taxable","32":"purchasable","33":"product-type-simple"},"_links":{"self":[{"href":"https:\/\/godisfabricabusiness.com\/es\/wp-json\/wp\/v2\/product\/5453","targetHints":{"allow":["GET"]}}],"collection":[{"href":"https:\/\/godisfabricabusiness.com\/es\/wp-json\/wp\/v2\/product"}],"about":[{"href":"https:\/\/godisfabricabusiness.com\/es\/wp-json\/wp\/v2\/types\/product"}],"replies":[{"embeddable":true,"href":"https:\/\/godisfabricabusiness.com\/es\/wp-json\/wp\/v2\/comments?post=5453"}],"wp:featuredmedia":[{"embeddable":true,"href":"https:\/\/godisfabricabusiness.com\/es\/wp-json\/wp\/v2\/media\/6578"}],"wp:attachment":[{"href":"https:\/\/godisfabricabusiness.com\/es\/wp-json\/wp\/v2\/media?parent=5453"}],"wp:term":[{"taxonomy":"product_brand","embeddable":true,"href":"https:\/\/godisfabricabusiness.com\/es\/wp-json\/wp\/v2\/product_brand?post=5453"},{"taxonomy":"product_cat","embeddable":true,"href":"https:\/\/godisfabricabusiness.com\/es\/wp-json\/wp\/v2\/product_cat?post=5453"},{"taxonomy":"product_tag","embeddable":true,"href":"https:\/\/godisfabricabusiness.com\/es\/wp-json\/wp\/v2\/product_tag?post=5453"},{"taxonomy":"flavor","embeddable":true,"href":"https:\/\/godisfabricabusiness.com\/es\/wp-json\/wp\/v2\/flavor?post=5453"},{"taxonomy":"allergens","embeddable":true,"href":"https:\/\/godisfabricabusiness.com\/es\/wp-json\/wp\/v2\/allergens?post=5453"}],"curies":[{"name":"wp","href":"https:\/\/api.w.org\/{rel}","templated":true}]}}