{"id":5455,"date":"2024-03-17T12:29:14","date_gmt":"2024-03-17T11:29:14","guid":{"rendered":"https:\/\/godisfabricabusiness.com\/?post_type=product&#038;p=5455"},"modified":"2026-01-10T18:00:16","modified_gmt":"2026-01-10T17:00:16","slug":"caramel-mushrooms-foam-godis-fabrica","status":"publish","type":"product","link":"https:\/\/godisfabricabusiness.com\/es\/producto\/caramel-mushrooms-foam-godis-fabrica\/","title":{"rendered":"Setas Caramelo"},"content":{"rendered":"<p>Setas de Caramelo \u2013 Las setas de caramelo son el ep\u00edtome de las chuches. \u00bfQui\u00e9n no las amar\u00eda? Con su delicioso sabor a caramelo (toffee) y su suave textura de nube, estos cl\u00e1sicos dulces son imposibles de resistir. Tanto si eres un fan de toda la vida como si las descubres por primera vez, estas setas satisfar\u00e1n tu gusto por lo dulce y te dejar\u00e1n con ganas de m\u00e1s. \u00a1Disfruta de la nostalgia y date un capricho con estas delicias hoy mismo! No te olvides de probar tambi\u00e9n las Setas Frutales.<\/p>","protected":false},"excerpt":{"rendered":"<p>10 unidades - 27g<\/p>","protected":false},"featured_media":7181,"comment_status":"open","ping_status":"closed","template":"","meta":[],"product_brand":[],"product_cat":[225],"product_tag":[227,580,479,478,736,443,735,734,477,226],"flavor":[416,410],"allergens":[],"class_list":{"0":"post-5455","1":"product","2":"type-product","3":"status-publish","4":"has-post-thumbnail","6":"product_cat-bulk-candy-godis-fabrica","7":"product_tag-caramel","8":"product_tag-caramelo","9":"product_tag-championes","10":"product_tag-classic","11":"product_tag-espuma","12":"product_tag-foam","13":"product_tag-foamy","14":"product_tag-mushroom-candy","15":"product_tag-mushrooms","16":"product_tag-toffee","17":"flavor-caramel-toffee","18":"flavor-foam","20":"first","21":"outofstock","22":"taxable","23":"shipping-taxable","24":"purchasable","25":"product-type-simple"},"_links":{"self":[{"href":"https:\/\/godisfabricabusiness.com\/es\/wp-json\/wp\/v2\/product\/5455","targetHints":{"allow":["GET"]}}],"collection":[{"href":"https:\/\/godisfabricabusiness.com\/es\/wp-json\/wp\/v2\/product"}],"about":[{"href":"https:\/\/godisfabricabusiness.com\/es\/wp-json\/wp\/v2\/types\/product"}],"replies":[{"embeddable":true,"href":"https:\/\/godisfabricabusiness.com\/es\/wp-json\/wp\/v2\/comments?post=5455"}],"wp:featuredmedia":[{"embeddable":true,"href":"https:\/\/godisfabricabusiness.com\/es\/wp-json\/wp\/v2\/media\/7181"}],"wp:attachment":[{"href":"https:\/\/godisfabricabusiness.com\/es\/wp-json\/wp\/v2\/media?parent=5455"}],"wp:term":[{"taxonomy":"product_brand","embeddable":true,"href":"https:\/\/godisfabricabusiness.com\/es\/wp-json\/wp\/v2\/product_brand?post=5455"},{"taxonomy":"product_cat","embeddable":true,"href":"https:\/\/godisfabricabusiness.com\/es\/wp-json\/wp\/v2\/product_cat?post=5455"},{"taxonomy":"product_tag","embeddable":true,"href":"https:\/\/godisfabricabusiness.com\/es\/wp-json\/wp\/v2\/product_tag?post=5455"},{"taxonomy":"flavor","embeddable":true,"href":"https:\/\/godisfabricabusiness.com\/es\/wp-json\/wp\/v2\/flavor?post=5455"},{"taxonomy":"allergens","embeddable":true,"href":"https:\/\/godisfabricabusiness.com\/es\/wp-json\/wp\/v2\/allergens?post=5455"}],"curies":[{"name":"wp","href":"https:\/\/api.w.org\/{rel}","templated":true}]}}