{"id":5460,"date":"2024-03-17T15:43:31","date_gmt":"2024-03-17T14:43:31","guid":{"rendered":"https:\/\/godisfabricabusiness.com\/?post_type=product&#038;p=5460"},"modified":"2026-01-10T18:00:16","modified_gmt":"2026-01-10T17:00:16","slug":"liquorice-boats","status":"publish","type":"product","link":"https:\/\/godisfabricabusiness.com\/es\/producto\/liquorice-boats\/","title":{"rendered":"Barquitos de Regaliz"},"content":{"rendered":"<p class=\"\" data-start=\"61\" data-end=\"104\">Barquitos de Regaliz \u2013 \u00a1Ahoy, Capitanes de Chuches!<\/p>\n<p class=\"\" data-start=\"106\" data-end=\"356\">\u00a1Ahoy, capitanes de chuches! Los Barquitos de Regaliz son un dulce sueco que todos, desde los m\u00e1s peque\u00f1os hasta las abuelas, querr\u00e1n apoderarse. Estas peque\u00f1as chuches en forma de barco, de color negro, est\u00e1n llenas de un sabor intenso a regaliz y listas para zarpar directamente hacia tu boca.<\/p>\n<p class=\"\" data-start=\"358\" data-end=\"636\">Perfectos para zarpar durante noches de pel\u00edcula, misiones de snacks furtivos o cuando te hagas pasar por un vikingo amante del regaliz. No necesitas ser un pirata, pero podr\u00edas encontrarte gritando \u201c\u00a1Qu\u00e9 rico!\u201d lo suficientemente fuerte como para asustar a los vecinos. Olv\u00eddate de los cruceros\u2014este es el verdadero viaje!<\/p>","protected":false},"excerpt":{"rendered":"<p>5 unidades \u2013 21g<\/p>","protected":false},"featured_media":16937,"comment_status":"open","ping_status":"closed","template":"","meta":[],"product_brand":[],"product_cat":[225],"product_tag":[1469,740,1468,739,1470,743,742,558,236,529,677,561,697],"flavor":[413,414],"allergens":[428],"class_list":{"0":"post-5460","1":"product","2":"type-product","3":"status-publish","4":"has-post-thumbnail","6":"product_cat-bulk-candy-godis-fabrica","7":"product_tag-barco","8":"product_tag-batmix","9":"product_tag-boat","10":"product_tag-boats","11":"product_tag-chuches-regaliz","12":"product_tag-lakrits","13":"product_tag-laksritsi","14":"product_tag-laku","15":"product_tag-licorice","16":"product_tag-liquorice","17":"product_tag-regaliz","18":"product_tag-salty","19":"product_tag-sweet-liquorice","20":"flavor-liquorice","21":"flavor-salty","22":"allergens-gluten-free","24":"first","25":"outofstock","26":"taxable","27":"shipping-taxable","28":"purchasable","29":"product-type-simple"},"_links":{"self":[{"href":"https:\/\/godisfabricabusiness.com\/es\/wp-json\/wp\/v2\/product\/5460","targetHints":{"allow":["GET"]}}],"collection":[{"href":"https:\/\/godisfabricabusiness.com\/es\/wp-json\/wp\/v2\/product"}],"about":[{"href":"https:\/\/godisfabricabusiness.com\/es\/wp-json\/wp\/v2\/types\/product"}],"replies":[{"embeddable":true,"href":"https:\/\/godisfabricabusiness.com\/es\/wp-json\/wp\/v2\/comments?post=5460"}],"wp:featuredmedia":[{"embeddable":true,"href":"https:\/\/godisfabricabusiness.com\/es\/wp-json\/wp\/v2\/media\/16937"}],"wp:attachment":[{"href":"https:\/\/godisfabricabusiness.com\/es\/wp-json\/wp\/v2\/media?parent=5460"}],"wp:term":[{"taxonomy":"product_brand","embeddable":true,"href":"https:\/\/godisfabricabusiness.com\/es\/wp-json\/wp\/v2\/product_brand?post=5460"},{"taxonomy":"product_cat","embeddable":true,"href":"https:\/\/godisfabricabusiness.com\/es\/wp-json\/wp\/v2\/product_cat?post=5460"},{"taxonomy":"product_tag","embeddable":true,"href":"https:\/\/godisfabricabusiness.com\/es\/wp-json\/wp\/v2\/product_tag?post=5460"},{"taxonomy":"flavor","embeddable":true,"href":"https:\/\/godisfabricabusiness.com\/es\/wp-json\/wp\/v2\/flavor?post=5460"},{"taxonomy":"allergens","embeddable":true,"href":"https:\/\/godisfabricabusiness.com\/es\/wp-json\/wp\/v2\/allergens?post=5460"}],"curies":[{"name":"wp","href":"https:\/\/api.w.org\/{rel}","templated":true}]}}