{"id":5462,"date":"2024-03-17T15:57:04","date_gmt":"2024-03-17T14:57:04","guid":{"rendered":"https:\/\/godisfabricabusiness.com\/?post_type=product&#038;p=5462"},"modified":"2026-01-10T18:00:15","modified_gmt":"2026-01-10T17:00:15","slug":"banana-foam-chocolate-godis-fabrica","status":"publish","type":"product","link":"https:\/\/godisfabricabusiness.com\/es\/producto\/banana-foam-chocolate-godis-fabrica\/","title":{"rendered":"Pl\u00e1tano de Espuma Grande"},"content":{"rendered":"<p>Los Pl\u00e1tanos de Espuma son una deliciosa espuma con sabor a pl\u00e1tano cubierta de chocolate con leche. Consulta todas las opciones disponibles en Godis Fabrica. Caramelos de chocolate espumoso de diferentes formas y sabores. Enormes pl\u00e1tanos suaves recubiertos de un delicioso chocolate con leche cremoso.<\/p>","protected":false},"excerpt":{"rendered":"<p>1 unidad \u2013 25g<\/p>","protected":false},"featured_media":6023,"comment_status":"open","ping_status":"closed","template":"","meta":[],"product_brand":[],"product_cat":[225,243],"product_tag":[475,747,665,230,744,651,478,736,443,735,745,570,746],"flavor":[412,410],"allergens":[],"class_list":{"0":"post-5462","1":"product","2":"type-product","3":"status-publish","4":"has-post-thumbnail","6":"product_cat-bulk-candy-godis-fabrica","7":"product_cat-chocolates-godis-fabrica","8":"product_tag-banana","9":"product_tag-banana-foam","10":"product_tag-big-candy","11":"product_tag-chocolate","12":"product_tag-chocolate-candy","13":"product_tag-chocolate-cover","14":"product_tag-classic","15":"product_tag-espuma","16":"product_tag-foam","17":"product_tag-foamy","18":"product_tag-pehmea","19":"product_tag-suklaa","20":"product_tag-vaahtokarkki","21":"flavor-chocolate","22":"flavor-foam","24":"first","25":"outofstock","26":"taxable","27":"shipping-taxable","28":"purchasable","29":"product-type-simple"},"_links":{"self":[{"href":"https:\/\/godisfabricabusiness.com\/es\/wp-json\/wp\/v2\/product\/5462","targetHints":{"allow":["GET"]}}],"collection":[{"href":"https:\/\/godisfabricabusiness.com\/es\/wp-json\/wp\/v2\/product"}],"about":[{"href":"https:\/\/godisfabricabusiness.com\/es\/wp-json\/wp\/v2\/types\/product"}],"replies":[{"embeddable":true,"href":"https:\/\/godisfabricabusiness.com\/es\/wp-json\/wp\/v2\/comments?post=5462"}],"wp:featuredmedia":[{"embeddable":true,"href":"https:\/\/godisfabricabusiness.com\/es\/wp-json\/wp\/v2\/media\/6023"}],"wp:attachment":[{"href":"https:\/\/godisfabricabusiness.com\/es\/wp-json\/wp\/v2\/media?parent=5462"}],"wp:term":[{"taxonomy":"product_brand","embeddable":true,"href":"https:\/\/godisfabricabusiness.com\/es\/wp-json\/wp\/v2\/product_brand?post=5462"},{"taxonomy":"product_cat","embeddable":true,"href":"https:\/\/godisfabricabusiness.com\/es\/wp-json\/wp\/v2\/product_cat?post=5462"},{"taxonomy":"product_tag","embeddable":true,"href":"https:\/\/godisfabricabusiness.com\/es\/wp-json\/wp\/v2\/product_tag?post=5462"},{"taxonomy":"flavor","embeddable":true,"href":"https:\/\/godisfabricabusiness.com\/es\/wp-json\/wp\/v2\/flavor?post=5462"},{"taxonomy":"allergens","embeddable":true,"href":"https:\/\/godisfabricabusiness.com\/es\/wp-json\/wp\/v2\/allergens?post=5462"}],"curies":[{"name":"wp","href":"https:\/\/api.w.org\/{rel}","templated":true}]}}