{"id":5490,"date":"2024-03-17T19:55:40","date_gmt":"2024-03-17T18:55:40","guid":{"rendered":"https:\/\/godisfabricabusiness.com\/?post_type=product&#038;p=5490"},"modified":"2026-01-10T18:00:15","modified_gmt":"2026-01-10T17:00:15","slug":"sweet-liquorice-bubs-godis-fabrica","status":"publish","type":"product","link":"https:\/\/godisfabricabusiness.com\/es\/producto\/sweet-liquorice-bubs-godis-fabrica\/","title":{"rendered":"Bubs Regaliz Dulce"},"content":{"rendered":"<p class=\"p2\">Bubs Regaliz Dulce en sus palabras: tradici\u00f3n sueca con un toque de excelencia brit\u00e1nica. El campe\u00f3n del mundo no se disculpa por ser dulce. Es orgulloso y delicioso. Estos caramelos no contienen gelatina ni otros aditivos de origen animal.<\/p>","protected":false},"excerpt":{"rendered":"<p>4 unidades - 26g<\/p>","protected":false},"featured_media":6373,"comment_status":"open","ping_status":"closed","template":"","meta":[],"product_brand":[],"product_cat":[290,225],"product_tag":[434,236,529,787,677,698,517,561,697,291,445,607,455],"flavor":[410,413],"allergens":[426,425],"class_list":{"0":"post-5490","1":"product","2":"type-product","3":"status-publish","4":"has-post-thumbnail","6":"product_cat-vegan-products-godis-fabrica","7":"product_cat-bulk-candy-godis-fabrica","8":"product_tag-bubs","9":"product_tag-licorice","10":"product_tag-liquorice","11":"product_tag-makea-lakritsi","12":"product_tag-regaliz","13":"product_tag-regaliz-dulce","14":"product_tag-salmiak","15":"product_tag-salty","16":"product_tag-sweet-liquorice","17":"product_tag-vegan","18":"product_tag-vegan-candy","19":"product_tag-vegano","20":"product_tag-vegetarian","21":"flavor-foam","22":"flavor-liquorice","23":"allergens-gelatin-free","24":"allergens-vegan","26":"first","27":"outofstock","28":"taxable","29":"shipping-taxable","30":"purchasable","31":"product-type-simple"},"_links":{"self":[{"href":"https:\/\/godisfabricabusiness.com\/es\/wp-json\/wp\/v2\/product\/5490","targetHints":{"allow":["GET"]}}],"collection":[{"href":"https:\/\/godisfabricabusiness.com\/es\/wp-json\/wp\/v2\/product"}],"about":[{"href":"https:\/\/godisfabricabusiness.com\/es\/wp-json\/wp\/v2\/types\/product"}],"replies":[{"embeddable":true,"href":"https:\/\/godisfabricabusiness.com\/es\/wp-json\/wp\/v2\/comments?post=5490"}],"wp:featuredmedia":[{"embeddable":true,"href":"https:\/\/godisfabricabusiness.com\/es\/wp-json\/wp\/v2\/media\/6373"}],"wp:attachment":[{"href":"https:\/\/godisfabricabusiness.com\/es\/wp-json\/wp\/v2\/media?parent=5490"}],"wp:term":[{"taxonomy":"product_brand","embeddable":true,"href":"https:\/\/godisfabricabusiness.com\/es\/wp-json\/wp\/v2\/product_brand?post=5490"},{"taxonomy":"product_cat","embeddable":true,"href":"https:\/\/godisfabricabusiness.com\/es\/wp-json\/wp\/v2\/product_cat?post=5490"},{"taxonomy":"product_tag","embeddable":true,"href":"https:\/\/godisfabricabusiness.com\/es\/wp-json\/wp\/v2\/product_tag?post=5490"},{"taxonomy":"flavor","embeddable":true,"href":"https:\/\/godisfabricabusiness.com\/es\/wp-json\/wp\/v2\/flavor?post=5490"},{"taxonomy":"allergens","embeddable":true,"href":"https:\/\/godisfabricabusiness.com\/es\/wp-json\/wp\/v2\/allergens?post=5490"}],"curies":[{"name":"wp","href":"https:\/\/api.w.org\/{rel}","templated":true}]}}