{"id":5492,"date":"2024-03-17T20:13:18","date_gmt":"2024-03-17T19:13:18","guid":{"rendered":"https:\/\/godisfabricabusiness.com\/?post_type=product&#038;p=5492"},"modified":"2026-01-10T18:00:15","modified_gmt":"2026-01-10T17:00:15","slug":"strawberry-dream","status":"publish","type":"product","link":"https:\/\/godisfabricabusiness.com\/es\/producto\/strawberry-dream\/","title":{"rendered":"Sue\u00f1o de Fresa"},"content":{"rendered":"<p class=\"product_title entry-title\">Sue\u00f1o de Fresa \u2013 \u00a1Un caramelo tan bonito y delicioso que se siente como un sue\u00f1o muy dulce!<\/p>\n<p class=\"product_title entry-title\">Esta deliciosa chuche espumosa combina el jugoso sabor de las fresas con la suavidad de la vainilla, creando un equilibrio perfecto entre sabores afrutados y cremosos. El caramelo est\u00e1 cubierto con una capa de az\u00facar que hace que cada bocado sea a\u00fan m\u00e1s sabroso y totalmente irresistible. Ya sea que busques un peque\u00f1o capricho o un dulce sue\u00f1o para alegrar tu d\u00eda, Sue\u00f1o de Fresa est\u00e1 aqu\u00ed para satisfacer tus antojos.<\/p>\n<p class=\"product_title entry-title\">\u00a1Adelante, da un bocado\u2026 los sue\u00f1os s\u00ed se hacen realidad!<\/p>","protected":false},"excerpt":{"rendered":"<p>3 unidades \u2013 26g<\/p>","protected":false},"featured_media":15744,"comment_status":"open","ping_status":"closed","template":"","meta":[],"product_brand":[],"product_cat":[225],"product_tag":[629,628,615,508,540,507,611,750,632,503,446,522,788,604,231],"flavor":[410,411],"allergens":[428],"class_list":{"0":"post-5492","1":"product","2":"type-product","3":"status-publish","4":"has-post-thumbnail","6":"product_cat-bulk-candy-godis-fabrica","7":"product_tag-berries","8":"product_tag-berry","9":"product_tag-fresa","10":"product_tag-fruit","11":"product_tag-fruit-candy","12":"product_tag-fruity","13":"product_tag-frutas","14":"product_tag-mansikka","15":"product_tag-marja","16":"product_tag-popular","17":"product_tag-raspberry","18":"product_tag-strawberry","19":"product_tag-strawberry-dream","20":"product_tag-sweet","21":"product_tag-vanilla","22":"flavor-foam","23":"flavor-fruity","24":"allergens-gluten-free","26":"first","27":"outofstock","28":"taxable","29":"shipping-taxable","30":"purchasable","31":"product-type-simple"},"_links":{"self":[{"href":"https:\/\/godisfabricabusiness.com\/es\/wp-json\/wp\/v2\/product\/5492","targetHints":{"allow":["GET"]}}],"collection":[{"href":"https:\/\/godisfabricabusiness.com\/es\/wp-json\/wp\/v2\/product"}],"about":[{"href":"https:\/\/godisfabricabusiness.com\/es\/wp-json\/wp\/v2\/types\/product"}],"replies":[{"embeddable":true,"href":"https:\/\/godisfabricabusiness.com\/es\/wp-json\/wp\/v2\/comments?post=5492"}],"wp:featuredmedia":[{"embeddable":true,"href":"https:\/\/godisfabricabusiness.com\/es\/wp-json\/wp\/v2\/media\/15744"}],"wp:attachment":[{"href":"https:\/\/godisfabricabusiness.com\/es\/wp-json\/wp\/v2\/media?parent=5492"}],"wp:term":[{"taxonomy":"product_brand","embeddable":true,"href":"https:\/\/godisfabricabusiness.com\/es\/wp-json\/wp\/v2\/product_brand?post=5492"},{"taxonomy":"product_cat","embeddable":true,"href":"https:\/\/godisfabricabusiness.com\/es\/wp-json\/wp\/v2\/product_cat?post=5492"},{"taxonomy":"product_tag","embeddable":true,"href":"https:\/\/godisfabricabusiness.com\/es\/wp-json\/wp\/v2\/product_tag?post=5492"},{"taxonomy":"flavor","embeddable":true,"href":"https:\/\/godisfabricabusiness.com\/es\/wp-json\/wp\/v2\/flavor?post=5492"},{"taxonomy":"allergens","embeddable":true,"href":"https:\/\/godisfabricabusiness.com\/es\/wp-json\/wp\/v2\/allergens?post=5492"}],"curies":[{"name":"wp","href":"https:\/\/api.w.org\/{rel}","templated":true}]}}