{"id":5494,"date":"2024-03-17T20:23:30","date_gmt":"2024-03-17T19:23:30","guid":{"rendered":"https:\/\/godisfabricabusiness.com\/?post_type=product&#038;p=5494"},"modified":"2026-01-10T18:00:15","modified_gmt":"2026-01-10T17:00:15","slug":"soft-bite-vanilla","status":"publish","type":"product","link":"https:\/\/godisfabricabusiness.com\/es\/producto\/soft-bite-vanilla\/","title":{"rendered":"Bocado Suave de Vanilla"},"content":{"rendered":"<p>Bocado Suave de Vainilla - \u00a1Un dulce suave y delicioso!<\/p>\n<p>Suaves, espumosos y llenos de un cremoso sabor a vainilla, los \"vanilla softies\" son el snack perfecto para sentirte bien. Estos adorables dulces masticables y espumosos, del tama\u00f1o ideal para un bocado, son perfectos para cualquier momento del d\u00eda, cualquier d\u00eda de la semana, \u00a1porque seamos sinceros, nunca hay un mal momento para disfrutar de un toque dulce de vainilla!<\/p>\n<p>Pon uno (\u00a1o cinco!) en tu boca y disfruta de la experiencia suave, masticable y totalmente irresistible.<\/p>","protected":false},"excerpt":{"rendered":"<p>6 unidades \u2013 25g<\/p>","protected":false},"featured_media":6639,"comment_status":"open","ping_status":"closed","template":"","meta":[],"product_brand":[],"product_cat":[225],"product_tag":[443,738,503,604,789,790,749,231,791,748],"flavor":[410],"allergens":[428],"class_list":{"0":"post-5494","1":"product","2":"type-product","3":"status-publish","4":"has-post-thumbnail","6":"product_cat-bulk-candy-godis-fabrica","7":"product_tag-foam","8":"product_tag-foam-candy","9":"product_tag-popular","10":"product_tag-sweet","11":"product_tag-tea-sockerbitar","12":"product_tag-vanil","13":"product_tag-vanilja","14":"product_tag-vanilla","15":"product_tag-vanilla-candy","16":"product_tag-vanilla-foam","17":"flavor-foam","18":"allergens-gluten-free","20":"first","21":"outofstock","22":"taxable","23":"shipping-taxable","24":"purchasable","25":"product-type-simple"},"_links":{"self":[{"href":"https:\/\/godisfabricabusiness.com\/es\/wp-json\/wp\/v2\/product\/5494","targetHints":{"allow":["GET"]}}],"collection":[{"href":"https:\/\/godisfabricabusiness.com\/es\/wp-json\/wp\/v2\/product"}],"about":[{"href":"https:\/\/godisfabricabusiness.com\/es\/wp-json\/wp\/v2\/types\/product"}],"replies":[{"embeddable":true,"href":"https:\/\/godisfabricabusiness.com\/es\/wp-json\/wp\/v2\/comments?post=5494"}],"wp:featuredmedia":[{"embeddable":true,"href":"https:\/\/godisfabricabusiness.com\/es\/wp-json\/wp\/v2\/media\/6639"}],"wp:attachment":[{"href":"https:\/\/godisfabricabusiness.com\/es\/wp-json\/wp\/v2\/media?parent=5494"}],"wp:term":[{"taxonomy":"product_brand","embeddable":true,"href":"https:\/\/godisfabricabusiness.com\/es\/wp-json\/wp\/v2\/product_brand?post=5494"},{"taxonomy":"product_cat","embeddable":true,"href":"https:\/\/godisfabricabusiness.com\/es\/wp-json\/wp\/v2\/product_cat?post=5494"},{"taxonomy":"product_tag","embeddable":true,"href":"https:\/\/godisfabricabusiness.com\/es\/wp-json\/wp\/v2\/product_tag?post=5494"},{"taxonomy":"flavor","embeddable":true,"href":"https:\/\/godisfabricabusiness.com\/es\/wp-json\/wp\/v2\/flavor?post=5494"},{"taxonomy":"allergens","embeddable":true,"href":"https:\/\/godisfabricabusiness.com\/es\/wp-json\/wp\/v2\/allergens?post=5494"}],"curies":[{"name":"wp","href":"https:\/\/api.w.org\/{rel}","templated":true}]}}