{"id":5497,"date":"2024-03-17T20:32:32","date_gmt":"2024-03-17T19:32:32","guid":{"rendered":"https:\/\/godisfabricabusiness.com\/?post_type=product&#038;p=5497"},"modified":"2026-01-10T18:00:15","modified_gmt":"2026-01-10T17:00:15","slug":"soft-bite-strawberry","status":"publish","type":"product","link":"https:\/\/godisfabricabusiness.com\/es\/producto\/soft-bite-strawberry\/","title":{"rendered":"Bocado Suave de Fresa"},"content":{"rendered":"<p>Bocado Suave de Fresa \u2013 \u00a1Un dulce sabor a baya!<\/p>\n<p>Bocado Suave de Fresa \u2013 Suave, espumoso y lleno de un delicioso sabor a fresa cremosa, \u00a1los softies de fresa son el snack perfecto para alegrar el d\u00eda! Estas adorables golosinas masticables y espumosas, en tama\u00f1o bocado, son ideales para cualquier momento del d\u00eda, cualquier d\u00eda de la semana, porque seamos honestos, \u00a1nunca hay un mal momento para un toque de dulzura de fresa!<\/p>\n<p>Pon uno (\u00a1o cinco!) en tu boca y disfruta de la experiencia suave, masticable y totalmente irresistible.<\/p>","protected":false},"excerpt":{"rendered":"<p>6 unidades - 25g<\/p>","protected":false},"featured_media":6638,"comment_status":"open","ping_status":"closed","template":"","meta":[],"product_brand":[],"product_cat":[225],"product_tag":[443,738,615,630,750,503,522,792,552,604,789,659],"flavor":[410,411],"allergens":[428],"class_list":{"0":"post-5497","1":"product","2":"type-product","3":"status-publish","4":"has-post-thumbnail","6":"product_cat-bulk-candy-godis-fabrica","7":"product_tag-foam","8":"product_tag-foam-candy","9":"product_tag-fresa","10":"product_tag-jordgubb","11":"product_tag-mansikka","12":"product_tag-popular","13":"product_tag-strawberry","14":"product_tag-strawberry-foam","15":"product_tag-swedish-candy","16":"product_tag-sweet","17":"product_tag-tea-sockerbitar","18":"product_tag-wild-strawberry","19":"flavor-foam","20":"flavor-fruity","21":"allergens-gluten-free","23":"first","24":"outofstock","25":"taxable","26":"shipping-taxable","27":"purchasable","28":"product-type-simple"},"_links":{"self":[{"href":"https:\/\/godisfabricabusiness.com\/es\/wp-json\/wp\/v2\/product\/5497","targetHints":{"allow":["GET"]}}],"collection":[{"href":"https:\/\/godisfabricabusiness.com\/es\/wp-json\/wp\/v2\/product"}],"about":[{"href":"https:\/\/godisfabricabusiness.com\/es\/wp-json\/wp\/v2\/types\/product"}],"replies":[{"embeddable":true,"href":"https:\/\/godisfabricabusiness.com\/es\/wp-json\/wp\/v2\/comments?post=5497"}],"wp:featuredmedia":[{"embeddable":true,"href":"https:\/\/godisfabricabusiness.com\/es\/wp-json\/wp\/v2\/media\/6638"}],"wp:attachment":[{"href":"https:\/\/godisfabricabusiness.com\/es\/wp-json\/wp\/v2\/media?parent=5497"}],"wp:term":[{"taxonomy":"product_brand","embeddable":true,"href":"https:\/\/godisfabricabusiness.com\/es\/wp-json\/wp\/v2\/product_brand?post=5497"},{"taxonomy":"product_cat","embeddable":true,"href":"https:\/\/godisfabricabusiness.com\/es\/wp-json\/wp\/v2\/product_cat?post=5497"},{"taxonomy":"product_tag","embeddable":true,"href":"https:\/\/godisfabricabusiness.com\/es\/wp-json\/wp\/v2\/product_tag?post=5497"},{"taxonomy":"flavor","embeddable":true,"href":"https:\/\/godisfabricabusiness.com\/es\/wp-json\/wp\/v2\/flavor?post=5497"},{"taxonomy":"allergens","embeddable":true,"href":"https:\/\/godisfabricabusiness.com\/es\/wp-json\/wp\/v2\/allergens?post=5497"}],"curies":[{"name":"wp","href":"https:\/\/api.w.org\/{rel}","templated":true}]}}