{"id":5508,"date":"2024-03-18T14:33:28","date_gmt":"2024-03-18T13:33:28","guid":{"rendered":"https:\/\/godisfabricabusiness.com\/?post_type=product&#038;p=5508"},"modified":"2026-01-10T18:00:14","modified_gmt":"2026-01-10T17:00:14","slug":"chewy-fruit-rocks","status":"publish","type":"product","link":"https:\/\/godisfabricabusiness.com\/es\/producto\/chewy-fruit-rocks\/","title":{"rendered":"Piedras de Fruta"},"content":{"rendered":"<p>Piedras de Fruta son <span class=\"OYPEnA text-decoration-none text-strikethrough-none\">caramelos de fruta masticables, un poco \u00e1cidos, con una capa de az\u00facar dura. Son peque\u00f1os, pero \u00a1tan afrutados y deliciosos! Tambi\u00e9n vienen en colores adorables como amarillo, verde, naranja y rosa.<\/span><\/p>","protected":false},"excerpt":{"rendered":"<p>5 unidades \u2013 23g<\/p>","protected":false},"featured_media":6606,"comment_status":"open","ping_status":"closed","template":"","meta":[],"product_brand":[],"product_cat":[225],"product_tag":[810,509,508,540,507,813,809,811,812,814],"flavor":[411,415],"allergens":[],"class_list":{"0":"post-5508","1":"product","2":"type-product","3":"status-publish","4":"has-post-thumbnail","6":"product_cat-bulk-candy-godis-fabrica","7":"product_tag-castanjas","8":"product_tag-colourful","9":"product_tag-fruit","10":"product_tag-fruit-candy","11":"product_tag-fruity","12":"product_tag-fruity-candy","13":"product_tag-kastanja","14":"product_tag-kastanjer","15":"product_tag-kastanjer-frukt","16":"product_tag-small-balls","17":"flavor-fruity","18":"flavor-sour","20":"first","21":"outofstock","22":"taxable","23":"shipping-taxable","24":"purchasable","25":"product-type-simple"},"_links":{"self":[{"href":"https:\/\/godisfabricabusiness.com\/es\/wp-json\/wp\/v2\/product\/5508","targetHints":{"allow":["GET"]}}],"collection":[{"href":"https:\/\/godisfabricabusiness.com\/es\/wp-json\/wp\/v2\/product"}],"about":[{"href":"https:\/\/godisfabricabusiness.com\/es\/wp-json\/wp\/v2\/types\/product"}],"replies":[{"embeddable":true,"href":"https:\/\/godisfabricabusiness.com\/es\/wp-json\/wp\/v2\/comments?post=5508"}],"wp:featuredmedia":[{"embeddable":true,"href":"https:\/\/godisfabricabusiness.com\/es\/wp-json\/wp\/v2\/media\/6606"}],"wp:attachment":[{"href":"https:\/\/godisfabricabusiness.com\/es\/wp-json\/wp\/v2\/media?parent=5508"}],"wp:term":[{"taxonomy":"product_brand","embeddable":true,"href":"https:\/\/godisfabricabusiness.com\/es\/wp-json\/wp\/v2\/product_brand?post=5508"},{"taxonomy":"product_cat","embeddable":true,"href":"https:\/\/godisfabricabusiness.com\/es\/wp-json\/wp\/v2\/product_cat?post=5508"},{"taxonomy":"product_tag","embeddable":true,"href":"https:\/\/godisfabricabusiness.com\/es\/wp-json\/wp\/v2\/product_tag?post=5508"},{"taxonomy":"flavor","embeddable":true,"href":"https:\/\/godisfabricabusiness.com\/es\/wp-json\/wp\/v2\/flavor?post=5508"},{"taxonomy":"allergens","embeddable":true,"href":"https:\/\/godisfabricabusiness.com\/es\/wp-json\/wp\/v2\/allergens?post=5508"}],"curies":[{"name":"wp","href":"https:\/\/api.w.org\/{rel}","templated":true}]}}