{"id":5516,"date":"2024-03-18T16:20:29","date_gmt":"2024-03-18T15:20:29","guid":{"rendered":"https:\/\/godisfabricabusiness.com\/?post_type=product&#038;p=5516"},"modified":"2026-01-10T18:00:14","modified_gmt":"2026-01-10T17:00:14","slug":"watermelons-candy-sweet-godis-fabrica","status":"publish","type":"product","link":"https:\/\/godisfabricabusiness.com\/es\/producto\/watermelons-candy-sweet-godis-fabrica\/","title":{"rendered":"Sand\u00edas"},"content":{"rendered":"<p>Las Sand\u00edas son peque\u00f1os chuches suaves con una capa de az\u00facar ligeramente \u00e1cida. Saben a un fresco verano y a ese primer bocado dulce de una jugosa sand\u00eda.<\/p>","protected":false},"excerpt":{"rendered":"<p>6 unidades \u2013 24g<\/p>","protected":false},"featured_media":6542,"comment_status":"open","ping_status":"closed","template":"","meta":[],"product_brand":[],"product_cat":[225],"product_tag":[509,678,508,540,507,813,579,520,833,596,835,832,603,834],"flavor":[411,415],"allergens":[426,428],"class_list":{"0":"post-5516","1":"product","2":"type-product","3":"status-publish","4":"has-post-thumbnail","6":"product_cat-bulk-candy-godis-fabrica","7":"product_tag-colourful","8":"product_tag-fresh","9":"product_tag-fruit","10":"product_tag-fruit-candy","11":"product_tag-fruity","12":"product_tag-fruity-candy","13":"product_tag-malaco","14":"product_tag-melon","15":"product_tag-melon-candy","16":"product_tag-sugar-coating","17":"product_tag-summer","18":"product_tag-vattenmeloner","19":"product_tag-watermelon","20":"product_tag-watermelon-candy","21":"flavor-fruity","22":"flavor-sour","23":"allergens-gelatin-free","24":"allergens-gluten-free","26":"first","27":"outofstock","28":"taxable","29":"shipping-taxable","30":"purchasable","31":"product-type-simple"},"_links":{"self":[{"href":"https:\/\/godisfabricabusiness.com\/es\/wp-json\/wp\/v2\/product\/5516","targetHints":{"allow":["GET"]}}],"collection":[{"href":"https:\/\/godisfabricabusiness.com\/es\/wp-json\/wp\/v2\/product"}],"about":[{"href":"https:\/\/godisfabricabusiness.com\/es\/wp-json\/wp\/v2\/types\/product"}],"replies":[{"embeddable":true,"href":"https:\/\/godisfabricabusiness.com\/es\/wp-json\/wp\/v2\/comments?post=5516"}],"wp:featuredmedia":[{"embeddable":true,"href":"https:\/\/godisfabricabusiness.com\/es\/wp-json\/wp\/v2\/media\/6542"}],"wp:attachment":[{"href":"https:\/\/godisfabricabusiness.com\/es\/wp-json\/wp\/v2\/media?parent=5516"}],"wp:term":[{"taxonomy":"product_brand","embeddable":true,"href":"https:\/\/godisfabricabusiness.com\/es\/wp-json\/wp\/v2\/product_brand?post=5516"},{"taxonomy":"product_cat","embeddable":true,"href":"https:\/\/godisfabricabusiness.com\/es\/wp-json\/wp\/v2\/product_cat?post=5516"},{"taxonomy":"product_tag","embeddable":true,"href":"https:\/\/godisfabricabusiness.com\/es\/wp-json\/wp\/v2\/product_tag?post=5516"},{"taxonomy":"flavor","embeddable":true,"href":"https:\/\/godisfabricabusiness.com\/es\/wp-json\/wp\/v2\/flavor?post=5516"},{"taxonomy":"allergens","embeddable":true,"href":"https:\/\/godisfabricabusiness.com\/es\/wp-json\/wp\/v2\/allergens?post=5516"}],"curies":[{"name":"wp","href":"https:\/\/api.w.org\/{rel}","templated":true}]}}