{"id":5828,"date":"2024-03-24T19:44:59","date_gmt":"2024-03-24T18:44:59","guid":{"rendered":"https:\/\/godisfabricabusiness.com\/?post_type=product&#038;p=5828"},"modified":"2026-01-10T18:00:13","modified_gmt":"2026-01-10T17:00:13","slug":"center-chocolate-sea-salt-godis-fabrica","status":"publish","type":"product","link":"https:\/\/godisfabricabusiness.com\/es\/producto\/center-chocolate-sea-salt-godis-fabrica\/","title":{"rendered":"Center Chocolate de Sal Marina"},"content":{"rendered":"<p>Center Chocolate de Sal Marina es claramente el chocolate favorito de Suecia. El chocolate Center de Sal Marina tiene un relleno cremoso de toffee con sabor a caramelo y sal marina. Los Centers cl\u00e1sicos se introdujeron ya en 1941 y hoy son m\u00e1s populares que nunca. El panecillo es claramente el favorito y en Suecia se comen cada a\u00f1o cientos de millones de piezas. Center Sea Salt es el mismo chocolate familiar, pero con un agradable toque de sabor salado. Center se vende principalmente en Suecia, Noruega, Dinamarca y Finlandia.<\/p>","protected":false},"excerpt":{"rendered":"<p>5 unidades \u2013 31g<\/p>","protected":false},"featured_media":6553,"comment_status":"open","ping_status":"closed","template":"","meta":[],"product_brand":[],"product_cat":[243,225],"product_tag":[227,549,550,870,230,551,869,499,865,561,866,719,720,868,552,226,867],"flavor":[416,412,414],"allergens":[428],"class_list":{"0":"post-5828","1":"product","2":"type-product","3":"status-publish","4":"has-post-thumbnail","6":"product_cat-chocolates-godis-fabrica","7":"product_cat-bulk-candy-godis-fabrica","8":"product_tag-caramel","9":"product_tag-center","10":"product_tag-center-chocolate","11":"product_tag-center-sea-salt","12":"product_tag-chocolate","13":"product_tag-cloetta","14":"product_tag-merisuola","15":"product_tag-milk-chocolate","16":"product_tag-salt","17":"product_tag-salty","18":"product_tag-salty-chocolate","19":"product_tag-sea-salt","20":"product_tag-sea-salt-fudge","21":"product_tag-suola","22":"product_tag-swedish-candy","23":"product_tag-toffee","24":"product_tag-toffee-salt","25":"flavor-caramel-toffee","26":"flavor-chocolate","27":"flavor-salty","28":"allergens-gluten-free","30":"first","31":"outofstock","32":"taxable","33":"shipping-taxable","34":"purchasable","35":"product-type-simple"},"_links":{"self":[{"href":"https:\/\/godisfabricabusiness.com\/es\/wp-json\/wp\/v2\/product\/5828","targetHints":{"allow":["GET"]}}],"collection":[{"href":"https:\/\/godisfabricabusiness.com\/es\/wp-json\/wp\/v2\/product"}],"about":[{"href":"https:\/\/godisfabricabusiness.com\/es\/wp-json\/wp\/v2\/types\/product"}],"replies":[{"embeddable":true,"href":"https:\/\/godisfabricabusiness.com\/es\/wp-json\/wp\/v2\/comments?post=5828"}],"wp:featuredmedia":[{"embeddable":true,"href":"https:\/\/godisfabricabusiness.com\/es\/wp-json\/wp\/v2\/media\/6553"}],"wp:attachment":[{"href":"https:\/\/godisfabricabusiness.com\/es\/wp-json\/wp\/v2\/media?parent=5828"}],"wp:term":[{"taxonomy":"product_brand","embeddable":true,"href":"https:\/\/godisfabricabusiness.com\/es\/wp-json\/wp\/v2\/product_brand?post=5828"},{"taxonomy":"product_cat","embeddable":true,"href":"https:\/\/godisfabricabusiness.com\/es\/wp-json\/wp\/v2\/product_cat?post=5828"},{"taxonomy":"product_tag","embeddable":true,"href":"https:\/\/godisfabricabusiness.com\/es\/wp-json\/wp\/v2\/product_tag?post=5828"},{"taxonomy":"flavor","embeddable":true,"href":"https:\/\/godisfabricabusiness.com\/es\/wp-json\/wp\/v2\/flavor?post=5828"},{"taxonomy":"allergens","embeddable":true,"href":"https:\/\/godisfabricabusiness.com\/es\/wp-json\/wp\/v2\/allergens?post=5828"}],"curies":[{"name":"wp","href":"https:\/\/api.w.org\/{rel}","templated":true}]}}