{"id":5832,"date":"2024-03-24T20:30:56","date_gmt":"2024-03-24T19:30:56","guid":{"rendered":"https:\/\/godisfabricabusiness.com\/?post_type=product&#038;p=5832"},"modified":"2026-01-10T18:00:13","modified_gmt":"2026-01-10T17:00:13","slug":"creamy-toffee-mormor-lisas-godis-fabrica","status":"publish","type":"product","link":"https:\/\/godisfabricabusiness.com\/es\/producto\/creamy-toffee-mormor-lisas-godis-fabrica\/","title":{"rendered":"Cremoso Toffee"},"content":{"rendered":"<p>El Toffee Cremoso es un toffee suave y muy cremoso con un sabor a crema. Sabe exactamente como quieres que sepa un toffee. El toffee es un sabor cl\u00e1sico y favorito, y hay una raz\u00f3n para eso: cada bocado es un para\u00edso cremoso.<\/p>","protected":false},"excerpt":{"rendered":"<p>2 unidades - 25g<\/p>","protected":false},"featured_media":6027,"comment_status":"open","ping_status":"closed","template":"","meta":[],"product_brand":[],"product_cat":[225],"product_tag":[227,580,578,831,875,876,877,837,836,468,503,498,552,226],"flavor":[416,422],"allergens":[],"class_list":{"0":"post-5832","1":"product","2":"type-product","3":"status-publish","4":"has-post-thumbnail","6":"product_cat-bulk-candy-godis-fabrica","7":"product_tag-caramel","8":"product_tag-caramelo","9":"product_tag-creamy","10":"product_tag-famous","11":"product_tag-gammaldags-graddkola","12":"product_tag-graddkola","13":"product_tag-kinuski","14":"product_tag-lisas","15":"product_tag-mormor-lisas","16":"product_tag-original","17":"product_tag-popular","18":"product_tag-soft-toffee","19":"product_tag-swedish-candy","20":"product_tag-toffee","21":"flavor-caramel-toffee","22":"flavor-wrapped","24":"first","25":"outofstock","26":"taxable","27":"shipping-taxable","28":"purchasable","29":"product-type-simple"},"_links":{"self":[{"href":"https:\/\/godisfabricabusiness.com\/es\/wp-json\/wp\/v2\/product\/5832","targetHints":{"allow":["GET"]}}],"collection":[{"href":"https:\/\/godisfabricabusiness.com\/es\/wp-json\/wp\/v2\/product"}],"about":[{"href":"https:\/\/godisfabricabusiness.com\/es\/wp-json\/wp\/v2\/types\/product"}],"replies":[{"embeddable":true,"href":"https:\/\/godisfabricabusiness.com\/es\/wp-json\/wp\/v2\/comments?post=5832"}],"wp:featuredmedia":[{"embeddable":true,"href":"https:\/\/godisfabricabusiness.com\/es\/wp-json\/wp\/v2\/media\/6027"}],"wp:attachment":[{"href":"https:\/\/godisfabricabusiness.com\/es\/wp-json\/wp\/v2\/media?parent=5832"}],"wp:term":[{"taxonomy":"product_brand","embeddable":true,"href":"https:\/\/godisfabricabusiness.com\/es\/wp-json\/wp\/v2\/product_brand?post=5832"},{"taxonomy":"product_cat","embeddable":true,"href":"https:\/\/godisfabricabusiness.com\/es\/wp-json\/wp\/v2\/product_cat?post=5832"},{"taxonomy":"product_tag","embeddable":true,"href":"https:\/\/godisfabricabusiness.com\/es\/wp-json\/wp\/v2\/product_tag?post=5832"},{"taxonomy":"flavor","embeddable":true,"href":"https:\/\/godisfabricabusiness.com\/es\/wp-json\/wp\/v2\/flavor?post=5832"},{"taxonomy":"allergens","embeddable":true,"href":"https:\/\/godisfabricabusiness.com\/es\/wp-json\/wp\/v2\/allergens?post=5832"}],"curies":[{"name":"wp","href":"https:\/\/api.w.org\/{rel}","templated":true}]}}