{"id":5835,"date":"2024-03-24T20:47:42","date_gmt":"2024-03-24T19:47:42","guid":{"rendered":"https:\/\/godisfabricabusiness.com\/?post_type=product&#038;p=5835"},"modified":"2026-01-10T18:00:13","modified_gmt":"2026-01-10T17:00:13","slug":"creamy-liquorice-toffee-godis-fabrica","status":"publish","type":"product","link":"https:\/\/godisfabricabusiness.com\/es\/producto\/creamy-liquorice-toffee-godis-fabrica\/","title":{"rendered":"Cremoso Toffee de Regaliz"},"content":{"rendered":"<p>El Cremoso Toffee de Regaliz es un toffee muy cremoso y suave con un sabor a regaliz. Sabe exactamente como quieres que sepa un toffee con un toque extra de regaliz. El toffee de MorMor Lisas es un favorito cl\u00e1sico, y hay una raz\u00f3n para eso: cada bocado es un para\u00edso cremoso.<\/p>","protected":false},"excerpt":{"rendered":"<p>2 unidades - 25g<\/p>","protected":false},"featured_media":6007,"comment_status":"open","ping_status":"closed","template":"","meta":[],"product_brand":[],"product_cat":[225],"product_tag":[227,580,578,831,875,878,876,877,559,879,236,529,715,841,837,787,836,468,503,498,552,697,226],"flavor":[416,413,422],"allergens":[],"class_list":{"0":"post-5835","1":"product","2":"type-product","3":"status-publish","4":"has-post-thumbnail","6":"product_cat-bulk-candy-godis-fabrica","7":"product_tag-caramel","8":"product_tag-caramelo","9":"product_tag-creamy","10":"product_tag-famous","11":"product_tag-gammaldags-graddkola","12":"product_tag-gammeldags-lakritskola","13":"product_tag-graddkola","14":"product_tag-kinuski","15":"product_tag-lakritsi","16":"product_tag-lakritskola","17":"product_tag-licorice","18":"product_tag-liquorice","19":"product_tag-liquorice-fudge","20":"product_tag-liquorice-toffee","21":"product_tag-lisas","22":"product_tag-makea-lakritsi","23":"product_tag-mormor-lisas","24":"product_tag-original","25":"product_tag-popular","26":"product_tag-soft-toffee","27":"product_tag-swedish-candy","28":"product_tag-sweet-liquorice","29":"product_tag-toffee","30":"flavor-caramel-toffee","31":"flavor-liquorice","32":"flavor-wrapped","34":"first","35":"outofstock","36":"taxable","37":"shipping-taxable","38":"purchasable","39":"product-type-simple"},"_links":{"self":[{"href":"https:\/\/godisfabricabusiness.com\/es\/wp-json\/wp\/v2\/product\/5835","targetHints":{"allow":["GET"]}}],"collection":[{"href":"https:\/\/godisfabricabusiness.com\/es\/wp-json\/wp\/v2\/product"}],"about":[{"href":"https:\/\/godisfabricabusiness.com\/es\/wp-json\/wp\/v2\/types\/product"}],"replies":[{"embeddable":true,"href":"https:\/\/godisfabricabusiness.com\/es\/wp-json\/wp\/v2\/comments?post=5835"}],"wp:featuredmedia":[{"embeddable":true,"href":"https:\/\/godisfabricabusiness.com\/es\/wp-json\/wp\/v2\/media\/6007"}],"wp:attachment":[{"href":"https:\/\/godisfabricabusiness.com\/es\/wp-json\/wp\/v2\/media?parent=5835"}],"wp:term":[{"taxonomy":"product_brand","embeddable":true,"href":"https:\/\/godisfabricabusiness.com\/es\/wp-json\/wp\/v2\/product_brand?post=5835"},{"taxonomy":"product_cat","embeddable":true,"href":"https:\/\/godisfabricabusiness.com\/es\/wp-json\/wp\/v2\/product_cat?post=5835"},{"taxonomy":"product_tag","embeddable":true,"href":"https:\/\/godisfabricabusiness.com\/es\/wp-json\/wp\/v2\/product_tag?post=5835"},{"taxonomy":"flavor","embeddable":true,"href":"https:\/\/godisfabricabusiness.com\/es\/wp-json\/wp\/v2\/flavor?post=5835"},{"taxonomy":"allergens","embeddable":true,"href":"https:\/\/godisfabricabusiness.com\/es\/wp-json\/wp\/v2\/allergens?post=5835"}],"curies":[{"name":"wp","href":"https:\/\/api.w.org\/{rel}","templated":true}]}}