{"id":5970,"date":"2024-04-08T11:02:56","date_gmt":"2024-04-08T09:02:56","guid":{"rendered":"https:\/\/godisfabricabusiness.com\/?post_type=product&#038;p=5970"},"modified":"2026-01-10T18:00:13","modified_gmt":"2026-01-10T17:00:13","slug":"sour-strawberry-banana","status":"publish","type":"product","link":"https:\/\/godisfabricabusiness.com\/es\/producto\/sour-strawberry-banana\/","title":{"rendered":"Pl\u00e1tano de Fresa \u00c1cido"},"content":{"rendered":"<p id=\"tw-target-text\" class=\"tw-data-text tw-text-large tw-ta\" dir=\"ltr\" data-placeholder=\"Translation\" aria-label=\"Translated text\" data-ved=\"2ahUKEwjUwfXlmrKFAxXMdqQEHbNtCwMQ3ewLegQIBRAU\"><span class=\"Y2IQFc\" lang=\"en\">Pl\u00e1tano de Fresa \u00c1cido son los maravillosos pl\u00e1tanos espumosos con sabor a fresa y cubiertos de az\u00facar \u00e1cido. \u00a1Tienen el equilibrio perfecto entre lo agridulce! Un cl\u00e1sico.<\/span><\/p>","protected":false},"excerpt":{"rendered":"<p>3 unidades \u2013 23g<\/p>","protected":false},"featured_media":6490,"comment_status":"open","ping_status":"closed","template":"","meta":[],"product_brand":[],"product_cat":[225],"product_tag":[731,475,887,580,478,736,443,738,735,615,750,610,435,585,888,886,522,792,889],"flavor":[410,411,415],"allergens":[],"class_list":{"0":"post-5970","1":"product","2":"type-product","3":"status-publish","4":"has-post-thumbnail","6":"product_cat-bulk-candy-godis-fabrica","7":"product_tag-acido","8":"product_tag-banana","9":"product_tag-banana-shape","10":"product_tag-caramelo","11":"product_tag-classic","12":"product_tag-espuma","13":"product_tag-foam","14":"product_tag-foam-candy","15":"product_tag-foamy","16":"product_tag-fresa","17":"product_tag-mansikka","18":"product_tag-platano","19":"product_tag-sour","20":"product_tag-sour-candy","21":"product_tag-sour-strawberry","22":"product_tag-sour-strawberry-banana","23":"product_tag-strawberry","24":"product_tag-strawberry-foam","25":"product_tag-sur-jordgubbsbanan","26":"flavor-foam","27":"flavor-fruity","28":"flavor-sour","30":"first","31":"outofstock","32":"taxable","33":"shipping-taxable","34":"purchasable","35":"product-type-simple"},"_links":{"self":[{"href":"https:\/\/godisfabricabusiness.com\/es\/wp-json\/wp\/v2\/product\/5970","targetHints":{"allow":["GET"]}}],"collection":[{"href":"https:\/\/godisfabricabusiness.com\/es\/wp-json\/wp\/v2\/product"}],"about":[{"href":"https:\/\/godisfabricabusiness.com\/es\/wp-json\/wp\/v2\/types\/product"}],"replies":[{"embeddable":true,"href":"https:\/\/godisfabricabusiness.com\/es\/wp-json\/wp\/v2\/comments?post=5970"}],"wp:featuredmedia":[{"embeddable":true,"href":"https:\/\/godisfabricabusiness.com\/es\/wp-json\/wp\/v2\/media\/6490"}],"wp:attachment":[{"href":"https:\/\/godisfabricabusiness.com\/es\/wp-json\/wp\/v2\/media?parent=5970"}],"wp:term":[{"taxonomy":"product_brand","embeddable":true,"href":"https:\/\/godisfabricabusiness.com\/es\/wp-json\/wp\/v2\/product_brand?post=5970"},{"taxonomy":"product_cat","embeddable":true,"href":"https:\/\/godisfabricabusiness.com\/es\/wp-json\/wp\/v2\/product_cat?post=5970"},{"taxonomy":"product_tag","embeddable":true,"href":"https:\/\/godisfabricabusiness.com\/es\/wp-json\/wp\/v2\/product_tag?post=5970"},{"taxonomy":"flavor","embeddable":true,"href":"https:\/\/godisfabricabusiness.com\/es\/wp-json\/wp\/v2\/flavor?post=5970"},{"taxonomy":"allergens","embeddable":true,"href":"https:\/\/godisfabricabusiness.com\/es\/wp-json\/wp\/v2\/allergens?post=5970"}],"curies":[{"name":"wp","href":"https:\/\/api.w.org\/{rel}","templated":true}]}}