{"id":5975,"date":"2024-04-08T11:32:37","date_gmt":"2024-04-08T09:32:37","guid":{"rendered":"https:\/\/godisfabricabusiness.com\/?post_type=product&#038;p=5975"},"modified":"2026-01-10T18:00:13","modified_gmt":"2026-01-10T17:00:13","slug":"blueberry-brick","status":"publish","type":"product","link":"https:\/\/godisfabricabusiness.com\/es\/producto\/blueberry-brick\/","title":{"rendered":"Ladrillo de Ar\u00e1ndanos"},"content":{"rendered":"<p>Presentamos Ladrillo de Ar\u00e1ndanos (Blueberry Brick): un delicioso chuche recubierto de az\u00facar que explota con el irresistible sabor de jugosas ar\u00e1ndanos. Este inolvidable capricho transportar\u00e1 tus papilas gustativas a un mundo de dulzura y frutal felicidad. Disfruta de la sensaci\u00f3n irresistible del ar\u00e1ndano y experimenta el equilibrio perfecto entre la dulzura y el delicioso sabor a baya.<\/p>","protected":false},"excerpt":{"rendered":"<p>3 unidades - 28g<\/p>","protected":false},"featured_media":7187,"comment_status":"open","ping_status":"closed","template":"","meta":[],"product_brand":[],"product_cat":[225],"product_tag":[862,894,538,895,890,896,559,236,529,892,698,893],"flavor":[411],"allergens":[],"class_list":{"0":"post-5975","1":"product","2":"type-product","3":"status-publish","4":"has-post-thumbnail","6":"product_cat-bulk-candy-godis-fabrica","7":"product_tag-arando","8":"product_tag-blabar","9":"product_tag-blueberry","10":"product_tag-blueberry-candy","11":"product_tag-brick","12":"product_tag-bricks","13":"product_tag-lakritsi","14":"product_tag-licorice","15":"product_tag-liquorice","16":"product_tag-mustikka","17":"product_tag-regaliz-dulce","18":"product_tag-sockrad-tegelsten-blabar","19":"flavor-fruity","21":"first","22":"outofstock","23":"taxable","24":"shipping-taxable","25":"purchasable","26":"product-type-simple"},"_links":{"self":[{"href":"https:\/\/godisfabricabusiness.com\/es\/wp-json\/wp\/v2\/product\/5975","targetHints":{"allow":["GET"]}}],"collection":[{"href":"https:\/\/godisfabricabusiness.com\/es\/wp-json\/wp\/v2\/product"}],"about":[{"href":"https:\/\/godisfabricabusiness.com\/es\/wp-json\/wp\/v2\/types\/product"}],"replies":[{"embeddable":true,"href":"https:\/\/godisfabricabusiness.com\/es\/wp-json\/wp\/v2\/comments?post=5975"}],"wp:featuredmedia":[{"embeddable":true,"href":"https:\/\/godisfabricabusiness.com\/es\/wp-json\/wp\/v2\/media\/7187"}],"wp:attachment":[{"href":"https:\/\/godisfabricabusiness.com\/es\/wp-json\/wp\/v2\/media?parent=5975"}],"wp:term":[{"taxonomy":"product_brand","embeddable":true,"href":"https:\/\/godisfabricabusiness.com\/es\/wp-json\/wp\/v2\/product_brand?post=5975"},{"taxonomy":"product_cat","embeddable":true,"href":"https:\/\/godisfabricabusiness.com\/es\/wp-json\/wp\/v2\/product_cat?post=5975"},{"taxonomy":"product_tag","embeddable":true,"href":"https:\/\/godisfabricabusiness.com\/es\/wp-json\/wp\/v2\/product_tag?post=5975"},{"taxonomy":"flavor","embeddable":true,"href":"https:\/\/godisfabricabusiness.com\/es\/wp-json\/wp\/v2\/flavor?post=5975"},{"taxonomy":"allergens","embeddable":true,"href":"https:\/\/godisfabricabusiness.com\/es\/wp-json\/wp\/v2\/allergens?post=5975"}],"curies":[{"name":"wp","href":"https:\/\/api.w.org\/{rel}","templated":true}]}}