{"id":6002,"date":"2024-04-15T15:12:13","date_gmt":"2024-04-15T13:12:13","guid":{"rendered":"https:\/\/godisfabricabusiness.com\/?post_type=product&#038;p=6002"},"modified":"2026-01-10T18:00:42","modified_gmt":"2026-01-10T17:00:42","slug":"sorbies-fruit-liquorice-sour","status":"publish","type":"product","link":"https:\/\/godisfabricabusiness.com\/es\/producto\/sorbies-fruit-liquorice-sour\/","title":{"rendered":"Sorbies"},"content":{"rendered":"<p class=\"post-title\">Sorbies \u2013 Son chuches de regaliz y frutas \u00e1cidas. A principios de los 90, Bubs invent\u00f3 esta incre\u00edble combinaci\u00f3n de sabor entre frutas \u00e1cidas y regaliz. Seg\u00fan Bubs, estas chuches desaparecen r\u00e1pidamente en la boca; el t\u00e9rmino \"chuche de fruta \u00e1cida que se absorbe r\u00e1pidamente\" se redujo simplemente a \"Sorbies\". Han pasado m\u00e1s de 30 a\u00f1os y siguen siendo uno de los favoritos entre los golosinas de Bubs. En 2023, se renovaron y ahora forman parte de la gama vegana. \u00a1Un cl\u00e1sico que sigue encantando a todos!<\/p>","protected":false},"excerpt":{"rendered":"<p>5 unidades \u2013 28g<\/p>","protected":false},"featured_media":15747,"comment_status":"open","ping_status":"closed","template":"","meta":[],"product_brand":[],"product_cat":[290,225],"product_tag":[434,537,508,507,813,236,529,517,435,585,663,291,445,607,939,455],"flavor":[411,413,415],"allergens":[426,428,425],"class_list":{"0":"post-6002","1":"product","2":"type-product","3":"status-publish","4":"has-post-thumbnail","6":"product_cat-vegan-products-godis-fabrica","7":"product_cat-bulk-candy-godis-fabrica","8":"product_tag-bubs","9":"product_tag-chuches-veganas","10":"product_tag-fruit","11":"product_tag-fruity","12":"product_tag-fruity-candy","13":"product_tag-licorice","14":"product_tag-liquorice","15":"product_tag-salmiak","16":"product_tag-sour","17":"product_tag-sour-candy","18":"product_tag-vegaani","19":"product_tag-vegan","20":"product_tag-vegan-candy","21":"product_tag-vegano","22":"product_tag-vege","23":"product_tag-vegetarian","24":"flavor-fruity","25":"flavor-liquorice","26":"flavor-sour","27":"allergens-gelatin-free","28":"allergens-gluten-free","29":"allergens-vegan","31":"first","32":"outofstock","33":"taxable","34":"shipping-taxable","35":"purchasable","36":"product-type-simple"},"_links":{"self":[{"href":"https:\/\/godisfabricabusiness.com\/es\/wp-json\/wp\/v2\/product\/6002","targetHints":{"allow":["GET"]}}],"collection":[{"href":"https:\/\/godisfabricabusiness.com\/es\/wp-json\/wp\/v2\/product"}],"about":[{"href":"https:\/\/godisfabricabusiness.com\/es\/wp-json\/wp\/v2\/types\/product"}],"replies":[{"embeddable":true,"href":"https:\/\/godisfabricabusiness.com\/es\/wp-json\/wp\/v2\/comments?post=6002"}],"wp:featuredmedia":[{"embeddable":true,"href":"https:\/\/godisfabricabusiness.com\/es\/wp-json\/wp\/v2\/media\/15747"}],"wp:attachment":[{"href":"https:\/\/godisfabricabusiness.com\/es\/wp-json\/wp\/v2\/media?parent=6002"}],"wp:term":[{"taxonomy":"product_brand","embeddable":true,"href":"https:\/\/godisfabricabusiness.com\/es\/wp-json\/wp\/v2\/product_brand?post=6002"},{"taxonomy":"product_cat","embeddable":true,"href":"https:\/\/godisfabricabusiness.com\/es\/wp-json\/wp\/v2\/product_cat?post=6002"},{"taxonomy":"product_tag","embeddable":true,"href":"https:\/\/godisfabricabusiness.com\/es\/wp-json\/wp\/v2\/product_tag?post=6002"},{"taxonomy":"flavor","embeddable":true,"href":"https:\/\/godisfabricabusiness.com\/es\/wp-json\/wp\/v2\/flavor?post=6002"},{"taxonomy":"allergens","embeddable":true,"href":"https:\/\/godisfabricabusiness.com\/es\/wp-json\/wp\/v2\/allergens?post=6002"}],"curies":[{"name":"wp","href":"https:\/\/api.w.org\/{rel}","templated":true}]}}