{"id":6034,"date":"2024-04-20T13:52:16","date_gmt":"2024-04-20T11:52:16","guid":{"rendered":"https:\/\/godisfabricabusiness.com\/?post_type=product&#038;p=6034"},"modified":"2026-01-10T18:00:56","modified_gmt":"2026-01-10T17:00:56","slug":"salty-raspberry-liquorice-fruit-candy","status":"publish","type":"product","link":"https:\/\/godisfabricabusiness.com\/es\/producto\/salty-raspberry-liquorice-fruit-candy\/","title":{"rendered":"Frambuesa Salada"},"content":{"rendered":"<p>Frambuesa Salada es un caramelo duro con sabor a frambuesa y regaliz salado. \u00a1Qu\u00e9 deliciosa combinaci\u00f3n de sabores dulces y salados! Adem\u00e1s, tienen una apariencia muy linda que recuerda a las bayas.<\/p>","protected":false},"excerpt":{"rendered":"<p>8 unidades - 28g<\/p>","protected":false},"featured_media":6025,"comment_status":"open","ping_status":"closed","template":"","meta":[],"product_brand":[],"product_cat":[225],"product_tag":[631,729,946,559,236,529,728,446,842,561,699,568,947],"flavor":[411,1327,413,414],"allergens":[426,428],"class_list":{"0":"post-6034","1":"product","2":"type-product","3":"status-publish","4":"has-post-thumbnail","6":"product_cat-bulk-candy-godis-fabrica","7":"product_tag-frambuesa","8":"product_tag-hallon","9":"product_tag-hallonsalta","10":"product_tag-lakritsi","11":"product_tag-licorice","12":"product_tag-liquorice","13":"product_tag-patroner-lakrits-hallon","14":"product_tag-raspberry","15":"product_tag-raspberry-taste","16":"product_tag-salty","17":"product_tag-sweet-and-salty","18":"product_tag-vadelma","19":"product_tag-vattu","20":"flavor-fruity","21":"flavor-hard-candy","22":"flavor-liquorice","23":"flavor-salty","24":"allergens-gelatin-free","25":"allergens-gluten-free","27":"first","28":"outofstock","29":"taxable","30":"shipping-taxable","31":"purchasable","32":"product-type-simple"},"_links":{"self":[{"href":"https:\/\/godisfabricabusiness.com\/es\/wp-json\/wp\/v2\/product\/6034","targetHints":{"allow":["GET"]}}],"collection":[{"href":"https:\/\/godisfabricabusiness.com\/es\/wp-json\/wp\/v2\/product"}],"about":[{"href":"https:\/\/godisfabricabusiness.com\/es\/wp-json\/wp\/v2\/types\/product"}],"replies":[{"embeddable":true,"href":"https:\/\/godisfabricabusiness.com\/es\/wp-json\/wp\/v2\/comments?post=6034"}],"wp:featuredmedia":[{"embeddable":true,"href":"https:\/\/godisfabricabusiness.com\/es\/wp-json\/wp\/v2\/media\/6025"}],"wp:attachment":[{"href":"https:\/\/godisfabricabusiness.com\/es\/wp-json\/wp\/v2\/media?parent=6034"}],"wp:term":[{"taxonomy":"product_brand","embeddable":true,"href":"https:\/\/godisfabricabusiness.com\/es\/wp-json\/wp\/v2\/product_brand?post=6034"},{"taxonomy":"product_cat","embeddable":true,"href":"https:\/\/godisfabricabusiness.com\/es\/wp-json\/wp\/v2\/product_cat?post=6034"},{"taxonomy":"product_tag","embeddable":true,"href":"https:\/\/godisfabricabusiness.com\/es\/wp-json\/wp\/v2\/product_tag?post=6034"},{"taxonomy":"flavor","embeddable":true,"href":"https:\/\/godisfabricabusiness.com\/es\/wp-json\/wp\/v2\/flavor?post=6034"},{"taxonomy":"allergens","embeddable":true,"href":"https:\/\/godisfabricabusiness.com\/es\/wp-json\/wp\/v2\/allergens?post=6034"}],"curies":[{"name":"wp","href":"https:\/\/api.w.org\/{rel}","templated":true}]}}