{"id":6039,"date":"2024-04-20T14:56:17","date_gmt":"2024-04-20T12:56:17","guid":{"rendered":"https:\/\/godisfabricabusiness.com\/?post_type=product&#038;p=6039"},"modified":"2026-01-10T17:59:27","modified_gmt":"2026-01-10T16:59:27","slug":"hailstone-bananas","status":"publish","type":"product","link":"https:\/\/godisfabricabusiness.com\/es\/producto\/hailstone-bananas\/","title":{"rendered":"Pl\u00e1tanos Granizo"},"content":{"rendered":"<p>Los Pl\u00e1tanos Granizo no tienen tanto potasio como los pl\u00e1tanos reales, \u00a1pero son incre\u00edblemente buenos! Pl\u00e1tanos Brynild granizo con piel crujiente y interior suave. Producto que debes probar t\u00fa mismo ya que es dif\u00edcil describir la incre\u00edble textura de estos pl\u00e1tanos dulces. Un bocado y ser\u00e1s transportado a una isla tropical bajo la palma. Let\u2019s get BANANAS!!<\/p>","protected":false},"excerpt":{"rendered":"<p>5 unidades \u2013 21g<\/p>","protected":false},"featured_media":6020,"comment_status":"open","ping_status":"closed","template":"","meta":[],"product_brand":[],"product_cat":[225],"product_tag":[613,475,609,612,443,508,540,507,611,531,951,610,952,554],"flavor":[411],"allergens":[],"class_list":{"0":"post-6039","1":"product","2":"type-product","3":"status-publish","4":"has-post-thumbnail","6":"product_cat-bulk-candy-godis-fabrica","7":"product_tag-banaani","8":"product_tag-banana","9":"product_tag-bananas","10":"product_tag-bananass","11":"product_tag-foam","12":"product_tag-fruit","13":"product_tag-fruit-candy","14":"product_tag-fruity","15":"product_tag-frutas","16":"product_tag-funny","17":"product_tag-hailstone","18":"product_tag-platano","19":"product_tag-rae-banaani","20":"product_tag-yellow","21":"flavor-fruity","23":"first","24":"outofstock","25":"taxable","26":"shipping-taxable","27":"purchasable","28":"product-type-simple"},"_links":{"self":[{"href":"https:\/\/godisfabricabusiness.com\/es\/wp-json\/wp\/v2\/product\/6039","targetHints":{"allow":["GET"]}}],"collection":[{"href":"https:\/\/godisfabricabusiness.com\/es\/wp-json\/wp\/v2\/product"}],"about":[{"href":"https:\/\/godisfabricabusiness.com\/es\/wp-json\/wp\/v2\/types\/product"}],"replies":[{"embeddable":true,"href":"https:\/\/godisfabricabusiness.com\/es\/wp-json\/wp\/v2\/comments?post=6039"}],"wp:featuredmedia":[{"embeddable":true,"href":"https:\/\/godisfabricabusiness.com\/es\/wp-json\/wp\/v2\/media\/6020"}],"wp:attachment":[{"href":"https:\/\/godisfabricabusiness.com\/es\/wp-json\/wp\/v2\/media?parent=6039"}],"wp:term":[{"taxonomy":"product_brand","embeddable":true,"href":"https:\/\/godisfabricabusiness.com\/es\/wp-json\/wp\/v2\/product_brand?post=6039"},{"taxonomy":"product_cat","embeddable":true,"href":"https:\/\/godisfabricabusiness.com\/es\/wp-json\/wp\/v2\/product_cat?post=6039"},{"taxonomy":"product_tag","embeddable":true,"href":"https:\/\/godisfabricabusiness.com\/es\/wp-json\/wp\/v2\/product_tag?post=6039"},{"taxonomy":"flavor","embeddable":true,"href":"https:\/\/godisfabricabusiness.com\/es\/wp-json\/wp\/v2\/flavor?post=6039"},{"taxonomy":"allergens","embeddable":true,"href":"https:\/\/godisfabricabusiness.com\/es\/wp-json\/wp\/v2\/allergens?post=6039"}],"curies":[{"name":"wp","href":"https:\/\/api.w.org\/{rel}","templated":true}]}}