{"id":6042,"date":"2024-04-20T15:25:36","date_gmt":"2024-04-20T13:25:36","guid":{"rendered":"https:\/\/godisfabricabusiness.com\/?post_type=product&#038;p=6042"},"modified":"2026-01-10T17:59:26","modified_gmt":"2026-01-10T16:59:26","slug":"super-tag-sour","status":"publish","type":"product","link":"https:\/\/godisfabricabusiness.com\/es\/producto\/super-tag-sour\/","title":{"rendered":"Chapa Super \u00c1cida"},"content":{"rendered":"<p data-start=\"109\" data-end=\"170\">Chapa Super \u00c1cida (S-M\u00e4rke) \u2013 \u00a1Un apocalipsis \u00e1cido en cada bocado!<\/p>\n<p data-start=\"172\" data-end=\"432\">\u00a1Prep\u00e1rate las papilas gustativas, porque las chuches Chapa Super \u00c1cida no son solo \u00e1cidos\u2026 son \u201c\u00bfc\u00f3mo se me ha doblado as\u00ed la cara?\u201d de \u00e1cidos! Estas bombas de sabor afrutado vienen en cuatro colores vibrantes que te dan un dulce hola\u2026 seguido de una bofetada \u00e1cida directa al alma.<\/p>\n<p data-start=\"434\" data-end=\"654\">Cada pieza lleva orgullosamente grabada una \u201cS\u201d, que obviamente significa S\u00faper \u00c1cido, S\u00faper Dulce y Socorro-esto-est\u00e1-demasiado-bueno. Chapa Super \u00c1cida es la versi\u00f3n comestible de una monta\u00f1a rusa: emocionante, aterradora y absolutamente adictiva.<\/p>\n<p data-start=\"656\" data-end=\"945\">Creado por los fan\u00e1ticos del sabor de Candy People en Sk\u00e5ne, Suecia (fundada en 1982, tambi\u00e9n conocida como la edad de oro de las chuches), este dulce es la prueba de que los suecos no se andan con tonter\u00edas cuando se trata de az\u00facar. Perfecto para quienes disfrutan de un buen reto \u00e1cido.<\/p>","protected":false},"excerpt":{"rendered":"<p>4 unidades \u2013 23g<\/p>","protected":false},"featured_media":18310,"comment_status":"open","ping_status":"closed","template":"","meta":[],"product_brand":[],"product_cat":[225],"product_tag":[731,508,540,507,924,587,925,956,435,585,926,955,447,1505,552],"flavor":[411,419,415],"allergens":[],"class_list":{"0":"post-6042","1":"product","2":"type-product","3":"status-publish","4":"has-post-thumbnail","6":"product_cat-bulk-candy-godis-fabrica","7":"product_tag-acido","8":"product_tag-fruit","9":"product_tag-fruit-candy","10":"product_tag-fruity","11":"product_tag-hard-candy","12":"product_tag-kirpea","13":"product_tag-muy-acido","14":"product_tag-s-marke","15":"product_tag-sour","16":"product_tag-sour-candy","17":"product_tag-sour-fruit-candy","18":"product_tag-super","19":"product_tag-super-sour","20":"product_tag-super-tag-sour","21":"product_tag-swedish-candy","22":"flavor-fruity","23":"flavor-palm-oil-free","24":"flavor-sour","26":"first","27":"outofstock","28":"taxable","29":"shipping-taxable","30":"purchasable","31":"product-type-simple"},"_links":{"self":[{"href":"https:\/\/godisfabricabusiness.com\/es\/wp-json\/wp\/v2\/product\/6042","targetHints":{"allow":["GET"]}}],"collection":[{"href":"https:\/\/godisfabricabusiness.com\/es\/wp-json\/wp\/v2\/product"}],"about":[{"href":"https:\/\/godisfabricabusiness.com\/es\/wp-json\/wp\/v2\/types\/product"}],"replies":[{"embeddable":true,"href":"https:\/\/godisfabricabusiness.com\/es\/wp-json\/wp\/v2\/comments?post=6042"}],"wp:featuredmedia":[{"embeddable":true,"href":"https:\/\/godisfabricabusiness.com\/es\/wp-json\/wp\/v2\/media\/18310"}],"wp:attachment":[{"href":"https:\/\/godisfabricabusiness.com\/es\/wp-json\/wp\/v2\/media?parent=6042"}],"wp:term":[{"taxonomy":"product_brand","embeddable":true,"href":"https:\/\/godisfabricabusiness.com\/es\/wp-json\/wp\/v2\/product_brand?post=6042"},{"taxonomy":"product_cat","embeddable":true,"href":"https:\/\/godisfabricabusiness.com\/es\/wp-json\/wp\/v2\/product_cat?post=6042"},{"taxonomy":"product_tag","embeddable":true,"href":"https:\/\/godisfabricabusiness.com\/es\/wp-json\/wp\/v2\/product_tag?post=6042"},{"taxonomy":"flavor","embeddable":true,"href":"https:\/\/godisfabricabusiness.com\/es\/wp-json\/wp\/v2\/flavor?post=6042"},{"taxonomy":"allergens","embeddable":true,"href":"https:\/\/godisfabricabusiness.com\/es\/wp-json\/wp\/v2\/allergens?post=6042"}],"curies":[{"name":"wp","href":"https:\/\/api.w.org\/{rel}","templated":true}]}}