{"id":6043,"date":"2024-04-20T15:39:24","date_gmt":"2024-04-20T13:39:24","guid":{"rendered":"https:\/\/godisfabricabusiness.com\/?post_type=product&#038;p=6043"},"modified":"2026-01-10T17:59:26","modified_gmt":"2026-01-10T16:59:26","slug":"super-tag-salty","status":"publish","type":"product","link":"https:\/\/godisfabricabusiness.com\/es\/producto\/super-tag-salty\/","title":{"rendered":"Chapa Super Salada"},"content":{"rendered":"<p data-start=\"105\" data-end=\"166\">Chapa Super Salada (S-M\u00e4rke) \u2013 Salada, Sorprendente y S\u00faper adictiva.<\/p>\n<p data-start=\"168\" data-end=\"403\">Vestidos de un misterioso color negro medianoche, estos rebeldes salados llegan para sacudir tus papilas gustativas. Marcados con una \u201cS\u201d de Salado, Sorprendente y S\u00faper adictivo, ofrecen un sabor n\u00f3rdico intenso que no es para los golosos casuales. Estas peque\u00f1as etiquetas de locura n\u00f3rdica sirven una salinidad ex\u00f3tica que no es apta para bocas t\u00edmidas.<\/p>\n<p data-start=\"405\" data-end=\"597\">Hechos por Candy People de Suecia (fundada en 1982), creen que \u201cprobar es creer\u201d \u2014 y tras un solo bocado, creer\u00e1s en la magia de los caramelos salados. Perfectos para amantes del regaliz y atrevidos del sabor por igual. Ideales para aventureros, fans del regaliz y cualquiera que piense que los caramelos normales son cosa de aficionados. Pueden provocar confusi\u00f3n, antojos y un intenso despertar de sabor.<\/p>","protected":false},"excerpt":{"rendered":"<p>4 unidades \u2013 23g<\/p>","protected":false},"featured_media":6394,"comment_status":"open","ping_status":"closed","template":"","meta":[],"product_brand":[],"product_cat":[225],"product_tag":[236,529,958,956,561,923,957,955,922,552,618],"flavor":[413,414],"allergens":[],"class_list":{"0":"post-6043","1":"product","2":"type-product","3":"status-publish","4":"has-post-thumbnail","6":"product_cat-bulk-candy-godis-fabrica","7":"product_tag-licorice","8":"product_tag-liquorice","9":"product_tag-s-mark","10":"product_tag-s-marke","11":"product_tag-salty","12":"product_tag-salty-liquorice","13":"product_tag-salty-salmiak","14":"product_tag-super","15":"product_tag-super-salty","16":"product_tag-swedish-candy","17":"product_tag-very-salty","18":"flavor-liquorice","19":"flavor-salty","21":"first","22":"outofstock","23":"taxable","24":"shipping-taxable","25":"purchasable","26":"product-type-simple"},"_links":{"self":[{"href":"https:\/\/godisfabricabusiness.com\/es\/wp-json\/wp\/v2\/product\/6043","targetHints":{"allow":["GET"]}}],"collection":[{"href":"https:\/\/godisfabricabusiness.com\/es\/wp-json\/wp\/v2\/product"}],"about":[{"href":"https:\/\/godisfabricabusiness.com\/es\/wp-json\/wp\/v2\/types\/product"}],"replies":[{"embeddable":true,"href":"https:\/\/godisfabricabusiness.com\/es\/wp-json\/wp\/v2\/comments?post=6043"}],"wp:featuredmedia":[{"embeddable":true,"href":"https:\/\/godisfabricabusiness.com\/es\/wp-json\/wp\/v2\/media\/6394"}],"wp:attachment":[{"href":"https:\/\/godisfabricabusiness.com\/es\/wp-json\/wp\/v2\/media?parent=6043"}],"wp:term":[{"taxonomy":"product_brand","embeddable":true,"href":"https:\/\/godisfabricabusiness.com\/es\/wp-json\/wp\/v2\/product_brand?post=6043"},{"taxonomy":"product_cat","embeddable":true,"href":"https:\/\/godisfabricabusiness.com\/es\/wp-json\/wp\/v2\/product_cat?post=6043"},{"taxonomy":"product_tag","embeddable":true,"href":"https:\/\/godisfabricabusiness.com\/es\/wp-json\/wp\/v2\/product_tag?post=6043"},{"taxonomy":"flavor","embeddable":true,"href":"https:\/\/godisfabricabusiness.com\/es\/wp-json\/wp\/v2\/flavor?post=6043"},{"taxonomy":"allergens","embeddable":true,"href":"https:\/\/godisfabricabusiness.com\/es\/wp-json\/wp\/v2\/allergens?post=6043"}],"curies":[{"name":"wp","href":"https:\/\/api.w.org\/{rel}","templated":true}]}}