{"id":6057,"date":"2024-04-20T23:28:39","date_gmt":"2024-04-20T21:28:39","guid":{"rendered":"https:\/\/godisfabricabusiness.com\/?post_type=product&#038;p=6057"},"modified":"2026-01-10T17:59:26","modified_gmt":"2026-01-10T16:59:26","slug":"sandwich","status":"publish","type":"product","link":"https:\/\/godisfabricabusiness.com\/es\/producto\/sandwich\/","title":{"rendered":"S\u00e1ndwich"},"content":{"rendered":"<p><strong>S\u00e1ndwich \u2013 \u00a1El primo chiquito y azucarado del helado!<\/strong><\/p>\n<p>Imagina que tu helado favorito pas\u00f3 por un rayo encogedor y luego decidi\u00f3 hacerse un cambio de look bien dulce. \u00a1Voil\u00e0! As\u00ed naci\u00f3 esta peque\u00f1a caramelo. Es como si tu postre se cansara de vivir en el congelador y dijera: \u201c\u00a1Me voy de paseo!\u201d<\/p>\n<p>Estas maravillas del tama\u00f1o de un bocado parecen el resultado de una noche loca entre un s\u00e1ndwich de helado y una barra de caramelo en una f\u00e1brica de dulces. Cada una est\u00e1 rellena con una deliciosa crema sabor vainilla, aplastada entre dos galletas de chocolate \u2013 este dulce es tan gracioso como delicioso.<\/p>\n<p>Perfecto para ataques de antojo, escondites secretos en el caj\u00f3n de la oficina o para sobornarte a ti mismo a hacer la colada. El helado desear\u00eda ser as\u00ed de port\u00e1til (y no derretirse en el bolsillo). Advertencia: Puede causar felicidad extrema, risitas espont\u00e1neas y antojo inmediato de comerse otros 17.<\/p>","protected":false},"excerpt":{"rendered":"<p>2 unidades - 30g<\/p>","protected":false},"featured_media":6046,"comment_status":"open","ping_status":"closed","template":"","meta":[],"product_brand":[],"product_cat":[225],"product_tag":[601,230,744,651,478,736,756,735,960,962,961,745,959,570],"flavor":[412,422],"allergens":[],"class_list":{"0":"post-6057","1":"product","2":"type-product","3":"status-publish","4":"has-post-thumbnail","6":"product_cat-bulk-candy-godis-fabrica","7":"product_tag-candy-people","8":"product_tag-chocolate","9":"product_tag-chocolate-candy","10":"product_tag-chocolate-cover","11":"product_tag-classic","12":"product_tag-espuma","13":"product_tag-foam-chocolate","14":"product_tag-foamy","15":"product_tag-helado","16":"product_tag-ice-cream-candy","17":"product_tag-jaatelo","18":"product_tag-pehmea","19":"product_tag-sandwich","20":"product_tag-suklaa","21":"flavor-chocolate","22":"flavor-wrapped","24":"first","25":"outofstock","26":"taxable","27":"shipping-taxable","28":"purchasable","29":"product-type-simple"},"_links":{"self":[{"href":"https:\/\/godisfabricabusiness.com\/es\/wp-json\/wp\/v2\/product\/6057","targetHints":{"allow":["GET"]}}],"collection":[{"href":"https:\/\/godisfabricabusiness.com\/es\/wp-json\/wp\/v2\/product"}],"about":[{"href":"https:\/\/godisfabricabusiness.com\/es\/wp-json\/wp\/v2\/types\/product"}],"replies":[{"embeddable":true,"href":"https:\/\/godisfabricabusiness.com\/es\/wp-json\/wp\/v2\/comments?post=6057"}],"wp:featuredmedia":[{"embeddable":true,"href":"https:\/\/godisfabricabusiness.com\/es\/wp-json\/wp\/v2\/media\/6046"}],"wp:attachment":[{"href":"https:\/\/godisfabricabusiness.com\/es\/wp-json\/wp\/v2\/media?parent=6057"}],"wp:term":[{"taxonomy":"product_brand","embeddable":true,"href":"https:\/\/godisfabricabusiness.com\/es\/wp-json\/wp\/v2\/product_brand?post=6057"},{"taxonomy":"product_cat","embeddable":true,"href":"https:\/\/godisfabricabusiness.com\/es\/wp-json\/wp\/v2\/product_cat?post=6057"},{"taxonomy":"product_tag","embeddable":true,"href":"https:\/\/godisfabricabusiness.com\/es\/wp-json\/wp\/v2\/product_tag?post=6057"},{"taxonomy":"flavor","embeddable":true,"href":"https:\/\/godisfabricabusiness.com\/es\/wp-json\/wp\/v2\/flavor?post=6057"},{"taxonomy":"allergens","embeddable":true,"href":"https:\/\/godisfabricabusiness.com\/es\/wp-json\/wp\/v2\/allergens?post=6057"}],"curies":[{"name":"wp","href":"https:\/\/api.w.org\/{rel}","templated":true}]}}