{"id":6058,"date":"2024-04-20T23:47:26","date_gmt":"2024-04-20T21:47:26","guid":{"rendered":"https:\/\/godisfabricabusiness.com\/?post_type=product&#038;p=6058"},"modified":"2026-01-10T17:59:26","modified_gmt":"2026-01-10T16:59:26","slug":"polka-candy","status":"publish","type":"product","link":"https:\/\/godisfabricabusiness.com\/es\/producto\/polka-candy\/","title":{"rendered":"Polka"},"content":{"rendered":"<p data-start=\"81\" data-end=\"125\">Chuches Polka  \u2013 \u00a1Dulces iconos de la alegr\u00eda!<\/p>\n<p data-start=\"127\" data-end=\"368\">Las conoces. Las adoras. Son rojas, son blancas, son mentoladas, \u00a1y son poderosas! Es Chuches Polka, el torbellino de menta que marc\u00f3 tu infancia. Duras como una roca, dulces como tu amor plat\u00f3nico de 1\u00ba de la ESO, y siempre vestidas para impresionar con sus rayas rojas y blancas. Las Polka no son solo unas chuches, son un estilo de vida. Y en Godis Fabrica, nos las tomamos muy en serio. Tan en serio como para ponerlas en nuestro logo. Porque no solo saben incre\u00edble\u2026 son nuestra est\u00e9tica.<\/p>\n<p data-start=\"704\" data-end=\"909\">\u00bfTe sientes un poco picante? Nah, lo que sientes es ese frescor mentolado. As\u00ed que da una vuelta por nuestra web y sum\u00e9rgete en un mundo de sabor intenso a menta y una fabulosa explosi\u00f3n rojo-blanca. Polka no es solo una chuche. Es una actitud. Godis Fabrica: con el poder del Polka. Aprobadas por abuelas y fans de las chuches en todo el mundo.<\/p>","protected":false},"excerpt":{"rendered":"<p>8 unidades - 28g<\/p>","protected":false},"featured_media":17630,"comment_status":"open","ping_status":"closed","template":"","meta":[],"product_brand":[],"product_cat":[225],"product_tag":[465,1144,1145,1147,1519,725,689,460,723,722,1146,468,1374,464,963,964,965,584,552,487],"flavor":[411,1327,420],"allergens":[426],"class_list":{"0":"post-6058","1":"product","2":"type-product","3":"status-publish","4":"has-post-thumbnail","6":"product_cat-bulk-candy-godis-fabrica","7":"product_tag-bulk-candy","8":"product_tag-christmas","9":"product_tag-christmas-candy","10":"product_tag-chuches-de-navidad","11":"product_tag-grenna","12":"product_tag-karkki","13":"product_tag-menta","14":"product_tag-mint","15":"product_tag-mint-cover","16":"product_tag-minty","17":"product_tag-navidad","18":"product_tag-original","19":"product_tag-peppermint","20":"product_tag-pickmix","21":"product_tag-polka","22":"product_tag-polka-candy","23":"product_tag-polka-chuches","24":"product_tag-red","25":"product_tag-swedish-candy","26":"product_tag-white","27":"flavor-fruity","28":"flavor-hard-candy","29":"flavor-mint","30":"allergens-gelatin-free","32":"first","33":"outofstock","34":"taxable","35":"shipping-taxable","36":"purchasable","37":"product-type-simple"},"_links":{"self":[{"href":"https:\/\/godisfabricabusiness.com\/es\/wp-json\/wp\/v2\/product\/6058","targetHints":{"allow":["GET"]}}],"collection":[{"href":"https:\/\/godisfabricabusiness.com\/es\/wp-json\/wp\/v2\/product"}],"about":[{"href":"https:\/\/godisfabricabusiness.com\/es\/wp-json\/wp\/v2\/types\/product"}],"replies":[{"embeddable":true,"href":"https:\/\/godisfabricabusiness.com\/es\/wp-json\/wp\/v2\/comments?post=6058"}],"wp:featuredmedia":[{"embeddable":true,"href":"https:\/\/godisfabricabusiness.com\/es\/wp-json\/wp\/v2\/media\/17630"}],"wp:attachment":[{"href":"https:\/\/godisfabricabusiness.com\/es\/wp-json\/wp\/v2\/media?parent=6058"}],"wp:term":[{"taxonomy":"product_brand","embeddable":true,"href":"https:\/\/godisfabricabusiness.com\/es\/wp-json\/wp\/v2\/product_brand?post=6058"},{"taxonomy":"product_cat","embeddable":true,"href":"https:\/\/godisfabricabusiness.com\/es\/wp-json\/wp\/v2\/product_cat?post=6058"},{"taxonomy":"product_tag","embeddable":true,"href":"https:\/\/godisfabricabusiness.com\/es\/wp-json\/wp\/v2\/product_tag?post=6058"},{"taxonomy":"flavor","embeddable":true,"href":"https:\/\/godisfabricabusiness.com\/es\/wp-json\/wp\/v2\/flavor?post=6058"},{"taxonomy":"allergens","embeddable":true,"href":"https:\/\/godisfabricabusiness.com\/es\/wp-json\/wp\/v2\/allergens?post=6058"}],"curies":[{"name":"wp","href":"https:\/\/api.w.org\/{rel}","templated":true}]}}